{"id":3183,"date":"2021-05-06T09:03:14","date_gmt":"2021-05-06T13:03:14","guid":{"rendered":"https:\/\/goodysballhockey.com\/?page_id=3183"},"modified":"2025-07-27T15:03:54","modified_gmt":"2025-07-27T19:03:54","slug":"calendrier-u9","status":"publish","type":"page","link":"https:\/\/goodysballhockey.com\/fr\/calendrier-2\/calendrier-u9\/","title":{"rendered":"HORAIRE 2025 &#8211; M9 (2017-2016)"},"content":{"rendered":"<p><span style=\"font-family: verdana, geneva, sans-serif\"><strong>HORAIRE &#8211; 2025<\/strong> <\/span><\/p>\n<p><img loading=\"lazy\" decoding=\"async\" class=\"alignnone  wp-image-17262\" src=\"http:\/\/goodysballhockey.com\/wp-content\/uploads\/sites\/447\/2025\/07\/U9-FR.png\" alt=\"\" width=\"830\" height=\"1190\" srcset=\"https:\/\/goodysballhockey.com\/wp-content\/uploads\/sites\/447\/2025\/07\/U9-FR.png 502w, https:\/\/goodysballhockey.com\/wp-content\/uploads\/sites\/447\/2025\/07\/U9-FR-209x300.png 209w\" sizes=\"(max-width: 830px) 100vw, 830px\" \/><\/p>\n<p><span style=\"font-family: verdana, geneva, sans-serif\"><strong>LIEU\u00a0<\/strong>&#8211; Ar\u00e9na Centre Arthur-J.-LeBlanc (surface olympique), 432 chemin Melanson, Dieppe, N.-B. E1A 1A6<\/span><\/p>\n<p><span style=\"font-family: verdana, geneva, sans-serif\"><strong>TOURNOI<\/strong> &#8211; Plus d&rsquo;information sur le tournoi de la fin d&rsquo;ann\u00e9e \u00e0 venir.<\/span><\/p>\n<p><span style=\"font-family: verdana, geneva, sans-serif\"><strong>\u00c0 NOTER<\/strong> &#8211; Les dates et les heures peuvent changer, veuillez consulter le site web r\u00e9guli\u00e8rement. Nous aviserons \u00e9galement les participants par courriel s\u2019il y a un changement d\u2019horaire.\u00a0<\/span><\/p>\n","protected":false},"excerpt":{"rendered":"<p>HORAIRE &#8211; 2025 LIEU\u00a0&#8211; Ar\u00e9na Centre Arthur-J.-LeBlanc (surface olympique), 432 chemin Melanson, Dieppe, N.-B. E1A 1A6 TOURNOI &#8211; Plus d&rsquo;information sur le tournoi de la fin d&rsquo;ann\u00e9e \u00e0 venir. \u00c0 NOTER &#8211; Les dates et les heures peuvent changer, veuillez consulter le site web r\u00e9guli\u00e8rement. Nous aviserons \u00e9galement les participants par courriel s\u2019il y a [&hellip;]<\/p>\n","protected":false},"author":380,"featured_media":0,"parent":3219,"menu_order":3,"comment_status":"closed","ping_status":"closed","template":"","meta":{"_acf_changed":false,"footnotes":""},"class_list":["post-3183","page","type-page","status-publish","hentry"],"acf":[],"yoast_head":"<!-- This site is optimized with the Yoast SEO plugin v25.7 - https:\/\/yoast.com\/wordpress\/plugins\/seo\/ -->\n<title>HORAIRE 2025 - M9 (2017-2016) - Goody&#039;s Ball Hockey<\/title>\n<meta name=\"robots\" content=\"index, follow, max-snippet:-1, max-image-preview:large, max-video-preview:-1\" \/>\n<link rel=\"canonical\" href=\"https:\/\/goodysballhockey.com\/calendrier-2\/calendrier-u9\/\" \/>\n<meta property=\"og:locale\" content=\"fr_FR\" \/>\n<meta property=\"og:type\" content=\"article\" \/>\n<meta property=\"og:title\" content=\"HORAIRE 2025 - M9 (2017-2016) - Goody&#039;s Ball Hockey\" \/>\n<meta property=\"og:description\" content=\"HORAIRE &#8211; 2025 LIEU\u00a0&#8211; Ar\u00e9na Centre Arthur-J.-LeBlanc (surface olympique), 432 chemin Melanson, Dieppe, N.-B. E1A 1A6 TOURNOI &#8211; Plus d&rsquo;information sur le tournoi de la fin d&rsquo;ann\u00e9e \u00e0 venir. \u00c0 NOTER &#8211; Les dates et les heures peuvent changer, veuillez consulter le site web r\u00e9guli\u00e8rement. Nous aviserons \u00e9galement les participants par courriel s\u2019il y a [&hellip;]\" \/>\n<meta property=\"og:url\" content=\"https:\/\/goodysballhockey.com\/calendrier-2\/calendrier-u9\/\" \/>\n<meta property=\"og:site_name\" content=\"Goody&#039;s Ball Hockey\" \/>\n<meta property=\"article:modified_time\" content=\"2025-07-27T19:03:54+00:00\" \/>\n<meta property=\"og:image\" content=\"http:\/\/goodysballhockey.com\/wp-content\/uploads\/sites\/447\/2025\/07\/U9-FR.png\" \/>\n<meta name=\"twitter:card\" content=\"summary_large_image\" \/>\n<meta name=\"twitter:label1\" content=\"Dur\u00e9e de lecture estim\u00e9e\" \/>\n\t<meta name=\"twitter:data1\" content=\"1 minute\" \/>\n<script type=\"application\/ld+json\" class=\"yoast-schema-graph\">{\"@context\":\"https:\/\/schema.org\",\"@graph\":[{\"@type\":\"WebPage\",\"@id\":\"https:\/\/goodysballhockey.com\/calendrier-2\/calendrier-u9\/\",\"url\":\"https:\/\/goodysballhockey.com\/calendrier-2\/calendrier-u9\/\",\"name\":\"HORAIRE 2025 - M9 (2017-2016) - Goody's Ball Hockey\",\"isPartOf\":{\"@id\":\"https:\/\/goodysballhockey.com\/#website\"},\"primaryImageOfPage\":{\"@id\":\"https:\/\/goodysballhockey.com\/calendrier-2\/calendrier-u9\/#primaryimage\"},\"image\":{\"@id\":\"https:\/\/goodysballhockey.com\/calendrier-2\/calendrier-u9\/#primaryimage\"},\"thumbnailUrl\":\"http:\/\/goodysballhockey.com\/wp-content\/uploads\/sites\/447\/2025\/07\/U9-FR.png\",\"datePublished\":\"2021-05-06T13:03:14+00:00\",\"dateModified\":\"2025-07-27T19:03:54+00:00\",\"breadcrumb\":{\"@id\":\"https:\/\/goodysballhockey.com\/calendrier-2\/calendrier-u9\/#breadcrumb\"},\"inLanguage\":\"fr-FR\",\"potentialAction\":[{\"@type\":\"ReadAction\",\"target\":[\"https:\/\/goodysballhockey.com\/calendrier-2\/calendrier-u9\/\"]}]},{\"@type\":\"ImageObject\",\"inLanguage\":\"fr-FR\",\"@id\":\"https:\/\/goodysballhockey.com\/calendrier-2\/calendrier-u9\/#primaryimage\",\"url\":\"http:\/\/goodysballhockey.com\/wp-content\/uploads\/sites\/447\/2025\/07\/U9-FR.png\",\"contentUrl\":\"http:\/\/goodysballhockey.com\/wp-content\/uploads\/sites\/447\/2025\/07\/U9-FR.png\"},{\"@type\":\"BreadcrumbList\",\"@id\":\"https:\/\/goodysballhockey.com\/calendrier-2\/calendrier-u9\/#breadcrumb\",\"itemListElement\":[{\"@type\":\"ListItem\",\"position\":1,\"name\":\"Accueil\",\"item\":\"https:\/\/goodysballhockey.com\/\"},{\"@type\":\"ListItem\",\"position\":2,\"name\":\"HORAIRE &#8211; 2025\",\"item\":\"https:\/\/goodysballhockey.com\/calendrier-2\/\"},{\"@type\":\"ListItem\",\"position\":3,\"name\":\"HORAIRE 2025 &#8211; M9 (2017-2016)\"}]},{\"@type\":\"WebSite\",\"@id\":\"https:\/\/goodysballhockey.com\/#website\",\"url\":\"https:\/\/goodysballhockey.com\/\",\"name\":\"Goody's Ball Hockey\",\"description\":\"Un site utilisant Les sites de Shark M\u00e9dia & Sport, template Slapshot\",\"potentialAction\":[{\"@type\":\"SearchAction\",\"target\":{\"@type\":\"EntryPoint\",\"urlTemplate\":\"https:\/\/goodysballhockey.com\/?s={search_term_string}\"},\"query-input\":{\"@type\":\"PropertyValueSpecification\",\"valueRequired\":true,\"valueName\":\"search_term_string\"}}],\"inLanguage\":\"fr-FR\"}]}<\/script>\n<!-- \/ Yoast SEO plugin. -->","yoast_head_json":{"title":"HORAIRE 2025 - M9 (2017-2016) - Goody's Ball Hockey","robots":{"index":"index","follow":"follow","max-snippet":"max-snippet:-1","max-image-preview":"max-image-preview:large","max-video-preview":"max-video-preview:-1"},"canonical":"https:\/\/goodysballhockey.com\/calendrier-2\/calendrier-u9\/","og_locale":"fr_FR","og_type":"article","og_title":"HORAIRE 2025 - M9 (2017-2016) - Goody's Ball Hockey","og_description":"HORAIRE &#8211; 2025 LIEU\u00a0&#8211; Ar\u00e9na Centre Arthur-J.-LeBlanc (surface olympique), 432 chemin Melanson, Dieppe, N.-B. E1A 1A6 TOURNOI &#8211; Plus d&rsquo;information sur le tournoi de la fin d&rsquo;ann\u00e9e \u00e0 venir. \u00c0 NOTER &#8211; Les dates et les heures peuvent changer, veuillez consulter le site web r\u00e9guli\u00e8rement. Nous aviserons \u00e9galement les participants par courriel s\u2019il y a [&hellip;]","og_url":"https:\/\/goodysballhockey.com\/calendrier-2\/calendrier-u9\/","og_site_name":"Goody's Ball Hockey","article_modified_time":"2025-07-27T19:03:54+00:00","og_image":[{"url":"http:\/\/goodysballhockey.com\/wp-content\/uploads\/sites\/447\/2025\/07\/U9-FR.png","type":"","width":"","height":""}],"twitter_card":"summary_large_image","twitter_misc":{"Dur\u00e9e de lecture estim\u00e9e":"1 minute"},"schema":{"@context":"https:\/\/schema.org","@graph":[{"@type":"WebPage","@id":"https:\/\/goodysballhockey.com\/calendrier-2\/calendrier-u9\/","url":"https:\/\/goodysballhockey.com\/calendrier-2\/calendrier-u9\/","name":"HORAIRE 2025 - M9 (2017-2016) - Goody's Ball Hockey","isPartOf":{"@id":"https:\/\/goodysballhockey.com\/#website"},"primaryImageOfPage":{"@id":"https:\/\/goodysballhockey.com\/calendrier-2\/calendrier-u9\/#primaryimage"},"image":{"@id":"https:\/\/goodysballhockey.com\/calendrier-2\/calendrier-u9\/#primaryimage"},"thumbnailUrl":"http:\/\/goodysballhockey.com\/wp-content\/uploads\/sites\/447\/2025\/07\/U9-FR.png","datePublished":"2021-05-06T13:03:14+00:00","dateModified":"2025-07-27T19:03:54+00:00","breadcrumb":{"@id":"https:\/\/goodysballhockey.com\/calendrier-2\/calendrier-u9\/#breadcrumb"},"inLanguage":"fr-FR","potentialAction":[{"@type":"ReadAction","target":["https:\/\/goodysballhockey.com\/calendrier-2\/calendrier-u9\/"]}]},{"@type":"ImageObject","inLanguage":"fr-FR","@id":"https:\/\/goodysballhockey.com\/calendrier-2\/calendrier-u9\/#primaryimage","url":"http:\/\/goodysballhockey.com\/wp-content\/uploads\/sites\/447\/2025\/07\/U9-FR.png","contentUrl":"http:\/\/goodysballhockey.com\/wp-content\/uploads\/sites\/447\/2025\/07\/U9-FR.png"},{"@type":"BreadcrumbList","@id":"https:\/\/goodysballhockey.com\/calendrier-2\/calendrier-u9\/#breadcrumb","itemListElement":[{"@type":"ListItem","position":1,"name":"Accueil","item":"https:\/\/goodysballhockey.com\/"},{"@type":"ListItem","position":2,"name":"HORAIRE &#8211; 2025","item":"https:\/\/goodysballhockey.com\/calendrier-2\/"},{"@type":"ListItem","position":3,"name":"HORAIRE 2025 &#8211; M9 (2017-2016)"}]},{"@type":"WebSite","@id":"https:\/\/goodysballhockey.com\/#website","url":"https:\/\/goodysballhockey.com\/","name":"Goody's Ball Hockey","description":"Un site utilisant Les sites de Shark M\u00e9dia & Sport, template Slapshot","potentialAction":[{"@type":"SearchAction","target":{"@type":"EntryPoint","urlTemplate":"https:\/\/goodysballhockey.com\/?s={search_term_string}"},"query-input":{"@type":"PropertyValueSpecification","valueRequired":true,"valueName":"search_term_string"}}],"inLanguage":"fr-FR"}]}},"_links":{"self":[{"href":"https:\/\/goodysballhockey.com\/fr\/wp-json\/wp\/v2\/pages\/3183","targetHints":{"allow":["GET"]}}],"collection":[{"href":"https:\/\/goodysballhockey.com\/fr\/wp-json\/wp\/v2\/pages"}],"about":[{"href":"https:\/\/goodysballhockey.com\/fr\/wp-json\/wp\/v2\/types\/page"}],"author":[{"embeddable":true,"href":"https:\/\/goodysballhockey.com\/fr\/wp-json\/wp\/v2\/users\/380"}],"replies":[{"embeddable":true,"href":"https:\/\/goodysballhockey.com\/fr\/wp-json\/wp\/v2\/comments?post=3183"}],"version-history":[{"count":48,"href":"https:\/\/goodysballhockey.com\/fr\/wp-json\/wp\/v2\/pages\/3183\/revisions"}],"predecessor-version":[{"id":17266,"href":"https:\/\/goodysballhockey.com\/fr\/wp-json\/wp\/v2\/pages\/3183\/revisions\/17266"}],"up":[{"embeddable":true,"href":"https:\/\/goodysballhockey.com\/fr\/wp-json\/wp\/v2\/pages\/3219"}],"wp:attachment":[{"href":"https:\/\/goodysballhockey.com\/fr\/wp-json\/wp\/v2\/media?parent=3183"}],"curies":[{"name":"wp","href":"https:\/\/api.w.org\/{rel}","templated":true}]}}