{"id":2975,"date":"2021-08-21T17:20:20","date_gmt":"2021-08-21T21:20:20","guid":{"rendered":"https:\/\/goodysballhockey.com\/?page_id=2975"},"modified":"2026-01-23T14:59:28","modified_gmt":"2026-01-23T19:59:28","slug":"faq","status":"publish","type":"page","link":"https:\/\/goodysballhockey.com\/fr\/faq\/","title":{"rendered":"FAQ"},"content":{"rendered":"<p><span style=\"color: #0000ff;font-family: verdana, geneva, sans-serif;font-size: 12pt\"><strong>QUESTIONS G\u00c9N\u00c9RALE\u00a0<\/strong><\/span><\/p>\n<p><span style=\"font-family: verdana, geneva, sans-serif;font-size: 12pt\"><span style=\"color: #ff9900\"><strong>Quel est le plus jeune \u00e2ge que vous acceptez? <\/strong><\/span>Nous avons plusieurs groupes d&rsquo;\u00e2ge.\u00a0 Le groupe des 4 ans est le groupe des plus jeunes participants que nous acceptons. Pour la saison 2026, l\u2019ann\u00e9e de naissance le plus jeune que nous acceptons est 2022.<\/span><\/p>\n<p><span style=\"font-family: verdana, geneva, sans-serif;font-size: 12pt\"><span style=\"color: #ff9900\"><strong>Quand est-ce que la saison commence?\u00a0 <\/strong><\/span>On pr\u00e9voit commencer notre programme le d\u00e9but juin (9-10 semaines). Veuillez consulter le calendrier provisoire ci-dessus pour plus de d\u00e9tails. Veuillez voir l\u2019onglet \u00ab CALENDRIER \u00bb sur notre site web pour l&rsquo;horaire de chaque niveau.\u00a0<\/span><\/p>\n<p><span style=\"font-family: verdana, geneva, sans-serif;font-size: 12pt\"><span style=\"color: #ff9900\"><strong>O\u00f9 sont jou\u00e9 les sessions?\u00a0 <\/strong><\/span>Pour la saison 2026, les sessions vont \u00eatre jou\u00e9es \u00e0 l\u2019ar\u00e9na Arthur-J-Leblanc (patinoire Olympique) situ\u00e9 \u00e0 432 rue Melanson, Dieppe, NB E1A 1A6.<\/span><\/p>\n<p><span style=\"font-family: verdana, geneva, sans-serif;font-size: 12pt\"><span style=\"color: #ff9900\"><strong>Quand saurons-nous dans quelle \u00e9quipe va \u00eatre mon enfant? <\/strong><\/span>Vous recevrez un courriel quelques semaines avant la premi\u00e8re session.<\/span><\/p>\n<p><span style=\"font-family: verdana, geneva, sans-serif;font-size: 12pt\"><span style=\"color: #ff9900\"><strong>Quand allons-nous s\u2019avoir la composition de chaque \u00e9quipe? <\/strong><\/span>Vous allez s\u2019avoir la composition de votre \u00e9quipe a la premi\u00e8re session.<\/span><\/p>\n<p><span style=\"font-family: verdana, geneva, sans-serif;font-size: 12pt\"><span style=\"color: #ff9900\"><strong>Est-ce que Hockey-Balle Goody&rsquo;s offre son programme toute l&rsquo;ann\u00e9e? <\/strong><\/span>Pour le moment, nous n&rsquo;offrons notre programme \u00e0 aucun autre moment de l&rsquo;ann\u00e9e, sauf l&rsquo;\u00e9t\u00e9.<\/span><\/p>\n<p><span style=\"font-family: verdana, geneva, sans-serif;font-size: 12pt\"><span style=\"color: #ff9900\"><strong>Quel est l&rsquo;\u00e9quipement requis? <\/strong><\/span>Casque de hockey avec protection faciale compl\u00e8te (protection faciale compl\u00e8te requise pour les participants ag\u00e9s de 18 ans et moins), gants de hockey, b\u00e2ton de hockey, des prot\u00e8ge-tibias de style soccer et souliers de course.<\/span><\/p>\n<p><span style=\"font-family: verdana, geneva, sans-serif;font-size: 12pt\"><span style=\"color: #ff9900\"><strong>Mon enfant n&rsquo;a jamais jou\u00e9 au hockey, est-ce qu&rsquo;on peut l&rsquo;inscrire? <\/strong><\/span>Nous acceptons des participants de tous le \u00e2ges et calibres. Nous sommes une organisation inclusive et nous accueillons tout le monde, car notre r\u00e8gle num\u00e9ro 1 est de s&rsquo;amuser!<\/span><\/p>\n<p><span style=\"font-family: verdana, geneva, sans-serif;font-size: 12pt\"><span style=\"color: #ff9900\"><strong>Mon enfant aimerait jouer gardien de but. Fournissez-vous l&rsquo;\u00e9quipement de gardien? <\/strong><\/span>Hockey-Balle Goody&rsquo;s recommande aux gardiens d\u2019apporter leur propre \u00e9quipement. <span class=\"TextRun Highlight SCXW162185119 BCX8\" lang=\"FR-CA\" xml:lang=\"FR-CA\" data-contrast=\"none\"><span class=\"NormalTextRun SCXW162185119 BCX8\">Cependant, p<\/span><\/span><span class=\"TextRun Highlight SCXW162185119 BCX8\" lang=\"FR-CA\" xml:lang=\"FR-CA\" data-contrast=\"none\"><span class=\"NormalTextRun SCXW162185119 BCX8\">our les gardiens qui n\u2019ont pas d\u2019\u00e9quipement, nous en avons pour emprunter si n\u00e9cessaire (<strong>nous <\/strong><\/span><\/span><strong><span class=\"TextRun Highlight Underlined SCXW162185119 BCX8\" lang=\"FR-CA\" xml:lang=\"FR-CA\" data-contrast=\"none\"><span class=\"NormalTextRun SCXW162185119 BCX8\">ne fournissons pas<\/span><\/span><\/strong><span class=\"TextRun Highlight SCXW162185119 BCX8\" lang=\"FR-CA\" xml:lang=\"FR-CA\" data-contrast=\"none\"><span class=\"NormalTextRun SCXW162185119 BCX8\"><strong> de coupe, pantalons ni de casque de gardiens<\/strong>).<\/span><\/span><span class=\"TextRun SCXW162185119 BCX8\" lang=\"FR-CA\" xml:lang=\"FR-CA\" data-contrast=\"none\"><span class=\"NormalTextRun SCXW162185119 BCX8\">\u00a0<\/span><\/span><span class=\"TextRun SCXW162185119 BCX8\" lang=\"FR-CA\" xml:lang=\"FR-CA\" data-contrast=\"auto\"><span class=\"NormalTextRun SCXW162185119 BCX8\">\u00a0<\/span><\/span>\u00a0<\/span><\/p>\n<p><span style=\"font-family: verdana, geneva, sans-serif;font-size: 12pt\"><span style=\"color: #ff9900\"><strong>Offrez-vous un niveau d&rsquo;enfants uniquement pour les filles? <\/strong><\/span>Nous avons une ligue pour les femmes pour celles n\u00e9es en 2010 et plus vieille. Les niveaux d&rsquo;enfants sont mixtes.<\/span><\/p>\n<p><span style=\"font-family: verdana, geneva, sans-serif;font-size: 12pt\"><span style=\"color: #ff9900\"><strong>Jouez-vous avec des rondelles? <\/strong><\/span>Non, Hockey-Balle Goody&rsquo;s utilise une balle de hockey orange.<\/span><\/p>\n<p><span style=\"font-family: verdana, geneva, sans-serif;font-size: 12pt\"><span style=\"color: #ff9900\"><strong>Vous \u00eates int\u00e9r\u00e9s\u00e9e? <\/strong><\/span>\u00a0Pour plus d&rsquo;information sur notre ligue d&rsquo;enfants, ou pour inscrire votre enfant dans notre programme,\u00a0cliquer <a href=\"https:\/\/goodysballhockey.com\/saison-2024\/ligue-printemps-enfants\/\"><strong>ICI<\/strong><\/a>.<\/span><\/p>\n<p><span style=\"color: #0000ff;font-family: verdana, geneva, sans-serif;font-size: 12pt\"><strong>QUESTIONS SUR L\u2019INSCRIPTION<\/strong><\/span><\/p>\n<p><span style=\"font-family: verdana, geneva, sans-serif;font-size: 12pt\"><span style=\"color: #ff9900\"><strong>Quand puis-je m\u2019inscrire? <\/strong><\/span>La p\u00e9riode d&rsquo;inscription est le 1er f\u00e9vrier au 31 mars.<\/span><\/p>\n<p><span style=\"font-family: verdana, geneva, sans-serif;font-size: 12pt\"><span style=\"color: #ff9900\"><strong>Comment m&rsquo;inscrire? <\/strong><\/span>Cliquer<strong>\u00a0<a href=\"https:\/\/docs.google.com\/forms\/d\/e\/1FAIpQLSeTBHrZOI01jc-0k-mDc3itzEIyRhooWDgS0H3HB60OwjX7Jw\/viewform\"><u>IC<\/u><u>I<\/u><\/a> <\/strong>pour vous inscrire en ligne.<\/span><\/p>\n<p><span style=\"font-family: verdana, geneva, sans-serif;font-size: 12pt\"><span style=\"color: #ff9900\"><strong>J&rsquo;ai besoin d&rsquo;aide avec le formulaire d&rsquo;inscription en ligne! Qu\u2019est-ce que je dois faire? <\/strong><\/span><span class=\"TextRun Highlight SCXW117298796 BCX8\" lang=\"FR-CA\" xml:lang=\"FR-CA\" data-contrast=\"none\"><span class=\"NormalTextRun SCXW117298796 BCX8\">R\u00e9pondre le formulaire d\u2019inscription en ligne le mieux que possible, et si qu\u2019il manque de l\u2019information, un membre de l\u2019\u00c9quipe Hockey-Balle <span class=\"SpellingError SCXW117298796 BCX8\">Goody\u2019s<\/span> sera en communication avec vous<span class=\"TextRun SCXW117298796 BCX8\" lang=\"FR-CA\" xml:lang=\"FR-CA\" data-contrast=\"none\">.<\/span><\/span><\/span><\/span><\/p>\n<p><span style=\"font-family: verdana, geneva, sans-serif;font-size: 12pt\"><span style=\"color: #ff9900\"><strong>Woops! J\u2019ai rempli certaines informations de mani\u00e8re incorrecte. Comment puis-je r\u00e9parer \u00e7a? <\/strong><\/span>C\u2019est correct! Veuillez nous envoyer un courriel \u00e0 <span style=\"text-decoration: underline\">info@goodysballhockey.com<\/span> et nous faire savoir les bonnes informations.<\/span><\/p>\n<p><span style=\"font-family: verdana, geneva, sans-serif;font-size: 12pt\"><span style=\"color: #ff9900\"><strong>Le niveau auquel je souhaite m&rsquo;inscrire est complet. Qu&rsquo;est-ce que je fais maintenant? <\/strong><\/span>Lorsqu&rsquo;un niveau est plein, nous commen\u00e7ons toujours une liste d&rsquo;attente. Veuillez suivre attentivement ces \u00e9tapes pour vous assurer que vous \u00eates bien ajout\u00e9 sur la liste d&rsquo;attente:<\/span><\/p>\n<ol>\n<li><span style=\"font-family: verdana, geneva, sans-serif;font-size: 12pt\">Remplir le formulaire d\u2019inscription en ligne avec toutes les informations requises.\u00a0<\/span><\/li>\n<li><span style=\"font-family: verdana, geneva, sans-serif;font-size: 12pt\" data-contrast=\"none\">Attender \u00e0 faire le paiement seulement une fois vous avez re\u00e7u notre courriel de confirmation qu\u2019il y a une place pour votre enfant dans notre programme. <\/span><\/li>\n<li><span style=\"font-family: verdana, geneva, sans-serif;font-size: 12pt\">D\u00e8s r\u00e9ception de notre courriel de confirmation, vous aurez 48 heures afin de faire votre paiement.\u00a0<\/span><\/li>\n<li><span style=\"font-family: verdana, geneva, sans-serif;font-size: 12pt\">Si votre paiement n\u2019est re\u00e7u apr\u00e8s 48 heures, cette place sera donn\u00e9e \u00e0 un autre enfant.\u00a0\u00a0<\/span><\/li>\n<li><span style=\"font-family: verdana, geneva, sans-serif;font-size: 12pt\">Si qu\u2019une place ne s\u2019ouvre pas, nous allons vous le faire savoir.\u00a0\u00a0<\/span><\/li>\n<\/ol>\n<p><span style=\"color: #0000ff;font-family: verdana, geneva, sans-serif;font-size: 12pt\"><strong>FRAIS &amp; PAIEMENTS<\/strong><\/span><\/p>\n<p><span style=\"font-family: verdana, geneva, sans-serif;font-size: 12pt\"><span style=\"color: #ff9900\"><strong>Combien et comment peut-on payer? <\/strong><\/span>Cliquez <strong><a href=\"https:\/\/goodysballhockey.com\/saison-2022\/ligue-printemps-enfants\/\">ICI<\/a> <\/strong>pour voir les fraix par niveau et pour les options de m\u00e9thodes de paiements. \u00a0<\/span><\/p>\n<p><span style=\"font-family: verdana, geneva, sans-serif;font-size: 12pt\"><span style=\"color: #ff9900\"><strong>Quand le paiement est-il d\u00fb? <\/strong><\/span>Le paiement doit \u00eatre re\u00e7u par Hockey-Balle Goody&rsquo;s au plus tard le 31 mars 2026, incluant les paiements fait d&rsquo;une organisation pour aide financi\u00e8re. Le paiement re\u00e7u par cette date garantit une place r\u00e9serv\u00e9e pour votre enfant dans notre programme. La soumission du formulaire d&rsquo;inscription uniquement ne finalise pas le processus d&rsquo;inscription.<\/span><\/p>\n<p><span style=\"font-family: verdana, geneva, sans-serif;font-size: 12pt\"><span style=\"color: #ff9900\"><strong>Offrez-vous une aide financi\u00e8re?\u00a0 <\/strong><\/span>Nous n&rsquo;offrons pas d&rsquo;aide financi\u00e8re, cependant il existe quelques programmes dans notre communaut\u00e9 qui offrent de l&rsquo;aide \u00e0 couvrir les frais d&rsquo;inscription. Il y a certains crit\u00e8res en fonction de votre admissibilit\u00e9 \u00e0 ces programmes. \u00a0Nous acceptons paiement en votre nom de ces organisations, en toute confidentialit\u00e9. Cliquez <strong><a href=\"https:\/\/goodysballhockey.com\/aide-financiere\/\">ICI<\/a><\/strong> pour plus d&rsquo;information sur ces programmes.<\/span><\/p>\n<p><span style=\"font-family: verdana, geneva, sans-serif;font-size: 12pt\"><span style=\"color: #ff9900\"><strong>Est-ce que Hockey-Ball Goody&rsquo;s offre un rabais familial? <\/strong><\/span><span class=\"TextRun SCXW19675493 BCX8\" lang=\"FR-CA\" xml:lang=\"FR-CA\" data-contrast=\"none\"><span class=\"NormalTextRun SCXW19675493 BCX8\">Oui, nous offrons un rabais aux familles qui inscrivent <strong>2 ou plus d&rsquo;enfants<\/strong> dans notre programme pour les niveaux d&rsquo;enfants seulement (M5, M7, M9, M11, M13, M16).\u00a0 Un rabais de 15 $ par enfant peut \u00eatre appliqu\u00e9 \u00e0 l&rsquo;\u00e9tape du paiement de l&rsquo;inscription du deuxi\u00e8me (2e) enfant.\u00a0<strong> La premi\u00e8re inscription est \u00e0 plein prix. <\/strong><\/span><\/span><\/span><\/p>\n<p><span style=\"font-family: verdana, geneva, sans-serif;font-size: 12pt\"><span class=\"TextRun SCXW19675493 BCX8\" lang=\"FR-CA\" xml:lang=\"FR-CA\" data-contrast=\"none\"><span class=\"NormalTextRun SCXW19675493 BCX8\">Inclure le mot \u00ab Famille <\/span><span class=\"NormalTextRun SCXW19675493 BCX8\">\u00bb dans les d\u00e9tails de votre paiement.<\/span><\/span><\/span><\/p>\n<p><span style=\"font-family: verdana, geneva, sans-serif;font-size: 12pt\"><span class=\"TextRun SCXW19675493 BCX8\" lang=\"FR-CA\" xml:lang=\"FR-CA\" data-contrast=\"none\"><span class=\"NormalTextRun SCXW19675493 BCX8\">Voici les crit\u00e8res pour \u00eatre \u00e9ligible au rabais familial:\u00a0<\/span><\/span><\/span><\/p>\n<ol>\n<li><span style=\"font-family: verdana, geneva, sans-serif;font-size: 12pt\">Inscriptions pour 2 enfants ou plus d&rsquo;une famille imm\u00e9diate (fr\u00e8res \/ s\u0153urs, <strong>pas<\/strong> <strong>de cousin\/es<\/strong>).<\/span><\/li>\n<li><span style=\"font-family: verdana, geneva, sans-serif;font-size: 12pt\">Inscriptions dans les <span class=\"TextRun SCXW19675493 BCX8\" lang=\"FR-CA\" xml:lang=\"FR-CA\" data-contrast=\"none\"><span class=\"NormalTextRun SCXW19675493 BCX8\">niveaux d&rsquo;enfants, soit: M5, M7, M9, M11, M13, M16 (Ligues d&rsquo;hommes ou femmes <strong>sont exclus<\/strong> du rabais)<\/span><\/span>.<\/span><\/li>\n<\/ol>\n<p><span style=\"font-family: verdana, geneva, sans-serif;font-size: 12pt\"><strong>Exemple:<\/strong> Si vous inscrivez 2 enfants dans le niveau M5, le total \u00e0 payer sans rabais pour 2 enfants serait 520 $ (260 $ X 2). Avec le rabais, le total serait: 490 $ [520 $ &#8211; (15 $ x 2)].<\/span><\/p>\n<p><span style=\"color: #ff9900;font-family: verdana, geneva, sans-serif;font-size: 12pt\"><strong>Quelle est la politique de remboursement de Hockey-Balle Goody&rsquo;s?<\/strong><\/span><\/p>\n<p><span style=\"font-family: verdana, geneva, sans-serif;font-size: 12pt\"><strong>Quelques points importants:<\/strong><\/span><\/p>\n<ol>\n<li><span style=\"font-family: verdana, geneva, sans-serif;font-size: 12pt\">Toute demande de remboursement devra \u00eatre compl\u00e9t\u00e9e par courriel \u00e0 <a href=\"mailto:info@goodysballhockey.com\">info@goodysballhockey.com<\/a>. Aucune demande de remboursement sera accept\u00e9e en conversant avec un de nos membres du personnel.<\/span><\/li>\n<li><span style=\"font-family: verdana, geneva, sans-serif;font-size: 12pt\">Les informations suivantes doivent \u00eatre incluses dans la demande : <\/span>\n<ul style=\"list-style-type: circle\">\n<li><span style=\"font-family: verdana, geneva, sans-serif;font-size: 12pt\">Votre nom complet;<\/span><\/li>\n<li><span style=\"font-family: verdana, geneva, sans-serif;font-size: 12pt\">Le nom du participant et le niveau inscrit;<\/span><\/li>\n<li><span style=\"font-family: verdana, geneva, sans-serif;font-size: 12pt\">La raison vous faites une demande de remboursement;<\/span><\/li>\n<li><span style=\"font-family: verdana, geneva, sans-serif;font-size: 12pt\">Votre adresse postale compl\u00e8te incluant la ville et le code postal;<\/span><\/li>\n<li><span style=\"font-family: verdana, geneva, sans-serif;font-size: 12pt\">Votre num\u00e9ro de t\u00e9l\u00e9phone (qu&rsquo;on puisse vous rejoindre au besoin).<\/span><\/li>\n<\/ul>\n<\/li>\n<li><span style=\"font-family: verdana, geneva, sans-serif;font-size: 12pt\">La date que nous recevons votre courriel avec la demande de remboursement sera la date o\u00f9 la r\u00e9troactivit\u00e9 d\u00e9butera. Si votre demande est re\u00e7ue le m\u00eame jour d\u2019une session de votre enfant, la session sera consid\u00e9r\u00e9e comme pass\u00e9e, peu importe l&rsquo;heure que nous recevons la demande. La pr\u00e9sence ou l\u2019absence \u00e0 la session ne sera pas un facteur de d\u00e9cision.<\/span><\/li>\n<li><span style=\"font-family: verdana, geneva, sans-serif;font-size: 12pt\">Pour toutes demandes de remboursement re\u00e7ues <strong>AVANT le 31 mars 2026<\/strong>, un frais administratif de 5$ vous sera charg\u00e9.<\/span><\/li>\n<li><span style=\"font-family: verdana, geneva, sans-serif;font-size: 12pt\">Pour toutes demandes de remboursement re\u00e7ues <strong>APR\u00c8S le 31 mars 2026<\/strong>, et <strong>AVANT<\/strong> le jour de la premi\u00e8re session, un frais administratif de 25$ sera charg\u00e9.<\/span><\/li>\n<li><span style=\"font-family: verdana, geneva, sans-serif;font-size: 12pt\">Pour toutes demandes de remboursement re\u00e7ues entre le jour m\u00eame de la premi\u00e8re (1er) session et le jour m\u00eame de la cinqui\u00e8me (5e) session, un frais administratif de 25$ vous sera charg\u00e9 + 15$ pour chacunes des sessions pass\u00e9es (Voir #3).\u00a0 Le frais administratif maximal est 100$, qui sera d\u00e9duit du montant pay\u00e9 pour l&rsquo;inscription.\u00a0<\/span><\/li>\n<li><span style=\"font-family: verdana, geneva, sans-serif;font-size: 12pt\">Aucune demande de remboursement ne sera accept\u00e9e le jour apr\u00e8s la cinqui\u00e8me (5e) session du niveau inscrit du participant. Nous nous excusons pour l\u2019inconv\u00e9nient,<strong> mais aucun remboursement ne sera fait apr\u00e8s la cinqui\u00e8me (5e) session.<\/strong><\/span><\/li>\n<li><span style=\"font-family: verdana, geneva, sans-serif;font-size: 12pt\">Si vous pensez que votre demande implique des d\u00e9tails qui ne sont pas compris dans la politique, veuillez tout de m\u00eame faire une demande en expliquant ces d\u00e9tails. Toutes les demandes seront r\u00e9vis\u00e9es par le personnel qui s\u2019occupe des remboursements. Le personnel fera la d\u00e9cision finale \u00e0 savoir s\u2019il y aura remboursement ou pas.<\/span><\/li>\n<\/ol>\n<p><span style=\"color: #0000ff;font-family: verdana, geneva, sans-serif;font-size: 12pt\"><strong>QUESTIONS DE PARRAINAGE<\/strong><\/span><\/p>\n<p><span style=\"font-family: verdana, geneva, sans-serif;font-size: 12pt\"><span style=\"color: #ff9900\"><strong>Je suis propri\u00e9taire d\u2019entreprise et je souhaite \u00eatre un sponsor, est-ce possible? <\/strong><\/span>Oui! Hockey-Balle Goody&rsquo;s est fier d&rsquo;avoir l&rsquo;exposition qu&rsquo;il a, avec pr\u00e8s de 500 participants ainsi que leurs parents impliqu\u00e9s faisant partie de notre famille Hockey-Balle Goody&rsquo;s. Nous recherchons activement des sponsors et proposons des forfaits \u00e0 partir de 500 $. Pour plus d&rsquo;informations, contactez-nous par courriel au <span style=\"text-decoration: underline\">info@goodysballhockey.com<\/span><\/span><\/p>\n","protected":false},"excerpt":{"rendered":"<p>QUESTIONS G\u00c9N\u00c9RALE\u00a0 Quel est le plus jeune \u00e2ge que vous acceptez? Nous avons plusieurs groupes d&rsquo;\u00e2ge.\u00a0 Le groupe des 4 ans est le groupe des plus jeunes participants que nous acceptons. Pour la saison 2026, l\u2019ann\u00e9e de naissance le plus jeune que nous acceptons est 2022. Quand est-ce que la saison commence?\u00a0 On pr\u00e9voit commencer [&hellip;]<\/p>\n","protected":false},"author":380,"featured_media":0,"parent":0,"menu_order":10,"comment_status":"closed","ping_status":"closed","template":"","meta":{"_acf_changed":false,"footnotes":""},"class_list":["post-2975","page","type-page","status-publish","hentry"],"acf":[],"yoast_head":"<!-- This site is optimized with the Yoast SEO plugin v25.7 - https:\/\/yoast.com\/wordpress\/plugins\/seo\/ -->\n<title>FAQ - Goody&#039;s Ball Hockey<\/title>\n<meta name=\"robots\" content=\"index, follow, max-snippet:-1, max-image-preview:large, max-video-preview:-1\" \/>\n<link rel=\"canonical\" href=\"https:\/\/goodysballhockey.com\/fr\/faq\/\" \/>\n<meta property=\"og:locale\" content=\"fr_FR\" \/>\n<meta property=\"og:type\" content=\"article\" \/>\n<meta property=\"og:title\" content=\"FAQ - Goody&#039;s Ball Hockey\" \/>\n<meta property=\"og:description\" content=\"QUESTIONS G\u00c9N\u00c9RALE\u00a0 Quel est le plus jeune \u00e2ge que vous acceptez? Nous avons plusieurs groupes d&rsquo;\u00e2ge.\u00a0 Le groupe des 4 ans est le groupe des plus jeunes participants que nous acceptons. Pour la saison 2026, l\u2019ann\u00e9e de naissance le plus jeune que nous acceptons est 2022. Quand est-ce que la saison commence?\u00a0 On pr\u00e9voit commencer [&hellip;]\" \/>\n<meta property=\"og:url\" content=\"https:\/\/goodysballhockey.com\/fr\/faq\/\" \/>\n<meta property=\"og:site_name\" content=\"Goody&#039;s Ball Hockey\" \/>\n<meta property=\"article:modified_time\" content=\"2026-01-23T19:59:28+00:00\" \/>\n<meta name=\"twitter:card\" content=\"summary_large_image\" \/>\n<meta name=\"twitter:label1\" content=\"Dur\u00e9e de lecture estim\u00e9e\" \/>\n\t<meta name=\"twitter:data1\" content=\"6 minutes\" \/>\n<script type=\"application\/ld+json\" class=\"yoast-schema-graph\">{\"@context\":\"https:\/\/schema.org\",\"@graph\":[{\"@type\":\"WebPage\",\"@id\":\"https:\/\/goodysballhockey.com\/fr\/faq\/\",\"url\":\"https:\/\/goodysballhockey.com\/fr\/faq\/\",\"name\":\"FAQ - Goody's Ball Hockey\",\"isPartOf\":{\"@id\":\"https:\/\/goodysballhockey.com\/#website\"},\"datePublished\":\"2021-08-21T21:20:20+00:00\",\"dateModified\":\"2026-01-23T19:59:28+00:00\",\"breadcrumb\":{\"@id\":\"https:\/\/goodysballhockey.com\/fr\/faq\/#breadcrumb\"},\"inLanguage\":\"fr-FR\",\"potentialAction\":[{\"@type\":\"ReadAction\",\"target\":[\"https:\/\/goodysballhockey.com\/fr\/faq\/\"]}]},{\"@type\":\"BreadcrumbList\",\"@id\":\"https:\/\/goodysballhockey.com\/fr\/faq\/#breadcrumb\",\"itemListElement\":[{\"@type\":\"ListItem\",\"position\":1,\"name\":\"Accueil\",\"item\":\"https:\/\/goodysballhockey.com\/\"},{\"@type\":\"ListItem\",\"position\":2,\"name\":\"FAQ\"}]},{\"@type\":\"WebSite\",\"@id\":\"https:\/\/goodysballhockey.com\/#website\",\"url\":\"https:\/\/goodysballhockey.com\/\",\"name\":\"Goody's Ball Hockey\",\"description\":\"Un site utilisant Les sites de Shark M\u00e9dia & Sport, template Slapshot\",\"potentialAction\":[{\"@type\":\"SearchAction\",\"target\":{\"@type\":\"EntryPoint\",\"urlTemplate\":\"https:\/\/goodysballhockey.com\/?s={search_term_string}\"},\"query-input\":{\"@type\":\"PropertyValueSpecification\",\"valueRequired\":true,\"valueName\":\"search_term_string\"}}],\"inLanguage\":\"fr-FR\"}]}<\/script>\n<!-- \/ Yoast SEO plugin. -->","yoast_head_json":{"title":"FAQ - Goody's Ball Hockey","robots":{"index":"index","follow":"follow","max-snippet":"max-snippet:-1","max-image-preview":"max-image-preview:large","max-video-preview":"max-video-preview:-1"},"canonical":"https:\/\/goodysballhockey.com\/fr\/faq\/","og_locale":"fr_FR","og_type":"article","og_title":"FAQ - Goody's Ball Hockey","og_description":"QUESTIONS G\u00c9N\u00c9RALE\u00a0 Quel est le plus jeune \u00e2ge que vous acceptez? Nous avons plusieurs groupes d&rsquo;\u00e2ge.\u00a0 Le groupe des 4 ans est le groupe des plus jeunes participants que nous acceptons. Pour la saison 2026, l\u2019ann\u00e9e de naissance le plus jeune que nous acceptons est 2022. Quand est-ce que la saison commence?\u00a0 On pr\u00e9voit commencer [&hellip;]","og_url":"https:\/\/goodysballhockey.com\/fr\/faq\/","og_site_name":"Goody's Ball Hockey","article_modified_time":"2026-01-23T19:59:28+00:00","twitter_card":"summary_large_image","twitter_misc":{"Dur\u00e9e de lecture estim\u00e9e":"6 minutes"},"schema":{"@context":"https:\/\/schema.org","@graph":[{"@type":"WebPage","@id":"https:\/\/goodysballhockey.com\/fr\/faq\/","url":"https:\/\/goodysballhockey.com\/fr\/faq\/","name":"FAQ - Goody's Ball Hockey","isPartOf":{"@id":"https:\/\/goodysballhockey.com\/#website"},"datePublished":"2021-08-21T21:20:20+00:00","dateModified":"2026-01-23T19:59:28+00:00","breadcrumb":{"@id":"https:\/\/goodysballhockey.com\/fr\/faq\/#breadcrumb"},"inLanguage":"fr-FR","potentialAction":[{"@type":"ReadAction","target":["https:\/\/goodysballhockey.com\/fr\/faq\/"]}]},{"@type":"BreadcrumbList","@id":"https:\/\/goodysballhockey.com\/fr\/faq\/#breadcrumb","itemListElement":[{"@type":"ListItem","position":1,"name":"Accueil","item":"https:\/\/goodysballhockey.com\/"},{"@type":"ListItem","position":2,"name":"FAQ"}]},{"@type":"WebSite","@id":"https:\/\/goodysballhockey.com\/#website","url":"https:\/\/goodysballhockey.com\/","name":"Goody's Ball Hockey","description":"Un site utilisant Les sites de Shark M\u00e9dia & Sport, template Slapshot","potentialAction":[{"@type":"SearchAction","target":{"@type":"EntryPoint","urlTemplate":"https:\/\/goodysballhockey.com\/?s={search_term_string}"},"query-input":{"@type":"PropertyValueSpecification","valueRequired":true,"valueName":"search_term_string"}}],"inLanguage":"fr-FR"}]}},"_links":{"self":[{"href":"https:\/\/goodysballhockey.com\/fr\/wp-json\/wp\/v2\/pages\/2975","targetHints":{"allow":["GET"]}}],"collection":[{"href":"https:\/\/goodysballhockey.com\/fr\/wp-json\/wp\/v2\/pages"}],"about":[{"href":"https:\/\/goodysballhockey.com\/fr\/wp-json\/wp\/v2\/types\/page"}],"author":[{"embeddable":true,"href":"https:\/\/goodysballhockey.com\/fr\/wp-json\/wp\/v2\/users\/380"}],"replies":[{"embeddable":true,"href":"https:\/\/goodysballhockey.com\/fr\/wp-json\/wp\/v2\/comments?post=2975"}],"version-history":[{"count":62,"href":"https:\/\/goodysballhockey.com\/fr\/wp-json\/wp\/v2\/pages\/2975\/revisions"}],"predecessor-version":[{"id":18350,"href":"https:\/\/goodysballhockey.com\/fr\/wp-json\/wp\/v2\/pages\/2975\/revisions\/18350"}],"wp:attachment":[{"href":"https:\/\/goodysballhockey.com\/fr\/wp-json\/wp\/v2\/media?parent=2975"}],"curies":[{"name":"wp","href":"https:\/\/api.w.org\/{rel}","templated":true}]}}