{"id":2684,"date":"2021-03-24T09:34:18","date_gmt":"2021-03-24T13:34:18","guid":{"rendered":"http:\/\/goodysballhockey.com\/?page_id=2684"},"modified":"2026-01-23T14:39:38","modified_gmt":"2026-01-23T19:39:38","slug":"notre-histoire-2","status":"publish","type":"page","link":"https:\/\/goodysballhockey.com\/fr\/a-propos-de-nous\/notre-histoire-2\/","title":{"rendered":"Notre histoire"},"content":{"rendered":"<p><span style=\"font-family: verdana, geneva, sans-serif\">Notre histoire d\u00e9bute en 2008 lorsque deux bons amis, Christian \u00ab Goody \u00bb Gaudet et Jean-Yves Cormier, ont form\u00e9 une ligue non-officielle de hockey balle dans la r\u00e9gion de Moncton pour demeurer en bonne forme physique et pour avoir du plaisir avec leurs amis.<\/span><\/p>\n<p><span style=\"font-family: verdana, geneva, sans-serif\"><img loading=\"lazy\" decoding=\"async\" class=\"alignnone size-full wp-image-12175\" src=\"http:\/\/goodysballhockey.com\/wp-content\/uploads\/sites\/447\/2023\/10\/ChristianGaudet_Wildcats-Photo-with-cup.jpg\" alt=\"\" width=\"1189\" height=\"2000\" srcset=\"https:\/\/goodysballhockey.com\/wp-content\/uploads\/sites\/447\/2023\/10\/ChristianGaudet_Wildcats-Photo-with-cup.jpg 1189w, https:\/\/goodysballhockey.com\/wp-content\/uploads\/sites\/447\/2023\/10\/ChristianGaudet_Wildcats-Photo-with-cup-178x300.jpg 178w, https:\/\/goodysballhockey.com\/wp-content\/uploads\/sites\/447\/2023\/10\/ChristianGaudet_Wildcats-Photo-with-cup-768x1292.jpg 768w, https:\/\/goodysballhockey.com\/wp-content\/uploads\/sites\/447\/2023\/10\/ChristianGaudet_Wildcats-Photo-with-cup-913x1536.jpg 913w\" sizes=\"(max-width: 1189px) 100vw, 1189px\" \/><\/span><\/p>\n<p><span style=\"font-family: verdana, geneva, sans-serif\">Christian, qui \u00e9tait le capitaine lorsque les Wildcats de Moncton ont remport\u00e9 la coupe du Pr\u00e9sident en 2006 et Jean-Yves qui travaille comme ing\u00e9nieur pour le gouvernement, ont ressenti le besoin de partager leur passion et leur expertise aux jeunes de la r\u00e9gion, ce qui a men\u00e9 \u00e0 la formation officielle de la Goody\u2019s Ball Hockey. Notre organisation, qui avait trois \u00e9quipes \u00e0 sa premi\u00e8re ann\u00e9e, en est maintenant rendue \u00e0 plus de 500 participants et participantes, de tous les \u00e2ges.<\/span><\/p>\n<p><span style=\"font-family: verdana, geneva, sans-serif\">Cependant, nous sommes plus qu\u2019une organisation sportive; notre objectif est de cr\u00e9er un mouvement sportif qui peut aider la communaut\u00e9 de Moncton et ses alentours afin d\u2019\u00eatre en sant\u00e9, heureux et de socialiser.<\/span><\/p>\n<p><span style=\"font-family: verdana, geneva, sans-serif\">Comment faisons-nous cela ?<\/span><\/p>\n<p><span style=\"font-family: verdana, geneva, sans-serif\">Nous faisons la promotion et encourageons l\u2019inclusion, la diversit\u00e9 ainsi que l\u2019amiti\u00e9 lorsque nous formons nos \u00e9quipes. Tous sont la bienvenue. Pour faire comprendre ce message, notre organisation pr\u00e9sente une conf\u00e9rence annuelle sur l\u2019intimidation avec tous ses participants.<\/span><br \/>\n<span style=\"font-family: verdana, geneva, sans-serif\">Les joueurs participent \u00e0 une vraie ligue. Les parties sont arbitr\u00e9es, les \u00e9quipes ont des entra\u00eeneurs*, l\u2019horaire des parties est disponible en ligne d\u00e8s le d\u00e9but de la saison et les statistiques sont aussi mise \u00e0 jour r\u00e9guli\u00e8rement*.<\/span><\/p>\n<p><span style=\"font-family: verdana, geneva, sans-serif\">Nous sommes fiers de la communaut\u00e9 dans laquelle nous nous retrouvons. Nous sommes de fiers supporters des organisations qui aident les jeunes qui n\u2019ont pas les m\u00eames opportunit\u00e9s financi\u00e8res que certains autres jeunes qui souhaiteraient participer dans des activit\u00e9s sportives, artistiques, culturelles et r\u00e9cr\u00e9atives. Pour cette raison, tous les \u00e9t\u00e9s, nous organisons une course pour amasser des fonds pour divers organismes \u00e0 but non-lucratif tels que P.R.O. Jeunesse et le YMCA.<\/span><\/p>\n<p><span style=\"font-family: verdana, geneva, sans-serif\">Nous savons que vous investissez temps et argent. Nous travaillons d\u2019arrache-pied pour nous assurer que ce que nous vous offrons est abordable et que vous en ayez pour votre argent. Notre \u00e9quipe est compos\u00e9e de joueurs de hockey de haut niveau, d\u2019employ\u00e9s bien form\u00e9s et de b\u00e9n\u00e9voles d\u00e9vou\u00e9s. Nous offrons les chandails, les bouteilles d\u2019eau et un minimum de environ 15 parties*.<\/span><br \/>\n<span style=\"font-family: verdana, geneva, sans-serif\">Nous sommes \u00e0 votre \u00e9coute. Nos lignes de communication sont toujours ouvertes. Que ce soit en personne, via courriel ou par t\u00e9l\u00e9phone, nous voulons toujours savoir ce que nous pouvons par faire en sorte que votre exp\u00e9rience soit des plus agr\u00e9ables.<\/span><\/p>\n<p><span style=\"font-family: verdana, geneva, sans-serif\">Sinc\u00e8rement,<\/span><\/p>\n<p><span style=\"font-family: verdana, geneva, sans-serif\">\u00c9quipe Hockey-Balle Goody\u2019s<\/span><\/p>\n<p><span style=\"font-family: verdana, geneva, sans-serif\">*Varie selon le niveau, SVP communiquez avec nous pour plus de d\u00e9tails.<\/span><\/p>\n","protected":false},"excerpt":{"rendered":"<p>Notre histoire d\u00e9bute en 2008 lorsque deux bons amis, Christian \u00ab Goody \u00bb Gaudet et Jean-Yves Cormier, ont form\u00e9 une ligue non-officielle de hockey balle dans la r\u00e9gion de Moncton pour demeurer en bonne forme physique et pour avoir du plaisir avec leurs amis. Christian, qui \u00e9tait le capitaine lorsque les Wildcats de Moncton ont [&hellip;]<\/p>\n","protected":false},"author":193,"featured_media":0,"parent":2517,"menu_order":0,"comment_status":"closed","ping_status":"closed","template":"","meta":{"_acf_changed":false,"footnotes":""},"class_list":["post-2684","page","type-page","status-publish","hentry"],"acf":[],"yoast_head":"<!-- This site is optimized with the Yoast SEO plugin v25.7 - https:\/\/yoast.com\/wordpress\/plugins\/seo\/ -->\n<title>Notre histoire - Goody&#039;s Ball Hockey<\/title>\n<meta name=\"robots\" content=\"index, follow, max-snippet:-1, max-image-preview:large, max-video-preview:-1\" \/>\n<link rel=\"canonical\" href=\"https:\/\/goodysballhockey.com\/fr\/a-propos-de-nous\/notre-histoire-2\/\" \/>\n<meta property=\"og:locale\" content=\"fr_FR\" \/>\n<meta property=\"og:type\" content=\"article\" \/>\n<meta property=\"og:title\" content=\"Notre histoire - Goody&#039;s Ball Hockey\" \/>\n<meta property=\"og:description\" content=\"Notre histoire d\u00e9bute en 2008 lorsque deux bons amis, Christian \u00ab Goody \u00bb Gaudet et Jean-Yves Cormier, ont form\u00e9 une ligue non-officielle de hockey balle dans la r\u00e9gion de Moncton pour demeurer en bonne forme physique et pour avoir du plaisir avec leurs amis. Christian, qui \u00e9tait le capitaine lorsque les Wildcats de Moncton ont [&hellip;]\" \/>\n<meta property=\"og:url\" content=\"https:\/\/goodysballhockey.com\/fr\/a-propos-de-nous\/notre-histoire-2\/\" \/>\n<meta property=\"og:site_name\" content=\"Goody&#039;s Ball Hockey\" \/>\n<meta property=\"article:modified_time\" content=\"2026-01-23T19:39:38+00:00\" \/>\n<meta property=\"og:image\" content=\"https:\/\/goodysballhockey.com\/wp-content\/uploads\/sites\/447\/2023\/10\/ChristianGaudet_Wildcats-Photo-with-cup.jpg\" \/>\n\t<meta property=\"og:image:width\" content=\"1189\" \/>\n\t<meta property=\"og:image:height\" content=\"2000\" \/>\n\t<meta property=\"og:image:type\" content=\"image\/jpeg\" \/>\n<meta name=\"twitter:card\" content=\"summary_large_image\" \/>\n<meta name=\"twitter:label1\" content=\"Dur\u00e9e de lecture estim\u00e9e\" \/>\n\t<meta name=\"twitter:data1\" content=\"3 minutes\" \/>\n<script type=\"application\/ld+json\" class=\"yoast-schema-graph\">{\"@context\":\"https:\/\/schema.org\",\"@graph\":[{\"@type\":\"WebPage\",\"@id\":\"https:\/\/goodysballhockey.com\/fr\/a-propos-de-nous\/notre-histoire-2\/\",\"url\":\"https:\/\/goodysballhockey.com\/fr\/a-propos-de-nous\/notre-histoire-2\/\",\"name\":\"Notre histoire - Goody's Ball Hockey\",\"isPartOf\":{\"@id\":\"https:\/\/goodysballhockey.com\/#website\"},\"primaryImageOfPage\":{\"@id\":\"https:\/\/goodysballhockey.com\/fr\/a-propos-de-nous\/notre-histoire-2\/#primaryimage\"},\"image\":{\"@id\":\"https:\/\/goodysballhockey.com\/fr\/a-propos-de-nous\/notre-histoire-2\/#primaryimage\"},\"thumbnailUrl\":\"http:\/\/goodysballhockey.com\/wp-content\/uploads\/sites\/447\/2023\/10\/ChristianGaudet_Wildcats-Photo-with-cup.jpg\",\"datePublished\":\"2021-03-24T13:34:18+00:00\",\"dateModified\":\"2026-01-23T19:39:38+00:00\",\"breadcrumb\":{\"@id\":\"https:\/\/goodysballhockey.com\/fr\/a-propos-de-nous\/notre-histoire-2\/#breadcrumb\"},\"inLanguage\":\"fr-FR\",\"potentialAction\":[{\"@type\":\"ReadAction\",\"target\":[\"https:\/\/goodysballhockey.com\/fr\/a-propos-de-nous\/notre-histoire-2\/\"]}]},{\"@type\":\"ImageObject\",\"inLanguage\":\"fr-FR\",\"@id\":\"https:\/\/goodysballhockey.com\/fr\/a-propos-de-nous\/notre-histoire-2\/#primaryimage\",\"url\":\"http:\/\/goodysballhockey.com\/wp-content\/uploads\/sites\/447\/2023\/10\/ChristianGaudet_Wildcats-Photo-with-cup.jpg\",\"contentUrl\":\"http:\/\/goodysballhockey.com\/wp-content\/uploads\/sites\/447\/2023\/10\/ChristianGaudet_Wildcats-Photo-with-cup.jpg\"},{\"@type\":\"BreadcrumbList\",\"@id\":\"https:\/\/goodysballhockey.com\/fr\/a-propos-de-nous\/notre-histoire-2\/#breadcrumb\",\"itemListElement\":[{\"@type\":\"ListItem\",\"position\":1,\"name\":\"Accueil\",\"item\":\"https:\/\/goodysballhockey.com\/\"},{\"@type\":\"ListItem\",\"position\":2,\"name\":\"\u00c0 PROPOS DE NOUS\",\"item\":\"https:\/\/goodysballhockey.com\/a-propos-de-nous\/\"},{\"@type\":\"ListItem\",\"position\":3,\"name\":\"Notre histoire\"}]},{\"@type\":\"WebSite\",\"@id\":\"https:\/\/goodysballhockey.com\/#website\",\"url\":\"https:\/\/goodysballhockey.com\/\",\"name\":\"Goody's Ball Hockey\",\"description\":\"Un site utilisant Les sites de Shark M\u00e9dia & Sport, template Slapshot\",\"potentialAction\":[{\"@type\":\"SearchAction\",\"target\":{\"@type\":\"EntryPoint\",\"urlTemplate\":\"https:\/\/goodysballhockey.com\/?s={search_term_string}\"},\"query-input\":{\"@type\":\"PropertyValueSpecification\",\"valueRequired\":true,\"valueName\":\"search_term_string\"}}],\"inLanguage\":\"fr-FR\"}]}<\/script>\n<!-- \/ Yoast SEO plugin. -->","yoast_head_json":{"title":"Notre histoire - Goody's Ball Hockey","robots":{"index":"index","follow":"follow","max-snippet":"max-snippet:-1","max-image-preview":"max-image-preview:large","max-video-preview":"max-video-preview:-1"},"canonical":"https:\/\/goodysballhockey.com\/fr\/a-propos-de-nous\/notre-histoire-2\/","og_locale":"fr_FR","og_type":"article","og_title":"Notre histoire - Goody's Ball Hockey","og_description":"Notre histoire d\u00e9bute en 2008 lorsque deux bons amis, Christian \u00ab Goody \u00bb Gaudet et Jean-Yves Cormier, ont form\u00e9 une ligue non-officielle de hockey balle dans la r\u00e9gion de Moncton pour demeurer en bonne forme physique et pour avoir du plaisir avec leurs amis. Christian, qui \u00e9tait le capitaine lorsque les Wildcats de Moncton ont [&hellip;]","og_url":"https:\/\/goodysballhockey.com\/fr\/a-propos-de-nous\/notre-histoire-2\/","og_site_name":"Goody's Ball Hockey","article_modified_time":"2026-01-23T19:39:38+00:00","og_image":[{"width":1189,"height":2000,"url":"https:\/\/goodysballhockey.com\/wp-content\/uploads\/sites\/447\/2023\/10\/ChristianGaudet_Wildcats-Photo-with-cup.jpg","type":"image\/jpeg"}],"twitter_card":"summary_large_image","twitter_misc":{"Dur\u00e9e de lecture estim\u00e9e":"3 minutes"},"schema":{"@context":"https:\/\/schema.org","@graph":[{"@type":"WebPage","@id":"https:\/\/goodysballhockey.com\/fr\/a-propos-de-nous\/notre-histoire-2\/","url":"https:\/\/goodysballhockey.com\/fr\/a-propos-de-nous\/notre-histoire-2\/","name":"Notre histoire - Goody's Ball Hockey","isPartOf":{"@id":"https:\/\/goodysballhockey.com\/#website"},"primaryImageOfPage":{"@id":"https:\/\/goodysballhockey.com\/fr\/a-propos-de-nous\/notre-histoire-2\/#primaryimage"},"image":{"@id":"https:\/\/goodysballhockey.com\/fr\/a-propos-de-nous\/notre-histoire-2\/#primaryimage"},"thumbnailUrl":"http:\/\/goodysballhockey.com\/wp-content\/uploads\/sites\/447\/2023\/10\/ChristianGaudet_Wildcats-Photo-with-cup.jpg","datePublished":"2021-03-24T13:34:18+00:00","dateModified":"2026-01-23T19:39:38+00:00","breadcrumb":{"@id":"https:\/\/goodysballhockey.com\/fr\/a-propos-de-nous\/notre-histoire-2\/#breadcrumb"},"inLanguage":"fr-FR","potentialAction":[{"@type":"ReadAction","target":["https:\/\/goodysballhockey.com\/fr\/a-propos-de-nous\/notre-histoire-2\/"]}]},{"@type":"ImageObject","inLanguage":"fr-FR","@id":"https:\/\/goodysballhockey.com\/fr\/a-propos-de-nous\/notre-histoire-2\/#primaryimage","url":"http:\/\/goodysballhockey.com\/wp-content\/uploads\/sites\/447\/2023\/10\/ChristianGaudet_Wildcats-Photo-with-cup.jpg","contentUrl":"http:\/\/goodysballhockey.com\/wp-content\/uploads\/sites\/447\/2023\/10\/ChristianGaudet_Wildcats-Photo-with-cup.jpg"},{"@type":"BreadcrumbList","@id":"https:\/\/goodysballhockey.com\/fr\/a-propos-de-nous\/notre-histoire-2\/#breadcrumb","itemListElement":[{"@type":"ListItem","position":1,"name":"Accueil","item":"https:\/\/goodysballhockey.com\/"},{"@type":"ListItem","position":2,"name":"\u00c0 PROPOS DE NOUS","item":"https:\/\/goodysballhockey.com\/a-propos-de-nous\/"},{"@type":"ListItem","position":3,"name":"Notre histoire"}]},{"@type":"WebSite","@id":"https:\/\/goodysballhockey.com\/#website","url":"https:\/\/goodysballhockey.com\/","name":"Goody's Ball Hockey","description":"Un site utilisant Les sites de Shark M\u00e9dia & Sport, template Slapshot","potentialAction":[{"@type":"SearchAction","target":{"@type":"EntryPoint","urlTemplate":"https:\/\/goodysballhockey.com\/?s={search_term_string}"},"query-input":{"@type":"PropertyValueSpecification","valueRequired":true,"valueName":"search_term_string"}}],"inLanguage":"fr-FR"}]}},"_links":{"self":[{"href":"https:\/\/goodysballhockey.com\/fr\/wp-json\/wp\/v2\/pages\/2684","targetHints":{"allow":["GET"]}}],"collection":[{"href":"https:\/\/goodysballhockey.com\/fr\/wp-json\/wp\/v2\/pages"}],"about":[{"href":"https:\/\/goodysballhockey.com\/fr\/wp-json\/wp\/v2\/types\/page"}],"author":[{"embeddable":true,"href":"https:\/\/goodysballhockey.com\/fr\/wp-json\/wp\/v2\/users\/193"}],"replies":[{"embeddable":true,"href":"https:\/\/goodysballhockey.com\/fr\/wp-json\/wp\/v2\/comments?post=2684"}],"version-history":[{"count":8,"href":"https:\/\/goodysballhockey.com\/fr\/wp-json\/wp\/v2\/pages\/2684\/revisions"}],"predecessor-version":[{"id":18344,"href":"https:\/\/goodysballhockey.com\/fr\/wp-json\/wp\/v2\/pages\/2684\/revisions\/18344"}],"up":[{"embeddable":true,"href":"https:\/\/goodysballhockey.com\/fr\/wp-json\/wp\/v2\/pages\/2517"}],"wp:attachment":[{"href":"https:\/\/goodysballhockey.com\/fr\/wp-json\/wp\/v2\/media?parent=2684"}],"curies":[{"name":"wp","href":"https:\/\/api.w.org\/{rel}","templated":true}]}}