{"id":2651,"date":"2021-03-24T09:18:43","date_gmt":"2021-03-24T13:18:43","guid":{"rendered":"http:\/\/goodysballhockey.com\/?page_id=2651"},"modified":"2026-03-11T16:34:51","modified_gmt":"2026-03-11T20:34:51","slug":"commanditaire","status":"publish","type":"page","link":"https:\/\/goodysballhockey.com\/fr\/commanditaire\/","title":{"rendered":"Commanditaires"},"content":{"rendered":"<p><img loading=\"lazy\" decoding=\"async\" class=\"alignnone size-full wp-image-18389\" src=\"http:\/\/goodysballhockey.com\/wp-content\/uploads\/sites\/447\/2026\/03\/Sponsors-landscape_2026_2-scaled.jpg\" alt=\"\" width=\"2048\" height=\"1583\" srcset=\"https:\/\/goodysballhockey.com\/wp-content\/uploads\/sites\/447\/2026\/03\/Sponsors-landscape_2026_2-scaled.jpg 2048w, https:\/\/goodysballhockey.com\/wp-content\/uploads\/sites\/447\/2026\/03\/Sponsors-landscape_2026_2-300x232.jpg 300w, https:\/\/goodysballhockey.com\/wp-content\/uploads\/sites\/447\/2026\/03\/Sponsors-landscape_2026_2-2000x1545.jpg 2000w, https:\/\/goodysballhockey.com\/wp-content\/uploads\/sites\/447\/2026\/03\/Sponsors-landscape_2026_2-768x593.jpg 768w, https:\/\/goodysballhockey.com\/wp-content\/uploads\/sites\/447\/2026\/03\/Sponsors-landscape_2026_2-1536x1187.jpg 1536w\" sizes=\"(max-width: 2048px) 100vw, 2048px\" \/><\/p>\n<p>&nbsp;<\/p>\n<p><span style=\"color: #ff9900;font-family: 'trebuchet ms', geneva, sans-serif;font-size: 12pt\"><strong>Int\u00e9r\u00e9s\u00e9(s)? <\/strong><\/span><span style=\"font-family: 'trebuchet ms', geneva, sans-serif;font-size: 12pt\">Communiquez avec nous par courriel au <span style=\"text-decoration: underline\">info@goodysballhockey.com<\/span><\/span><\/p>\n","protected":false},"excerpt":{"rendered":"<p>&nbsp; Int\u00e9r\u00e9s\u00e9(s)? Communiquez avec nous par courriel au info@goodysballhockey.com<\/p>\n","protected":false},"author":193,"featured_media":0,"parent":0,"menu_order":10,"comment_status":"closed","ping_status":"closed","template":"","meta":{"_acf_changed":false,"footnotes":""},"class_list":["post-2651","page","type-page","status-publish","hentry"],"acf":[],"yoast_head":"<!-- This site is optimized with the Yoast SEO plugin v25.7 - https:\/\/yoast.com\/wordpress\/plugins\/seo\/ -->\n<title>Commanditaires - Goody&#039;s Ball Hockey<\/title>\n<meta name=\"robots\" content=\"index, follow, max-snippet:-1, max-image-preview:large, max-video-preview:-1\" \/>\n<link rel=\"canonical\" href=\"https:\/\/goodysballhockey.com\/fr\/commanditaire\/\" \/>\n<meta property=\"og:locale\" content=\"fr_FR\" \/>\n<meta property=\"og:type\" content=\"article\" \/>\n<meta property=\"og:title\" content=\"Commanditaires - Goody&#039;s Ball Hockey\" \/>\n<meta property=\"og:description\" content=\"&nbsp; Int\u00e9r\u00e9s\u00e9(s)? Communiquez avec nous par courriel au info@goodysballhockey.com\" \/>\n<meta property=\"og:url\" content=\"https:\/\/goodysballhockey.com\/fr\/commanditaire\/\" \/>\n<meta property=\"og:site_name\" content=\"Goody&#039;s Ball Hockey\" \/>\n<meta property=\"article:modified_time\" content=\"2026-03-11T20:34:51+00:00\" \/>\n<meta property=\"og:image\" content=\"https:\/\/goodysballhockey.com\/wp-content\/uploads\/sites\/447\/2026\/03\/Sponsors-landscape_2026_2-scaled.jpg\" \/>\n\t<meta property=\"og:image:width\" content=\"2048\" \/>\n\t<meta property=\"og:image:height\" content=\"1583\" \/>\n\t<meta property=\"og:image:type\" content=\"image\/jpeg\" \/>\n<meta name=\"twitter:card\" content=\"summary_large_image\" \/>\n<meta name=\"twitter:label1\" content=\"Dur\u00e9e de lecture estim\u00e9e\" \/>\n\t<meta name=\"twitter:data1\" content=\"1 minute\" \/>\n<script type=\"application\/ld+json\" class=\"yoast-schema-graph\">{\"@context\":\"https:\/\/schema.org\",\"@graph\":[{\"@type\":\"WebPage\",\"@id\":\"https:\/\/goodysballhockey.com\/fr\/commanditaire\/\",\"url\":\"https:\/\/goodysballhockey.com\/fr\/commanditaire\/\",\"name\":\"Commanditaires - Goody's Ball Hockey\",\"isPartOf\":{\"@id\":\"https:\/\/goodysballhockey.com\/#website\"},\"primaryImageOfPage\":{\"@id\":\"https:\/\/goodysballhockey.com\/fr\/commanditaire\/#primaryimage\"},\"image\":{\"@id\":\"https:\/\/goodysballhockey.com\/fr\/commanditaire\/#primaryimage\"},\"thumbnailUrl\":\"http:\/\/goodysballhockey.com\/wp-content\/uploads\/sites\/447\/2026\/03\/Sponsors-landscape_2026_2-scaled.jpg\",\"datePublished\":\"2021-03-24T13:18:43+00:00\",\"dateModified\":\"2026-03-11T20:34:51+00:00\",\"breadcrumb\":{\"@id\":\"https:\/\/goodysballhockey.com\/fr\/commanditaire\/#breadcrumb\"},\"inLanguage\":\"fr-FR\",\"potentialAction\":[{\"@type\":\"ReadAction\",\"target\":[\"https:\/\/goodysballhockey.com\/fr\/commanditaire\/\"]}]},{\"@type\":\"ImageObject\",\"inLanguage\":\"fr-FR\",\"@id\":\"https:\/\/goodysballhockey.com\/fr\/commanditaire\/#primaryimage\",\"url\":\"http:\/\/goodysballhockey.com\/wp-content\/uploads\/sites\/447\/2026\/03\/Sponsors-landscape_2026_2-scaled.jpg\",\"contentUrl\":\"http:\/\/goodysballhockey.com\/wp-content\/uploads\/sites\/447\/2026\/03\/Sponsors-landscape_2026_2-scaled.jpg\"},{\"@type\":\"BreadcrumbList\",\"@id\":\"https:\/\/goodysballhockey.com\/fr\/commanditaire\/#breadcrumb\",\"itemListElement\":[{\"@type\":\"ListItem\",\"position\":1,\"name\":\"Accueil\",\"item\":\"https:\/\/goodysballhockey.com\/\"},{\"@type\":\"ListItem\",\"position\":2,\"name\":\"Commanditaires\"}]},{\"@type\":\"WebSite\",\"@id\":\"https:\/\/goodysballhockey.com\/#website\",\"url\":\"https:\/\/goodysballhockey.com\/\",\"name\":\"Goody's Ball Hockey\",\"description\":\"Un site utilisant Les sites de Shark M\u00e9dia & Sport, template Slapshot\",\"potentialAction\":[{\"@type\":\"SearchAction\",\"target\":{\"@type\":\"EntryPoint\",\"urlTemplate\":\"https:\/\/goodysballhockey.com\/?s={search_term_string}\"},\"query-input\":{\"@type\":\"PropertyValueSpecification\",\"valueRequired\":true,\"valueName\":\"search_term_string\"}}],\"inLanguage\":\"fr-FR\"}]}<\/script>\n<!-- \/ Yoast SEO plugin. -->","yoast_head_json":{"title":"Commanditaires - Goody's Ball Hockey","robots":{"index":"index","follow":"follow","max-snippet":"max-snippet:-1","max-image-preview":"max-image-preview:large","max-video-preview":"max-video-preview:-1"},"canonical":"https:\/\/goodysballhockey.com\/fr\/commanditaire\/","og_locale":"fr_FR","og_type":"article","og_title":"Commanditaires - Goody's Ball Hockey","og_description":"&nbsp; Int\u00e9r\u00e9s\u00e9(s)? Communiquez avec nous par courriel au info@goodysballhockey.com","og_url":"https:\/\/goodysballhockey.com\/fr\/commanditaire\/","og_site_name":"Goody's Ball Hockey","article_modified_time":"2026-03-11T20:34:51+00:00","og_image":[{"width":2048,"height":1583,"url":"https:\/\/goodysballhockey.com\/wp-content\/uploads\/sites\/447\/2026\/03\/Sponsors-landscape_2026_2-scaled.jpg","type":"image\/jpeg"}],"twitter_card":"summary_large_image","twitter_misc":{"Dur\u00e9e de lecture estim\u00e9e":"1 minute"},"schema":{"@context":"https:\/\/schema.org","@graph":[{"@type":"WebPage","@id":"https:\/\/goodysballhockey.com\/fr\/commanditaire\/","url":"https:\/\/goodysballhockey.com\/fr\/commanditaire\/","name":"Commanditaires - Goody's Ball Hockey","isPartOf":{"@id":"https:\/\/goodysballhockey.com\/#website"},"primaryImageOfPage":{"@id":"https:\/\/goodysballhockey.com\/fr\/commanditaire\/#primaryimage"},"image":{"@id":"https:\/\/goodysballhockey.com\/fr\/commanditaire\/#primaryimage"},"thumbnailUrl":"http:\/\/goodysballhockey.com\/wp-content\/uploads\/sites\/447\/2026\/03\/Sponsors-landscape_2026_2-scaled.jpg","datePublished":"2021-03-24T13:18:43+00:00","dateModified":"2026-03-11T20:34:51+00:00","breadcrumb":{"@id":"https:\/\/goodysballhockey.com\/fr\/commanditaire\/#breadcrumb"},"inLanguage":"fr-FR","potentialAction":[{"@type":"ReadAction","target":["https:\/\/goodysballhockey.com\/fr\/commanditaire\/"]}]},{"@type":"ImageObject","inLanguage":"fr-FR","@id":"https:\/\/goodysballhockey.com\/fr\/commanditaire\/#primaryimage","url":"http:\/\/goodysballhockey.com\/wp-content\/uploads\/sites\/447\/2026\/03\/Sponsors-landscape_2026_2-scaled.jpg","contentUrl":"http:\/\/goodysballhockey.com\/wp-content\/uploads\/sites\/447\/2026\/03\/Sponsors-landscape_2026_2-scaled.jpg"},{"@type":"BreadcrumbList","@id":"https:\/\/goodysballhockey.com\/fr\/commanditaire\/#breadcrumb","itemListElement":[{"@type":"ListItem","position":1,"name":"Accueil","item":"https:\/\/goodysballhockey.com\/"},{"@type":"ListItem","position":2,"name":"Commanditaires"}]},{"@type":"WebSite","@id":"https:\/\/goodysballhockey.com\/#website","url":"https:\/\/goodysballhockey.com\/","name":"Goody's Ball Hockey","description":"Un site utilisant Les sites de Shark M\u00e9dia & Sport, template Slapshot","potentialAction":[{"@type":"SearchAction","target":{"@type":"EntryPoint","urlTemplate":"https:\/\/goodysballhockey.com\/?s={search_term_string}"},"query-input":{"@type":"PropertyValueSpecification","valueRequired":true,"valueName":"search_term_string"}}],"inLanguage":"fr-FR"}]}},"_links":{"self":[{"href":"https:\/\/goodysballhockey.com\/fr\/wp-json\/wp\/v2\/pages\/2651","targetHints":{"allow":["GET"]}}],"collection":[{"href":"https:\/\/goodysballhockey.com\/fr\/wp-json\/wp\/v2\/pages"}],"about":[{"href":"https:\/\/goodysballhockey.com\/fr\/wp-json\/wp\/v2\/types\/page"}],"author":[{"embeddable":true,"href":"https:\/\/goodysballhockey.com\/fr\/wp-json\/wp\/v2\/users\/193"}],"replies":[{"embeddable":true,"href":"https:\/\/goodysballhockey.com\/fr\/wp-json\/wp\/v2\/comments?post=2651"}],"version-history":[{"count":22,"href":"https:\/\/goodysballhockey.com\/fr\/wp-json\/wp\/v2\/pages\/2651\/revisions"}],"predecessor-version":[{"id":18393,"href":"https:\/\/goodysballhockey.com\/fr\/wp-json\/wp\/v2\/pages\/2651\/revisions\/18393"}],"wp:attachment":[{"href":"https:\/\/goodysballhockey.com\/fr\/wp-json\/wp\/v2\/media?parent=2651"}],"curies":[{"name":"wp","href":"https:\/\/api.w.org\/{rel}","templated":true}]}}