{"id":2639,"date":"2021-03-24T09:06:02","date_gmt":"2021-03-24T13:06:02","guid":{"rendered":"http:\/\/goodysballhockey.com\/?page_id=2639"},"modified":"2026-01-23T15:28:34","modified_gmt":"2026-01-23T20:28:34","slug":"aide-financiere","status":"publish","type":"page","link":"https:\/\/goodysballhockey.com\/fr\/aide-financiere\/","title":{"rendered":"Aide financi\u00e8re"},"content":{"rendered":"<p><span style=\"font-family: verdana, geneva, sans-serif\"><img loading=\"lazy\" decoding=\"async\" class=\"wp-image-2642 size-medium alignnone\" src=\"http:\/\/goodysballhockey.com\/wp-content\/uploads\/sites\/447\/2021\/03\/AIDSMy_Rap_Moncton-300x75.png\" alt=\"\" width=\"300\" height=\"75\" srcset=\"https:\/\/goodysballhockey.com\/wp-content\/uploads\/sites\/447\/2021\/03\/AIDSMy_Rap_Moncton-300x75.png 300w, https:\/\/goodysballhockey.com\/wp-content\/uploads\/sites\/447\/2021\/03\/AIDSMy_Rap_Moncton.png 406w\" sizes=\"(max-width: 300px) 100vw, 300px\" \/>\u00a0 \u00a0 \u00a0<a href=\"https:\/\/www.dieppe.ca\/fr\/vivreadieppe\/projeunesse.aspx\" target=\"_blank\" rel=\"noopener noreferrer\"><img loading=\"lazy\" decoding=\"async\" class=\"wp-image-2644 alignnone\" src=\"http:\/\/goodysballhockey.com\/wp-content\/uploads\/sites\/447\/2021\/03\/AIDSPROJeunesse.jpg\" alt=\"\" width=\"170\" height=\"75\" \/><\/a> \u00a0\u00a0 \u00a0\u00a0 \u00a0\u00a0 \u00a0\u00a0 \u00a0<a href=\"http:\/\/www.townofriverview.ca\/about-riverview\/visiting-riverview?_mid_=17287\" target=\"_blank\" rel=\"noopener noreferrer\"><img loading=\"lazy\" decoding=\"async\" class=\"wp-image-2646 alignnone\" src=\"http:\/\/goodysballhockey.com\/wp-content\/uploads\/sites\/447\/2021\/03\/AIDSProkids_Riverview-300x150.png\" alt=\"\" width=\"156\" height=\"78\" srcset=\"https:\/\/goodysballhockey.com\/wp-content\/uploads\/sites\/447\/2021\/03\/AIDSProkids_Riverview-300x150.png 300w, https:\/\/goodysballhockey.com\/wp-content\/uploads\/sites\/447\/2021\/03\/AIDSProkids_Riverview.png 323w\" sizes=\"(max-width: 156px) 100vw, 156px\" \/>\u00a0 \u00a0 \u00a0 \u00a0 \u00a0 \u00a0<\/a><a href=\"https:\/\/jumpstart.smartsimple.ca\/s_system_message.jsp\" target=\"_blank\" rel=\"noopener noreferrer\"><img loading=\"lazy\" decoding=\"async\" class=\"wp-image-2640 alignnone\" src=\"http:\/\/goodysballhockey.com\/wp-content\/uploads\/sites\/447\/2021\/03\/AIDSJumpstart.png\" alt=\"\" width=\"127\" height=\"94\" \/><\/a><\/span><\/p>\n<p><span style=\"font-family: verdana, geneva, sans-serif\">Voici un petit survol de l&rsquo;aide financi\u00e8re disponible pour les diff\u00e9rentes r\u00e9gions du grand Moncton.<\/span><\/p>\n<table style=\"border-collapse: collapse;width: 100%\">\n<tbody>\n<tr>\n<td style=\"width: 25%\"><span style=\"font-family: verdana, geneva, sans-serif\"><strong>Moncton<\/strong><\/span><\/td>\n<td style=\"width: 25%\"><span style=\"font-family: verdana, geneva, sans-serif\"><strong>Dieppe\/Memramcook<\/strong><\/span><\/td>\n<td style=\"width: 25%\"><span style=\"font-family: verdana, geneva, sans-serif\"><strong>Riverview<\/strong><\/span><\/td>\n<td style=\"width: 25%\"><span style=\"font-family: verdana, geneva, sans-serif\"><strong>Autres<\/strong><\/span><\/td>\n<\/tr>\n<tr>\n<td style=\"width: 25%\"><span style=\"font-family: verdana, geneva, sans-serif\">MyRap\/YMCA<\/span><\/td>\n<td style=\"width: 25%\"><span style=\"font-family: verdana, geneva, sans-serif\">P.R.O. Jeunesse<\/span><\/td>\n<td style=\"width: 25%\"><span style=\"font-family: verdana, geneva, sans-serif\">P.R.O. Kids Riverview<\/span><\/td>\n<td style=\"width: 25%\"><span style=\"font-family: verdana, geneva, sans-serif\">Canadian Tire Jumpstart<\/span><\/td>\n<\/tr>\n<tr>\n<td style=\"width: 25%\"><span style=\"font-family: verdana, geneva, sans-serif\">Cliquez <strong><a href=\"https:\/\/www.ymca.ca\/fr\/ce-que-nous-offrons\/aide-financiere\">ICI<\/a><\/strong><\/span><\/td>\n<td style=\"width: 25%\"><span style=\"font-family: verdana, geneva, sans-serif\">\u00a0Cliquez <a href=\"https:\/\/www.projeunessekids.com\/\"><strong>ICI<\/strong><\/a><\/span><\/td>\n<td style=\"width: 25%\"><span style=\"font-family: verdana, geneva, sans-serif\">Cliquez <a href=\"https:\/\/www.townofriverview.ca\/parks-and-recreation\/riverview-pro-kids\/riverview-pro-kids-activity-choices\"><strong>ICI<\/strong><\/a><\/span><\/td>\n<td style=\"width: 25%\"><span style=\"font-family: verdana, geneva, sans-serif\">Cliquez <strong><a href=\"https:\/\/jumpstart.canadiantire.ca\/fr\/pages\/individual-child-grants\">ICI<\/a><\/strong><\/span><\/td>\n<\/tr>\n<\/tbody>\n<\/table>\n<p><span style=\"font-family: verdana, geneva, sans-serif\">Prenez note que nous n&rsquo;avons rien \u00e0 voir dans l&rsquo;administration de ces programmes et que ce sont ces organismes qui prennent les d\u00e9cisions.<\/span><\/p>\n<p><span style=\"font-family: verdana, geneva, sans-serif\">Lorque vous remplissez le formulaire de demande, voici l&rsquo;information requise:<\/span><\/p>\n<p><strong><span style=\"font-family: verdana, geneva, sans-serif\">Hockey-Balle Goody&rsquo;s<\/span><\/strong><\/p>\n<p><strong><span style=\"font-family: verdana, geneva, sans-serif\">Adresse postale: <\/span><\/strong><span style=\"font-family: verdana, geneva, sans-serif\">396, rue Centrale, Memramcook, N.-B.\u00a0 E4K 3S5<\/span><\/p>\n<p><strong><span style=\"font-family: verdana, geneva, sans-serif\">Courriel: <\/span><\/strong><span style=\"font-family: verdana, geneva, sans-serif\">info@goodysballhockey.com<\/span><\/p>\n","protected":false},"excerpt":{"rendered":"<p>\u00a0 \u00a0 \u00a0 \u00a0\u00a0 \u00a0\u00a0 \u00a0\u00a0 \u00a0\u00a0 \u00a0\u00a0 \u00a0 \u00a0 \u00a0 \u00a0 \u00a0 Voici un petit survol de l&rsquo;aide financi\u00e8re disponible pour les diff\u00e9rentes r\u00e9gions du grand Moncton. Moncton Dieppe\/Memramcook Riverview Autres MyRap\/YMCA P.R.O. Jeunesse P.R.O. Kids Riverview Canadian Tire Jumpstart Cliquez ICI \u00a0Cliquez ICI Cliquez ICI Cliquez ICI Prenez note que nous n&rsquo;avons rien [&hellip;]<\/p>\n","protected":false},"author":193,"featured_media":0,"parent":0,"menu_order":10,"comment_status":"closed","ping_status":"closed","template":"","meta":{"_acf_changed":false,"footnotes":""},"class_list":["post-2639","page","type-page","status-publish","hentry"],"acf":[],"yoast_head":"<!-- This site is optimized with the Yoast SEO plugin v25.7 - https:\/\/yoast.com\/wordpress\/plugins\/seo\/ -->\n<title>Aide financi\u00e8re - Goody&#039;s Ball Hockey<\/title>\n<meta name=\"robots\" content=\"index, follow, max-snippet:-1, max-image-preview:large, max-video-preview:-1\" \/>\n<link rel=\"canonical\" href=\"https:\/\/goodysballhockey.com\/fr\/aide-financiere\/\" \/>\n<meta property=\"og:locale\" content=\"fr_FR\" \/>\n<meta property=\"og:type\" content=\"article\" \/>\n<meta property=\"og:title\" content=\"Aide financi\u00e8re - Goody&#039;s Ball Hockey\" \/>\n<meta property=\"og:description\" content=\"\u00a0 \u00a0 \u00a0 \u00a0\u00a0 \u00a0\u00a0 \u00a0\u00a0 \u00a0\u00a0 \u00a0\u00a0 \u00a0 \u00a0 \u00a0 \u00a0 \u00a0 Voici un petit survol de l&rsquo;aide financi\u00e8re disponible pour les diff\u00e9rentes r\u00e9gions du grand Moncton. Moncton Dieppe\/Memramcook Riverview Autres MyRap\/YMCA P.R.O. Jeunesse P.R.O. Kids Riverview Canadian Tire Jumpstart Cliquez ICI \u00a0Cliquez ICI Cliquez ICI Cliquez ICI Prenez note que nous n&rsquo;avons rien [&hellip;]\" \/>\n<meta property=\"og:url\" content=\"https:\/\/goodysballhockey.com\/fr\/aide-financiere\/\" \/>\n<meta property=\"og:site_name\" content=\"Goody&#039;s Ball Hockey\" \/>\n<meta property=\"article:modified_time\" content=\"2026-01-23T20:28:34+00:00\" \/>\n<meta property=\"og:image\" content=\"https:\/\/goodysballhockey.com\/wp-content\/uploads\/sites\/447\/2021\/03\/AIDSMy_Rap_Moncton.png\" \/>\n\t<meta property=\"og:image:width\" content=\"406\" \/>\n\t<meta property=\"og:image:height\" content=\"101\" \/>\n\t<meta property=\"og:image:type\" content=\"image\/png\" \/>\n<meta name=\"twitter:card\" content=\"summary_large_image\" \/>\n<meta name=\"twitter:label1\" content=\"Dur\u00e9e de lecture estim\u00e9e\" \/>\n\t<meta name=\"twitter:data1\" content=\"2 minutes\" \/>\n<script type=\"application\/ld+json\" class=\"yoast-schema-graph\">{\"@context\":\"https:\/\/schema.org\",\"@graph\":[{\"@type\":\"WebPage\",\"@id\":\"https:\/\/goodysballhockey.com\/fr\/aide-financiere\/\",\"url\":\"https:\/\/goodysballhockey.com\/fr\/aide-financiere\/\",\"name\":\"Aide financi\u00e8re - Goody's Ball Hockey\",\"isPartOf\":{\"@id\":\"https:\/\/goodysballhockey.com\/#website\"},\"primaryImageOfPage\":{\"@id\":\"https:\/\/goodysballhockey.com\/fr\/aide-financiere\/#primaryimage\"},\"image\":{\"@id\":\"https:\/\/goodysballhockey.com\/fr\/aide-financiere\/#primaryimage\"},\"thumbnailUrl\":\"http:\/\/goodysballhockey.com\/wp-content\/uploads\/sites\/447\/2021\/03\/AIDSMy_Rap_Moncton-300x75.png\",\"datePublished\":\"2021-03-24T13:06:02+00:00\",\"dateModified\":\"2026-01-23T20:28:34+00:00\",\"breadcrumb\":{\"@id\":\"https:\/\/goodysballhockey.com\/fr\/aide-financiere\/#breadcrumb\"},\"inLanguage\":\"fr-FR\",\"potentialAction\":[{\"@type\":\"ReadAction\",\"target\":[\"https:\/\/goodysballhockey.com\/fr\/aide-financiere\/\"]}]},{\"@type\":\"ImageObject\",\"inLanguage\":\"fr-FR\",\"@id\":\"https:\/\/goodysballhockey.com\/fr\/aide-financiere\/#primaryimage\",\"url\":\"http:\/\/goodysballhockey.com\/wp-content\/uploads\/sites\/447\/2021\/03\/AIDSMy_Rap_Moncton-300x75.png\",\"contentUrl\":\"http:\/\/goodysballhockey.com\/wp-content\/uploads\/sites\/447\/2021\/03\/AIDSMy_Rap_Moncton-300x75.png\"},{\"@type\":\"BreadcrumbList\",\"@id\":\"https:\/\/goodysballhockey.com\/fr\/aide-financiere\/#breadcrumb\",\"itemListElement\":[{\"@type\":\"ListItem\",\"position\":1,\"name\":\"Accueil\",\"item\":\"https:\/\/goodysballhockey.com\/\"},{\"@type\":\"ListItem\",\"position\":2,\"name\":\"Aide financi\u00e8re\"}]},{\"@type\":\"WebSite\",\"@id\":\"https:\/\/goodysballhockey.com\/#website\",\"url\":\"https:\/\/goodysballhockey.com\/\",\"name\":\"Goody's Ball Hockey\",\"description\":\"Un site utilisant Les sites de Shark M\u00e9dia & Sport, template Slapshot\",\"potentialAction\":[{\"@type\":\"SearchAction\",\"target\":{\"@type\":\"EntryPoint\",\"urlTemplate\":\"https:\/\/goodysballhockey.com\/?s={search_term_string}\"},\"query-input\":{\"@type\":\"PropertyValueSpecification\",\"valueRequired\":true,\"valueName\":\"search_term_string\"}}],\"inLanguage\":\"fr-FR\"}]}<\/script>\n<!-- \/ Yoast SEO plugin. -->","yoast_head_json":{"title":"Aide financi\u00e8re - Goody's Ball Hockey","robots":{"index":"index","follow":"follow","max-snippet":"max-snippet:-1","max-image-preview":"max-image-preview:large","max-video-preview":"max-video-preview:-1"},"canonical":"https:\/\/goodysballhockey.com\/fr\/aide-financiere\/","og_locale":"fr_FR","og_type":"article","og_title":"Aide financi\u00e8re - Goody's Ball Hockey","og_description":"\u00a0 \u00a0 \u00a0 \u00a0\u00a0 \u00a0\u00a0 \u00a0\u00a0 \u00a0\u00a0 \u00a0\u00a0 \u00a0 \u00a0 \u00a0 \u00a0 \u00a0 Voici un petit survol de l&rsquo;aide financi\u00e8re disponible pour les diff\u00e9rentes r\u00e9gions du grand Moncton. Moncton Dieppe\/Memramcook Riverview Autres MyRap\/YMCA P.R.O. Jeunesse P.R.O. Kids Riverview Canadian Tire Jumpstart Cliquez ICI \u00a0Cliquez ICI Cliquez ICI Cliquez ICI Prenez note que nous n&rsquo;avons rien [&hellip;]","og_url":"https:\/\/goodysballhockey.com\/fr\/aide-financiere\/","og_site_name":"Goody's Ball Hockey","article_modified_time":"2026-01-23T20:28:34+00:00","og_image":[{"width":406,"height":101,"url":"https:\/\/goodysballhockey.com\/wp-content\/uploads\/sites\/447\/2021\/03\/AIDSMy_Rap_Moncton.png","type":"image\/png"}],"twitter_card":"summary_large_image","twitter_misc":{"Dur\u00e9e de lecture estim\u00e9e":"2 minutes"},"schema":{"@context":"https:\/\/schema.org","@graph":[{"@type":"WebPage","@id":"https:\/\/goodysballhockey.com\/fr\/aide-financiere\/","url":"https:\/\/goodysballhockey.com\/fr\/aide-financiere\/","name":"Aide financi\u00e8re - Goody's Ball Hockey","isPartOf":{"@id":"https:\/\/goodysballhockey.com\/#website"},"primaryImageOfPage":{"@id":"https:\/\/goodysballhockey.com\/fr\/aide-financiere\/#primaryimage"},"image":{"@id":"https:\/\/goodysballhockey.com\/fr\/aide-financiere\/#primaryimage"},"thumbnailUrl":"http:\/\/goodysballhockey.com\/wp-content\/uploads\/sites\/447\/2021\/03\/AIDSMy_Rap_Moncton-300x75.png","datePublished":"2021-03-24T13:06:02+00:00","dateModified":"2026-01-23T20:28:34+00:00","breadcrumb":{"@id":"https:\/\/goodysballhockey.com\/fr\/aide-financiere\/#breadcrumb"},"inLanguage":"fr-FR","potentialAction":[{"@type":"ReadAction","target":["https:\/\/goodysballhockey.com\/fr\/aide-financiere\/"]}]},{"@type":"ImageObject","inLanguage":"fr-FR","@id":"https:\/\/goodysballhockey.com\/fr\/aide-financiere\/#primaryimage","url":"http:\/\/goodysballhockey.com\/wp-content\/uploads\/sites\/447\/2021\/03\/AIDSMy_Rap_Moncton-300x75.png","contentUrl":"http:\/\/goodysballhockey.com\/wp-content\/uploads\/sites\/447\/2021\/03\/AIDSMy_Rap_Moncton-300x75.png"},{"@type":"BreadcrumbList","@id":"https:\/\/goodysballhockey.com\/fr\/aide-financiere\/#breadcrumb","itemListElement":[{"@type":"ListItem","position":1,"name":"Accueil","item":"https:\/\/goodysballhockey.com\/"},{"@type":"ListItem","position":2,"name":"Aide financi\u00e8re"}]},{"@type":"WebSite","@id":"https:\/\/goodysballhockey.com\/#website","url":"https:\/\/goodysballhockey.com\/","name":"Goody's Ball Hockey","description":"Un site utilisant Les sites de Shark M\u00e9dia & Sport, template Slapshot","potentialAction":[{"@type":"SearchAction","target":{"@type":"EntryPoint","urlTemplate":"https:\/\/goodysballhockey.com\/?s={search_term_string}"},"query-input":{"@type":"PropertyValueSpecification","valueRequired":true,"valueName":"search_term_string"}}],"inLanguage":"fr-FR"}]}},"_links":{"self":[{"href":"https:\/\/goodysballhockey.com\/fr\/wp-json\/wp\/v2\/pages\/2639","targetHints":{"allow":["GET"]}}],"collection":[{"href":"https:\/\/goodysballhockey.com\/fr\/wp-json\/wp\/v2\/pages"}],"about":[{"href":"https:\/\/goodysballhockey.com\/fr\/wp-json\/wp\/v2\/types\/page"}],"author":[{"embeddable":true,"href":"https:\/\/goodysballhockey.com\/fr\/wp-json\/wp\/v2\/users\/193"}],"replies":[{"embeddable":true,"href":"https:\/\/goodysballhockey.com\/fr\/wp-json\/wp\/v2\/comments?post=2639"}],"version-history":[{"count":27,"href":"https:\/\/goodysballhockey.com\/fr\/wp-json\/wp\/v2\/pages\/2639\/revisions"}],"predecessor-version":[{"id":18374,"href":"https:\/\/goodysballhockey.com\/fr\/wp-json\/wp\/v2\/pages\/2639\/revisions\/18374"}],"wp:attachment":[{"href":"https:\/\/goodysballhockey.com\/fr\/wp-json\/wp\/v2\/media?parent=2639"}],"curies":[{"name":"wp","href":"https:\/\/api.w.org\/{rel}","templated":true}]}}