{"id":2622,"date":"2021-03-24T08:57:14","date_gmt":"2021-03-24T12:57:14","guid":{"rendered":"http:\/\/goodysballhockey.com\/?page_id=2622"},"modified":"2026-01-23T14:45:49","modified_gmt":"2026-01-23T19:45:49","slug":"ligue-jeunes","status":"publish","type":"page","link":"https:\/\/goodysballhockey.com\/fr\/inscription\/ligue-jeunes\/","title":{"rendered":"INSCRIPTION &#8211; Ligue pour les Jeunes 2026"},"content":{"rendered":"<p><span style=\"text-decoration: underline;font-family: verdana, geneva, sans-serif;font-size: 12pt;color: #ff9900\"><strong>INFORMATION SUR LA LIGUE POUR LES JEUNES 2026<\/strong><\/span><\/p>\n<p><span style=\"font-family: verdana, geneva, sans-serif;font-size: 12pt\"><strong>Pour vous inscrire: <\/strong>Cliquer <a href=\"https:\/\/docs.google.com\/forms\/d\/1NU6NvL4PGkqMsFeQuHTzq9pJ_AJaE_JmJZ4C0cr5LIg\/viewform\"><strong>ICI<\/strong><\/a><\/span><\/p>\n<p><span style=\"font-family: verdana, geneva, sans-serif;font-size: 12pt\"><strong>P\u00e9riode d&rsquo;inscription:<\/strong> 1 f\u00e9vrier au 31 mars, 2026.\u00a0<\/span><\/p>\n<p><span style=\"font-family: verdana, geneva, sans-serif;font-size: 12pt\"><strong>Date de d\u00e9but: <\/strong>\u00a0D\u00e9but juin (9-10 semaines).\u00a0<\/span><\/p>\n<p><span style=\"font-family: verdana, geneva, sans-serif;font-size: 12pt\"><strong>Location: <\/strong>L&rsquo;Ar\u00e9na Centre Arthur-J.-LeBlanc (Surface Olympique),<\/span><span style=\"font-family: verdana, geneva, sans-serif;font-size: 12pt\"> 432, chemin Melanson, Dieppe, N.-B. E1A 1A6<\/span><\/p>\n<p><span style=\"font-family: verdana, geneva, sans-serif;font-size: 12pt\"><strong>Aper\u00e7u<\/strong><\/span><\/p>\n<table style=\"border-collapse: collapse;width: 101.256%;height: 369px\">\n<tbody>\n<tr style=\"height: 50px\">\n<td style=\"width: 26.6667%;text-align: center;height: 50px\" data-celllook=\"69905\"><span style=\"font-size: 12pt;font-family: verdana, geneva, sans-serif\"><strong>Niveaux \/\/ ann\u00e9es de naissance<\/strong><\/span><\/td>\n<td style=\"width: 30.5556%;text-align: center;height: 50px\" data-celllook=\"69905\"><span style=\"font-size: 12pt;font-family: verdana, geneva, sans-serif\"><strong>Journ\u00e9es et heures r\u00e9guli\u00e8res des sessions<\/strong><\/span><\/td>\n<td style=\"width: 25.5556%;text-align: center;height: 50px\" data-celllook=\"69905\"><span style=\"font-size: 12pt;font-family: verdana, geneva, sans-serif\"><strong>Nombre de sessions<\/strong><\/span><\/td>\n<td style=\"width: 17.2222%;text-align: center;height: 50px\" data-celllook=\"69905\"><span style=\"font-size: 12pt;font-family: verdana, geneva, sans-serif\"><strong>Prix ** pour inscription<\/strong><\/span><\/td>\n<\/tr>\n<tr style=\"height: 49px\">\n<td style=\"width: 26.6667%;text-align: center;height: 49px\"><span style=\"font-family: verdana, geneva, sans-serif;font-size: 12pt\">M5 (2022-2021)<\/span><\/td>\n<td style=\"width: 30.5556%;text-align: center;height: 49px\"><span style=\"font-family: verdana, geneva, sans-serif;font-size: 12pt\">Lundi &amp; mercredi (17h00)<\/span><\/td>\n<td style=\"width: 25.5556%;text-align: center;height: 49px\"><span style=\"font-family: verdana, geneva, sans-serif;font-size: 12pt\">15 (incl. 1 tournoi)<\/span><\/td>\n<td style=\"width: 17.2222%;text-align: center;height: 49px\"><span style=\"font-family: verdana, geneva, sans-serif;font-size: 12pt\">260$<\/span><\/td>\n<\/tr>\n<tr style=\"height: 49px\">\n<td style=\"width: 26.6667%;text-align: center;height: 49px\"><span style=\"font-family: verdana, geneva, sans-serif;font-size: 12pt\">M7 (2020-2019)<\/span><\/td>\n<td style=\"width: 30.5556%;text-align: center;height: 49px\"><span style=\"font-family: verdana, geneva, sans-serif;font-size: 12pt\">Lundi &amp; mercredi (17h45)<\/span><\/td>\n<td style=\"width: 25.5556%;text-align: center;height: 49px\"><span style=\"font-family: verdana, geneva, sans-serif;font-size: 12pt\">15 (incl. 1 tournoi)<\/span><\/td>\n<td style=\"width: 17.2222%;text-align: center;height: 49px\"><span style=\"font-family: verdana, geneva, sans-serif;font-size: 12pt\">260$<\/span><\/td>\n<\/tr>\n<tr style=\"height: 49px\">\n<td style=\"width: 26.6667%;text-align: center;height: 49px\"><span style=\"font-family: verdana, geneva, sans-serif;font-size: 12pt\">M9 (2018-2017)<\/span><\/td>\n<td style=\"width: 30.5556%;text-align: center;height: 49px\"><span style=\"font-family: verdana, geneva, sans-serif;font-size: 12pt\">Lundi &amp; mercredi (18h30)<\/span><\/td>\n<td style=\"width: 25.5556%;text-align: center;height: 49px\"><span style=\"font-family: verdana, geneva, sans-serif;font-size: 12pt\">15 (incl. 1 tournoi)<\/span><\/td>\n<td style=\"width: 17.2222%;text-align: center;height: 49px\"><span style=\"font-family: verdana, geneva, sans-serif;font-size: 12pt\">260$<\/span><\/td>\n<\/tr>\n<tr style=\"height: 49px\">\n<td style=\"width: 26.6667%;text-align: center;height: 49px\"><span style=\"font-family: verdana, geneva, sans-serif;font-size: 12pt\">M11 (2016-2015)<\/span><\/td>\n<td style=\"width: 30.5556%;text-align: center;height: 49px\"><span style=\"font-family: verdana, geneva, sans-serif;font-size: 12pt\">Lundi &amp; mercredi (19h30)<\/span><\/td>\n<td style=\"width: 25.5556%;text-align: center;height: 49px\"><span style=\"font-family: verdana, geneva, sans-serif;font-size: 12pt\">15 (incl. 1 tournoi)<\/span><\/td>\n<td style=\"width: 17.2222%;text-align: center;height: 49px\"><span style=\"font-family: verdana, geneva, sans-serif;font-size: 12pt\">260$<\/span><\/td>\n<\/tr>\n<tr style=\"height: 49px\">\n<td style=\"width: 26.6667%;text-align: center;height: 49px\"><span style=\"font-family: verdana, geneva, sans-serif;font-size: 12pt\">M13 (2014-2013)<\/span><\/td>\n<td style=\"width: 30.5556%;text-align: center;height: 49px\"><span style=\"font-family: verdana, geneva, sans-serif;font-size: 12pt\">Mardi &amp; jeudi (17h30)<\/span><\/td>\n<td style=\"width: 25.5556%;text-align: center;height: 49px\"><span style=\"font-family: verdana, geneva, sans-serif;font-size: 12pt\">15 (incl. 1 tournoi)<\/span><\/td>\n<td style=\"width: 17.2222%;text-align: center;height: 49px\"><span style=\"font-family: verdana, geneva, sans-serif;font-size: 12pt\">260$<\/span><\/td>\n<\/tr>\n<tr style=\"height: 49px\">\n<td style=\"width: 26.6667%;text-align: center;height: 49px\"><span style=\"font-family: verdana, geneva, sans-serif;font-size: 12pt\">M16 (2012-2011-2010-2009)<\/span><\/td>\n<td style=\"width: 30.5556%;text-align: center;height: 49px\"><span style=\"font-family: verdana, geneva, sans-serif;font-size: 12pt\">Mardi (17h30 ou 18h30) &amp; Jeudi (18h30)<\/span><\/td>\n<td style=\"width: 25.5556%;text-align: center;height: 49px\"><span style=\"font-family: verdana, geneva, sans-serif;font-size: 12pt\">15 (incl. playoffs)<\/span><\/td>\n<td style=\"width: 17.2222%;text-align: center;height: 49px\"><span style=\"font-family: verdana, geneva, sans-serif;font-size: 12pt\">260$<\/span><\/td>\n<\/tr>\n<tr style=\"height: 25px\">\n<td style=\"width: 26.6667%;text-align: center;height: 25px\"><span style=\"font-family: verdana, geneva, sans-serif;font-size: 12pt\">Neurodivergent (2022-2009)<\/span><\/td>\n<td style=\"width: 30.5556%;text-align: center;height: 25px\"><span style=\"font-family: verdana, geneva, sans-serif;font-size: 12pt\">\u00a0Mercredi (17h00)<\/span><\/td>\n<td style=\"width: 25.5556%;text-align: center;height: 25px\"><span style=\"font-family: verdana, geneva, sans-serif;font-size: 12pt\">10 (incl. 1 tournoi)<\/span><\/td>\n<td style=\"width: 17.2222%;text-align: center;height: 25px\"><span style=\"font-family: verdana, geneva, sans-serif;font-size: 12pt\">100$<\/span><\/td>\n<\/tr>\n<\/tbody>\n<\/table>\n<p><span style=\"font-family: verdana, geneva, sans-serif;font-size: 12pt\">* Changement possible.<\/span><br \/>\n<span style=\"font-family: verdana, geneva, sans-serif;font-size: 12pt\">** Taxes incluses dans le prix.\u00a0<\/span><\/p>\n<p><span style=\"font-family: verdana, geneva, sans-serif;font-size: 12pt\"><b>Options de paiement:<\/b>\u00a0<\/span><br \/>\n<span style=\"font-family: verdana, geneva, sans-serif;font-size: 12pt\"><span style=\"text-decoration: underline\">Virement Interac<br \/>\n<\/span>\u2013\u00a0Envoyez le paiement au <a href=\"mailto:GBHpayment@gmail.com\">GBHpayment@gmail.com<\/a>\u00a0<\/span><\/p>\n<p><span style=\"font-family: verdana, geneva, sans-serif;font-size: 12pt\">\u2013 Dans les d\u00e9tails du transfert, inclure le nom complet de votre enfant et votre num\u00e9ro de t\u00e9l\u00e9phone. Si obligatoire, svp utilisez \u00ab ballhockey \u00bb comme mot de passe.\u00a0<\/span><\/p>\n<p><span style=\"font-family: verdana, geneva, sans-serif;font-size: 12pt\"><span style=\"text-decoration: underline\">Ch\u00e8que<\/span>\u00a0<\/span><br \/>\n<span style=\"font-family: verdana, geneva, sans-serif;font-size: 12pt\">\u2013 Un ch\u00e8que payable au nom de <strong>Hockey-Balle Goody&rsquo;s<\/strong> peut \u00eatre envoy\u00e9 par la poste au 396 rue centrale Memramcook, N.-B., E4K 3S5. Veuillez inscrire le nom complet et le niveau de votre enfant sur le ch\u00e8que.\u00a0<\/span><\/p>\n<p><span style=\"font-family: verdana, geneva, sans-serif;font-size: 12pt\"><strong>R\u00c9DUCTION FAMILIALE\u00a0<\/strong><\/span><br \/>\n<span style=\"font-family: verdana, geneva, sans-serif;font-size: 12pt\">Hockey-Balle Goody\u2019s offre\u00a0un rabais aux familles qui inscrivent <strong>2 ou plus d&rsquo;enfants<\/strong> dans notre programme pour les niveaux M5, M7, M9, M11, M13, M16 seulement.\u00a0 Un rabais de 15 $ par enfant peut \u00eatre appliqu\u00e9 \u00e0 l&rsquo;\u00e9tape du paiement de l&rsquo;inscription du deuxi\u00e8me (2e) enfant.\u00a0 <strong>La premi\u00e8re inscription est \u00e0 plein prix.<\/strong> \u00a0<\/span><span style=\"font-family: verdana, geneva, sans-serif;font-size: 12pt\"><b><\/b>\u00a0<\/span><\/p>\n<p><span style=\"font-family: verdana, geneva, sans-serif;font-size: 12pt\">Inclure le mot \u00ab Famille \u00bb dans les d\u00e9tails de votre paiement.\u00a0<\/span><\/p>\n<p><span style=\"font-family: verdana, geneva, sans-serif;font-size: 12pt\">Visiter notre page <a href=\"https:\/\/goodysballhockey.com\/faq\/\"><strong>FAQ<\/strong><\/a> pour les crit\u00e8res pour la reduction familliale.\u00a0<\/span><\/p>\n<p><span style=\"font-family: verdana, geneva, sans-serif;font-size: 12pt\"><strong>Questions? <\/strong>Cliquez <strong><a href=\"https:\/\/goodysballhockey.com\/faq\/\">ICI<\/a><\/strong> pour visiter notre page FAQ ou envoyez-nous un courriel \u00e0 <span style=\"text-decoration: underline\">info@goodysballhockey.com<\/span><\/span><\/p>\n<p>&nbsp;<\/p>\n","protected":false},"excerpt":{"rendered":"<p>INFORMATION SUR LA LIGUE POUR LES JEUNES 2026 Pour vous inscrire: Cliquer ICI P\u00e9riode d&rsquo;inscription: 1 f\u00e9vrier au 31 mars, 2026.\u00a0 Date de d\u00e9but: \u00a0D\u00e9but juin (9-10 semaines).\u00a0 Location: L&rsquo;Ar\u00e9na Centre Arthur-J.-LeBlanc (Surface Olympique), 432, chemin Melanson, Dieppe, N.-B. E1A 1A6 Aper\u00e7u Niveaux \/\/ ann\u00e9es de naissance Journ\u00e9es et heures r\u00e9guli\u00e8res des sessions Nombre de [&hellip;]<\/p>\n","protected":false},"author":193,"featured_media":0,"parent":2616,"menu_order":0,"comment_status":"closed","ping_status":"closed","template":"","meta":{"_acf_changed":false,"footnotes":""},"class_list":["post-2622","page","type-page","status-publish","hentry"],"acf":[],"yoast_head":"<!-- This site is optimized with the Yoast SEO plugin v25.7 - https:\/\/yoast.com\/wordpress\/plugins\/seo\/ -->\n<title>INSCRIPTION - Ligue pour les Jeunes 2026 - Goody&#039;s Ball Hockey<\/title>\n<meta name=\"robots\" content=\"index, follow, max-snippet:-1, max-image-preview:large, max-video-preview:-1\" \/>\n<link rel=\"canonical\" href=\"https:\/\/goodysballhockey.com\/fr\/inscription\/ligue-jeunes\/\" \/>\n<meta property=\"og:locale\" content=\"fr_FR\" \/>\n<meta property=\"og:type\" content=\"article\" \/>\n<meta property=\"og:title\" content=\"INSCRIPTION - Ligue pour les Jeunes 2026 - Goody&#039;s Ball Hockey\" \/>\n<meta property=\"og:description\" content=\"INFORMATION SUR LA LIGUE POUR LES JEUNES 2026 Pour vous inscrire: Cliquer ICI P\u00e9riode d&rsquo;inscription: 1 f\u00e9vrier au 31 mars, 2026.\u00a0 Date de d\u00e9but: \u00a0D\u00e9but juin (9-10 semaines).\u00a0 Location: L&rsquo;Ar\u00e9na Centre Arthur-J.-LeBlanc (Surface Olympique), 432, chemin Melanson, Dieppe, N.-B. E1A 1A6 Aper\u00e7u Niveaux \/\/ ann\u00e9es de naissance Journ\u00e9es et heures r\u00e9guli\u00e8res des sessions Nombre de [&hellip;]\" \/>\n<meta property=\"og:url\" content=\"https:\/\/goodysballhockey.com\/fr\/inscription\/ligue-jeunes\/\" \/>\n<meta property=\"og:site_name\" content=\"Goody&#039;s Ball Hockey\" \/>\n<meta property=\"article:modified_time\" content=\"2026-01-23T19:45:49+00:00\" \/>\n<meta name=\"twitter:card\" content=\"summary_large_image\" \/>\n<meta name=\"twitter:label1\" content=\"Dur\u00e9e de lecture estim\u00e9e\" \/>\n\t<meta name=\"twitter:data1\" content=\"2 minutes\" \/>\n<script type=\"application\/ld+json\" class=\"yoast-schema-graph\">{\"@context\":\"https:\/\/schema.org\",\"@graph\":[{\"@type\":\"WebPage\",\"@id\":\"https:\/\/goodysballhockey.com\/fr\/inscription\/ligue-jeunes\/\",\"url\":\"https:\/\/goodysballhockey.com\/fr\/inscription\/ligue-jeunes\/\",\"name\":\"INSCRIPTION - Ligue pour les Jeunes 2026 - Goody's Ball Hockey\",\"isPartOf\":{\"@id\":\"https:\/\/goodysballhockey.com\/#website\"},\"datePublished\":\"2021-03-24T12:57:14+00:00\",\"dateModified\":\"2026-01-23T19:45:49+00:00\",\"breadcrumb\":{\"@id\":\"https:\/\/goodysballhockey.com\/fr\/inscription\/ligue-jeunes\/#breadcrumb\"},\"inLanguage\":\"fr-FR\",\"potentialAction\":[{\"@type\":\"ReadAction\",\"target\":[\"https:\/\/goodysballhockey.com\/fr\/inscription\/ligue-jeunes\/\"]}]},{\"@type\":\"BreadcrumbList\",\"@id\":\"https:\/\/goodysballhockey.com\/fr\/inscription\/ligue-jeunes\/#breadcrumb\",\"itemListElement\":[{\"@type\":\"ListItem\",\"position\":1,\"name\":\"Accueil\",\"item\":\"https:\/\/goodysballhockey.com\/\"},{\"@type\":\"ListItem\",\"position\":2,\"name\":\"INSCRIPTION &#8211; 2025\",\"item\":\"https:\/\/goodysballhockey.com\/inscription\/\"},{\"@type\":\"ListItem\",\"position\":3,\"name\":\"INSCRIPTION &#8211; Ligue pour les Jeunes 2026\"}]},{\"@type\":\"WebSite\",\"@id\":\"https:\/\/goodysballhockey.com\/#website\",\"url\":\"https:\/\/goodysballhockey.com\/\",\"name\":\"Goody's Ball Hockey\",\"description\":\"Un site utilisant Les sites de Shark M\u00e9dia & Sport, template Slapshot\",\"potentialAction\":[{\"@type\":\"SearchAction\",\"target\":{\"@type\":\"EntryPoint\",\"urlTemplate\":\"https:\/\/goodysballhockey.com\/?s={search_term_string}\"},\"query-input\":{\"@type\":\"PropertyValueSpecification\",\"valueRequired\":true,\"valueName\":\"search_term_string\"}}],\"inLanguage\":\"fr-FR\"}]}<\/script>\n<!-- \/ Yoast SEO plugin. -->","yoast_head_json":{"title":"INSCRIPTION - Ligue pour les Jeunes 2026 - Goody's Ball Hockey","robots":{"index":"index","follow":"follow","max-snippet":"max-snippet:-1","max-image-preview":"max-image-preview:large","max-video-preview":"max-video-preview:-1"},"canonical":"https:\/\/goodysballhockey.com\/fr\/inscription\/ligue-jeunes\/","og_locale":"fr_FR","og_type":"article","og_title":"INSCRIPTION - Ligue pour les Jeunes 2026 - Goody's Ball Hockey","og_description":"INFORMATION SUR LA LIGUE POUR LES JEUNES 2026 Pour vous inscrire: Cliquer ICI P\u00e9riode d&rsquo;inscription: 1 f\u00e9vrier au 31 mars, 2026.\u00a0 Date de d\u00e9but: \u00a0D\u00e9but juin (9-10 semaines).\u00a0 Location: L&rsquo;Ar\u00e9na Centre Arthur-J.-LeBlanc (Surface Olympique), 432, chemin Melanson, Dieppe, N.-B. E1A 1A6 Aper\u00e7u Niveaux \/\/ ann\u00e9es de naissance Journ\u00e9es et heures r\u00e9guli\u00e8res des sessions Nombre de [&hellip;]","og_url":"https:\/\/goodysballhockey.com\/fr\/inscription\/ligue-jeunes\/","og_site_name":"Goody's Ball Hockey","article_modified_time":"2026-01-23T19:45:49+00:00","twitter_card":"summary_large_image","twitter_misc":{"Dur\u00e9e de lecture estim\u00e9e":"2 minutes"},"schema":{"@context":"https:\/\/schema.org","@graph":[{"@type":"WebPage","@id":"https:\/\/goodysballhockey.com\/fr\/inscription\/ligue-jeunes\/","url":"https:\/\/goodysballhockey.com\/fr\/inscription\/ligue-jeunes\/","name":"INSCRIPTION - Ligue pour les Jeunes 2026 - Goody's Ball Hockey","isPartOf":{"@id":"https:\/\/goodysballhockey.com\/#website"},"datePublished":"2021-03-24T12:57:14+00:00","dateModified":"2026-01-23T19:45:49+00:00","breadcrumb":{"@id":"https:\/\/goodysballhockey.com\/fr\/inscription\/ligue-jeunes\/#breadcrumb"},"inLanguage":"fr-FR","potentialAction":[{"@type":"ReadAction","target":["https:\/\/goodysballhockey.com\/fr\/inscription\/ligue-jeunes\/"]}]},{"@type":"BreadcrumbList","@id":"https:\/\/goodysballhockey.com\/fr\/inscription\/ligue-jeunes\/#breadcrumb","itemListElement":[{"@type":"ListItem","position":1,"name":"Accueil","item":"https:\/\/goodysballhockey.com\/"},{"@type":"ListItem","position":2,"name":"INSCRIPTION &#8211; 2025","item":"https:\/\/goodysballhockey.com\/inscription\/"},{"@type":"ListItem","position":3,"name":"INSCRIPTION &#8211; Ligue pour les Jeunes 2026"}]},{"@type":"WebSite","@id":"https:\/\/goodysballhockey.com\/#website","url":"https:\/\/goodysballhockey.com\/","name":"Goody's Ball Hockey","description":"Un site utilisant Les sites de Shark M\u00e9dia & Sport, template Slapshot","potentialAction":[{"@type":"SearchAction","target":{"@type":"EntryPoint","urlTemplate":"https:\/\/goodysballhockey.com\/?s={search_term_string}"},"query-input":{"@type":"PropertyValueSpecification","valueRequired":true,"valueName":"search_term_string"}}],"inLanguage":"fr-FR"}]}},"_links":{"self":[{"href":"https:\/\/goodysballhockey.com\/fr\/wp-json\/wp\/v2\/pages\/2622","targetHints":{"allow":["GET"]}}],"collection":[{"href":"https:\/\/goodysballhockey.com\/fr\/wp-json\/wp\/v2\/pages"}],"about":[{"href":"https:\/\/goodysballhockey.com\/fr\/wp-json\/wp\/v2\/types\/page"}],"author":[{"embeddable":true,"href":"https:\/\/goodysballhockey.com\/fr\/wp-json\/wp\/v2\/users\/193"}],"replies":[{"embeddable":true,"href":"https:\/\/goodysballhockey.com\/fr\/wp-json\/wp\/v2\/comments?post=2622"}],"version-history":[{"count":273,"href":"https:\/\/goodysballhockey.com\/fr\/wp-json\/wp\/v2\/pages\/2622\/revisions"}],"predecessor-version":[{"id":18346,"href":"https:\/\/goodysballhockey.com\/fr\/wp-json\/wp\/v2\/pages\/2622\/revisions\/18346"}],"up":[{"embeddable":true,"href":"https:\/\/goodysballhockey.com\/fr\/wp-json\/wp\/v2\/pages\/2616"}],"wp:attachment":[{"href":"https:\/\/goodysballhockey.com\/fr\/wp-json\/wp\/v2\/media?parent=2622"}],"curies":[{"name":"wp","href":"https:\/\/api.w.org\/{rel}","templated":true}]}}