{"id":2612,"date":"2021-03-24T08:46:53","date_gmt":"2021-03-24T12:46:53","guid":{"rendered":"http:\/\/goodysballhockey.com\/?page_id=2612"},"modified":"2025-08-29T13:44:30","modified_gmt":"2025-08-29T17:44:30","slug":"femmes-b","status":"publish","type":"page","link":"https:\/\/goodysballhockey.com\/fr\/champions\/femmes-b\/","title":{"rendered":"CHAMPIONS &#8211; Femmes B"},"content":{"rendered":"<h3 style=\"text-align: center\"><span style=\"font-family: arial, helvetica, sans-serif;font-size: 14pt\">2025 &#8211; Champions Ligue Femme B (Scrambled Legs)<\/span><\/h3>\n<p><img loading=\"lazy\" decoding=\"async\" class=\"size-full wp-image-17614 aligncenter\" src=\"http:\/\/goodysballhockey.com\/wp-content\/uploads\/sites\/447\/2025\/08\/Champs-WB_small-e1755365891176.jpg\" alt=\"\" width=\"468\" height=\"280\" srcset=\"https:\/\/goodysballhockey.com\/wp-content\/uploads\/sites\/447\/2025\/08\/Champs-WB_small-e1755365891176.jpg 468w, https:\/\/goodysballhockey.com\/wp-content\/uploads\/sites\/447\/2025\/08\/Champs-WB_small-e1755365891176-300x179.jpg 300w\" sizes=\"(max-width: 468px) 100vw, 468px\" \/><\/p>\n<p><span style=\"font-family: arial, helvetica, sans-serif;font-size: 14pt\"><strong>Membres de l&rsquo;\u00e9quipe: <\/strong>HAUT- Brett Matchett-Rouselle (goalie), Jo Cormier, Kimberly Dixon, Shelby Beaumont, Kelsey Gould\u00a0 BAS &#8211; Chelsea Lynch, Raine Beckwith \u00a9, Taylor Carr-Babineau, Grace LeClaire<\/span><\/p>\n<h3 style=\"text-align: center\"><span style=\"font-family: arial, helvetica, sans-serif;font-size: 14pt\">2024 &#8211; Champions Ligue Femme B (Snipers)<\/span><\/h3>\n<p><img loading=\"lazy\" decoding=\"async\" class=\"size-full wp-image-14833 aligncenter\" src=\"http:\/\/goodysballhockey.com\/wp-content\/uploads\/sites\/447\/2024\/08\/Womens-Champ_2024_Snipers-e1723742286857.jpg\" alt=\"\" width=\"1699\" height=\"1095\" srcset=\"https:\/\/goodysballhockey.com\/wp-content\/uploads\/sites\/447\/2024\/08\/Womens-Champ_2024_Snipers-e1723742286857.jpg 1699w, https:\/\/goodysballhockey.com\/wp-content\/uploads\/sites\/447\/2024\/08\/Womens-Champ_2024_Snipers-e1723742286857-300x193.jpg 300w, https:\/\/goodysballhockey.com\/wp-content\/uploads\/sites\/447\/2024\/08\/Womens-Champ_2024_Snipers-e1723742286857-768x495.jpg 768w, https:\/\/goodysballhockey.com\/wp-content\/uploads\/sites\/447\/2024\/08\/Womens-Champ_2024_Snipers-e1723742286857-1536x990.jpg 1536w\" sizes=\"(max-width: 1699px) 100vw, 1699px\" \/><\/p>\n<p><span style=\"font-family: arial, helvetica, sans-serif;font-size: 14pt\"><strong>Membres de l&rsquo;\u00e9quipe: <\/strong>HAUT &#8211; Monette Richard, Melanie Richard, Julie Jaillet, Alexane Lecours, Sammie Gallibois-Driscoll, Chantal Leblanc, Yasmine Jaillet BAS &#8211; Renelle Richard, Emilie Goguen, Caitlin Maillet, Ashley Dupuis \u00a9<\/span><\/p>\n<h3 style=\"text-align: center\"><span style=\"font-family: arial, helvetica, sans-serif;font-size: 14pt\">2023 &#8211; Champions Ligue Femme B <\/span><span style=\"font-family: arial, helvetica, sans-serif;font-size: 14pt\">(Snipers)<\/span><\/h3>\n<h3 style=\"text-align: center\"><img loading=\"lazy\" decoding=\"async\" class=\"size-full wp-image-12303 aligncenter\" src=\"http:\/\/goodysballhockey.com\/wp-content\/uploads\/sites\/447\/2023\/12\/Womens-Champions-2023-scaled-e1701741372845.jpg\" alt=\"\" width=\"1198\" height=\"1356\" srcset=\"https:\/\/goodysballhockey.com\/wp-content\/uploads\/sites\/447\/2023\/12\/Womens-Champions-2023-scaled-e1701741372845.jpg 1198w, https:\/\/goodysballhockey.com\/wp-content\/uploads\/sites\/447\/2023\/12\/Womens-Champions-2023-scaled-e1701741372845-265x300.jpg 265w, https:\/\/goodysballhockey.com\/wp-content\/uploads\/sites\/447\/2023\/12\/Womens-Champions-2023-scaled-e1701741372845-768x869.jpg 768w\" sizes=\"(max-width: 1198px) 100vw, 1198px\" \/><\/h3>\n<p><span style=\"font-family: arial, helvetica, sans-serif;font-size: 14pt\"><strong>Membres de l&rsquo;\u00e9quipe:\u00a0<\/strong>Caitlin Maillet (goalie), Ashley Dupuis \u00a9, Chantal Leblanc, Danie Melanson, Emilie Goguen, Isabelle Malaborza, Jessica Cormier, Joannie Leblanc,\u00a0 Julie Jaillet, Karine Doiron, Yasmine Jaillet \u00a0<\/span><\/p>\n<h3 style=\"text-align: center\"><span style=\"font-family: arial, helvetica, sans-serif;font-size: 14pt\">2022 &#8211; <\/span><span style=\"font-family: arial, helvetica, sans-serif;font-size: 14pt\">Champions Ligue Femme B <\/span><span style=\"font-family: arial, helvetica, sans-serif;font-size: 14pt\">(Snipers)<\/span><\/h3>\n<h3 style=\"text-align: center\"><img loading=\"lazy\" decoding=\"async\" class=\"size-full wp-image-12327 aligncenter\" src=\"http:\/\/goodysballhockey.com\/wp-content\/uploads\/sites\/447\/2023\/12\/WB-Champions-2022-scaled-e1701741394321.jpg\" alt=\"\" width=\"1382\" height=\"1249\" srcset=\"https:\/\/goodysballhockey.com\/wp-content\/uploads\/sites\/447\/2023\/12\/WB-Champions-2022-scaled-e1701741394321.jpg 1382w, https:\/\/goodysballhockey.com\/wp-content\/uploads\/sites\/447\/2023\/12\/WB-Champions-2022-scaled-e1701741394321-300x271.jpg 300w, https:\/\/goodysballhockey.com\/wp-content\/uploads\/sites\/447\/2023\/12\/WB-Champions-2022-scaled-e1701741394321-768x694.jpg 768w\" sizes=\"(max-width: 1382px) 100vw, 1382px\" \/><\/h3>\n<p><span style=\"font-family: arial, helvetica, sans-serif;font-size: 14pt\"><strong>Membres de l&rsquo;\u00e9quipe:\u00a0<\/strong>Jos\u00e9e Cormier (goalie), Ashley Dupuis \u00a9, Alexane Papineau, Cynthia Richard, Emilie Goguen, Isabelle Malaborza, Jessica Cormier, Jos\u00e9e Maillet, Karine Doiron, Patricia Par\u00e9, Vanessa Bastarache\u00a0<\/span><\/p>\n<h3 style=\"text-align: center\"><span style=\"font-family: arial, helvetica, sans-serif;font-size: 14pt\">2021 &#8211; <\/span><span style=\"font-family: arial, helvetica, sans-serif;font-size: 14pt\">Champions Ligue Femme B (Storm)<\/span><img loading=\"lazy\" decoding=\"async\" class=\"size-full wp-image-12591 aligncenter\" src=\"http:\/\/goodysballhockey.com\/wp-content\/uploads\/sites\/447\/2023\/12\/WB-champions-2021-1-e1701741490519.jpg\" alt=\"\" width=\"493\" height=\"450\" srcset=\"https:\/\/goodysballhockey.com\/wp-content\/uploads\/sites\/447\/2023\/12\/WB-champions-2021-1-e1701741490519.jpg 493w, https:\/\/goodysballhockey.com\/wp-content\/uploads\/sites\/447\/2023\/12\/WB-champions-2021-1-e1701741490519-300x274.jpg 300w\" sizes=\"(max-width: 493px) 100vw, 493px\" \/><\/h3>\n<p><span style=\"font-family: arial, helvetica, sans-serif;font-size: 14pt\"><strong>Membres de l&rsquo;\u00e9quipe:\u00a0<\/strong>Marc-andre Leblanc (goalie), Sylvie Dupuis \u00a9, Amanda Martin, Brianna Stewart, Danika Bastarache, Melanie Poirier,\u00a0 Natasha Richard, Sophie Cormier, Taylor Marney<\/span><\/p>\n<h3 style=\"text-align: center\"><span style=\"font-family: arial, helvetica, sans-serif;font-size: 14pt\">2019 &#8211; <\/span><span style=\"font-family: arial, helvetica, sans-serif;font-size: 14pt\">Champions Ligue Femme B<\/span><img loading=\"lazy\" decoding=\"async\" class=\"size-full wp-image-12369 aligncenter\" src=\"http:\/\/goodysballhockey.com\/wp-content\/uploads\/sites\/447\/2023\/12\/13.-Womens-B-Champions-2019-scaled-e1701741413330.jpg\" alt=\"\" width=\"1146\" height=\"1003\" srcset=\"https:\/\/goodysballhockey.com\/wp-content\/uploads\/sites\/447\/2023\/12\/13.-Womens-B-Champions-2019-scaled-e1701741413330.jpg 1146w, https:\/\/goodysballhockey.com\/wp-content\/uploads\/sites\/447\/2023\/12\/13.-Womens-B-Champions-2019-scaled-e1701741413330-300x263.jpg 300w, https:\/\/goodysballhockey.com\/wp-content\/uploads\/sites\/447\/2023\/12\/13.-Womens-B-Champions-2019-scaled-e1701741413330-768x672.jpg 768w\" sizes=\"(max-width: 1146px) 100vw, 1146px\" \/><\/h3>\n<p><span style=\"font-family: arial, helvetica, sans-serif;font-size: 14pt\"><strong>Membres de l&rsquo;\u00e9quipe:\u00a0<\/strong>Marc Andre Leblanc (goalie), V\u00e9ronique Leblanc \u00a9, Chantal Leblanc, Emilie Obrien, Marie-Pier Corriveau, Melanie Poirier, Rachel Gaudet<\/span><\/p>\n<h3 style=\"text-align: center\"><span style=\"font-family: arial, helvetica, sans-serif;font-size: 14pt\">2018 &#8211; <\/span><span style=\"font-family: arial, helvetica, sans-serif;font-size: 14pt\">Champions Ligue Femme B<\/span><img loading=\"lazy\" decoding=\"async\" class=\"size-full wp-image-12595 aligncenter\" src=\"http:\/\/goodysballhockey.com\/wp-content\/uploads\/sites\/447\/2023\/12\/8.-Womens-2018-scaled-e1701741513490.jpg\" alt=\"\" width=\"1213\" height=\"855\" srcset=\"https:\/\/goodysballhockey.com\/wp-content\/uploads\/sites\/447\/2023\/12\/8.-Womens-2018-scaled-e1701741513490.jpg 1213w, https:\/\/goodysballhockey.com\/wp-content\/uploads\/sites\/447\/2023\/12\/8.-Womens-2018-scaled-e1701741513490-300x211.jpg 300w, https:\/\/goodysballhockey.com\/wp-content\/uploads\/sites\/447\/2023\/12\/8.-Womens-2018-scaled-e1701741513490-768x541.jpg 768w\" sizes=\"(max-width: 1213px) 100vw, 1213px\" \/><\/h3>\n<p><span style=\"font-family: arial, helvetica, sans-serif;font-size: 14pt\"><strong>Membres de l&rsquo;\u00e9quipe: <\/strong>Noah Bourque (goalie), V\u00e9ronique Leblanc \u00a9, Chantal Leblanc, Emilie Obrien, Marie-Pier Corriveau, Melanie Poirier, Rachel Gaudet<\/span><\/p>\n<h3 style=\"text-align: center\"><span style=\"font-family: arial, helvetica, sans-serif;font-size: 14pt\">2017 &#8211; <\/span><span style=\"font-family: arial, helvetica, sans-serif;font-size: 14pt\">Champions Ligue Femme B<\/span><img loading=\"lazy\" decoding=\"async\" class=\"size-full wp-image-12599 aligncenter\" src=\"http:\/\/goodysballhockey.com\/wp-content\/uploads\/sites\/447\/2023\/12\/10.-Womens-Champions-2017-scaled-e1701741533535.jpg\" alt=\"\" width=\"1034\" height=\"808\" srcset=\"https:\/\/goodysballhockey.com\/wp-content\/uploads\/sites\/447\/2023\/12\/10.-Womens-Champions-2017-scaled-e1701741533535.jpg 1034w, https:\/\/goodysballhockey.com\/wp-content\/uploads\/sites\/447\/2023\/12\/10.-Womens-Champions-2017-scaled-e1701741533535-300x234.jpg 300w, https:\/\/goodysballhockey.com\/wp-content\/uploads\/sites\/447\/2023\/12\/10.-Womens-Champions-2017-scaled-e1701741533535-768x600.jpg 768w\" sizes=\"(max-width: 1034px) 100vw, 1034px\" \/><\/h3>\n<p><span style=\"font-family: arial, helvetica, sans-serif;font-size: 14pt\"><strong>Membres de l&rsquo;\u00e9quipe:\u00a0<\/strong>Sabrina Goobie (goalie), Nadine Richard \u00a9, Alexandra Mckenna, Claude Hach\u00e9, Jennifer Arsenault, Michelle Doiron, Sylvie Dupuis<\/span><\/p>\n<h3 style=\"text-align: center\"><span style=\"font-family: arial, helvetica, sans-serif;font-size: 14pt\">2016 &#8211; <\/span><span style=\"font-family: arial, helvetica, sans-serif;font-size: 14pt\">Champions Ligue Femme B<\/span><img loading=\"lazy\" decoding=\"async\" class=\"size-full wp-image-12603 aligncenter\" src=\"http:\/\/goodysballhockey.com\/wp-content\/uploads\/sites\/447\/2023\/12\/3.-Womens-Champions-2016-scaled-e1701741551355.jpg\" alt=\"\" width=\"1530\" height=\"1172\" srcset=\"https:\/\/goodysballhockey.com\/wp-content\/uploads\/sites\/447\/2023\/12\/3.-Womens-Champions-2016-scaled-e1701741551355.jpg 1530w, https:\/\/goodysballhockey.com\/wp-content\/uploads\/sites\/447\/2023\/12\/3.-Womens-Champions-2016-scaled-e1701741551355-300x230.jpg 300w, https:\/\/goodysballhockey.com\/wp-content\/uploads\/sites\/447\/2023\/12\/3.-Womens-Champions-2016-scaled-e1701741551355-768x588.jpg 768w\" sizes=\"(max-width: 1530px) 100vw, 1530px\" \/><\/h3>\n<p><span style=\"font-family: arial, helvetica, sans-serif;font-size: 14pt\"><strong>Membres de l&rsquo;\u00e9quipe:\u00a0<\/strong>Christine Richard (goalie), Jessica Foran, Maryse Bastarache, Maryse Lebel, Melissa Moss, Mireille Cormier, Nicole Bourque\u00a0<\/span><\/p>\n<h3 style=\"text-align: center\"><span style=\"font-family: arial, helvetica, sans-serif;font-size: 14pt\">2015 &#8211; <\/span><span style=\"font-family: arial, helvetica, sans-serif;font-size: 14pt\">Champions Ligue Femme B<\/span><img loading=\"lazy\" decoding=\"async\" class=\"size-full wp-image-12607 aligncenter\" src=\"http:\/\/goodysballhockey.com\/wp-content\/uploads\/sites\/447\/2023\/12\/Women-Champs-2015-e1701741571501.jpg\" alt=\"\" width=\"1076\" height=\"1076\" srcset=\"https:\/\/goodysballhockey.com\/wp-content\/uploads\/sites\/447\/2023\/12\/Women-Champs-2015-e1701741571501.jpg 1076w, https:\/\/goodysballhockey.com\/wp-content\/uploads\/sites\/447\/2023\/12\/Women-Champs-2015-e1701741571501-300x300.jpg 300w, https:\/\/goodysballhockey.com\/wp-content\/uploads\/sites\/447\/2023\/12\/Women-Champs-2015-e1701741571501-150x150.jpg 150w, https:\/\/goodysballhockey.com\/wp-content\/uploads\/sites\/447\/2023\/12\/Women-Champs-2015-e1701741571501-768x768.jpg 768w\" sizes=\"(max-width: 1076px) 100vw, 1076px\" \/><\/h3>\n<p><span style=\"font-family: arial, helvetica, sans-serif;font-size: 14pt\"><strong>Membres de l&rsquo;\u00e9quipe:\u00a0<\/strong>Maxime Fougere (goalie), Nadine Richard \u00a9, Jennifer Arsenault, Jennifer Thibodeau Fowler, Lyndsay Mazerolle, Megan LeBlanc, Nicole Leblanc<\/span><\/p>\n<h3 style=\"text-align: center\"><span style=\"font-family: arial, helvetica, sans-serif;font-size: 14pt\">2014 &#8211; <\/span><span style=\"font-family: arial, helvetica, sans-serif;font-size: 14pt\">Champions Ligue Femme B<\/span><img loading=\"lazy\" decoding=\"async\" class=\"size-full wp-image-12611 aligncenter\" src=\"http:\/\/goodysballhockey.com\/wp-content\/uploads\/sites\/447\/2023\/12\/Winning-team-2014-scaled-e1701741592948.jpg\" alt=\"\" width=\"773\" height=\"732\" srcset=\"https:\/\/goodysballhockey.com\/wp-content\/uploads\/sites\/447\/2023\/12\/Winning-team-2014-scaled-e1701741592948.jpg 773w, https:\/\/goodysballhockey.com\/wp-content\/uploads\/sites\/447\/2023\/12\/Winning-team-2014-scaled-e1701741592948-300x284.jpg 300w, https:\/\/goodysballhockey.com\/wp-content\/uploads\/sites\/447\/2023\/12\/Winning-team-2014-scaled-e1701741592948-768x727.jpg 768w\" sizes=\"(max-width: 773px) 100vw, 773px\" \/><\/h3>\n<p><span style=\"font-family: arial, helvetica, sans-serif;font-size: 14pt\"><strong>Membres de l&rsquo;\u00e9quipe: <\/strong>Brandon Feifer, Genevi\u00e8ve David, Jennifer Arsenault, Kait Gallaway, Murielle Gaudet, Nadine Richard, Th\u00e9r\u00e8se Cormier, V\u00e9ronique LeBlanc<\/span><\/p>\n","protected":false},"excerpt":{"rendered":"<p>2025 &#8211; Champions Ligue Femme B (Scrambled Legs) Membres de l&rsquo;\u00e9quipe: HAUT- Brett Matchett-Rouselle (goalie), Jo Cormier, Kimberly Dixon, Shelby Beaumont, Kelsey Gould\u00a0 BAS &#8211; Chelsea Lynch, Raine Beckwith \u00a9, Taylor Carr-Babineau, Grace LeClaire 2024 &#8211; Champions Ligue Femme B (Snipers) Membres de l&rsquo;\u00e9quipe: HAUT &#8211; Monette Richard, Melanie Richard, Julie Jaillet, Alexane Lecours, Sammie [&hellip;]<\/p>\n","protected":false},"author":193,"featured_media":0,"parent":2604,"menu_order":27,"comment_status":"closed","ping_status":"closed","template":"","meta":{"_acf_changed":false,"footnotes":""},"class_list":["post-2612","page","type-page","status-publish","hentry"],"acf":[],"yoast_head":"<!-- This site is optimized with the Yoast SEO plugin v25.7 - https:\/\/yoast.com\/wordpress\/plugins\/seo\/ -->\n<title>CHAMPIONS - Femmes B - Goody&#039;s Ball Hockey<\/title>\n<meta name=\"robots\" content=\"index, follow, max-snippet:-1, max-image-preview:large, max-video-preview:-1\" \/>\n<link rel=\"canonical\" href=\"https:\/\/goodysballhockey.com\/champions\/femmes-b\/\" \/>\n<meta property=\"og:locale\" content=\"fr_FR\" \/>\n<meta property=\"og:type\" content=\"article\" \/>\n<meta property=\"og:title\" content=\"CHAMPIONS - Femmes B - Goody&#039;s Ball Hockey\" \/>\n<meta property=\"og:description\" content=\"2025 &#8211; Champions Ligue Femme B (Scrambled Legs) Membres de l&rsquo;\u00e9quipe: HAUT- Brett Matchett-Rouselle (goalie), Jo Cormier, Kimberly Dixon, Shelby Beaumont, Kelsey Gould\u00a0 BAS &#8211; Chelsea Lynch, Raine Beckwith \u00a9, Taylor Carr-Babineau, Grace LeClaire 2024 &#8211; Champions Ligue Femme B (Snipers) Membres de l&rsquo;\u00e9quipe: HAUT &#8211; Monette Richard, Melanie Richard, Julie Jaillet, Alexane Lecours, Sammie [&hellip;]\" \/>\n<meta property=\"og:url\" content=\"https:\/\/goodysballhockey.com\/champions\/femmes-b\/\" \/>\n<meta property=\"og:site_name\" content=\"Goody&#039;s Ball Hockey\" \/>\n<meta property=\"article:modified_time\" content=\"2025-08-29T17:44:30+00:00\" \/>\n<meta property=\"og:image\" content=\"https:\/\/goodysballhockey.com\/wp-content\/uploads\/sites\/447\/2025\/08\/Champs-WB_small-e1755365891176.jpg\" \/>\n\t<meta property=\"og:image:width\" content=\"468\" \/>\n\t<meta property=\"og:image:height\" content=\"280\" \/>\n\t<meta property=\"og:image:type\" content=\"image\/jpeg\" \/>\n<meta name=\"twitter:card\" content=\"summary_large_image\" \/>\n<meta name=\"twitter:label1\" content=\"Dur\u00e9e de lecture estim\u00e9e\" \/>\n\t<meta name=\"twitter:data1\" content=\"4 minutes\" \/>\n<script type=\"application\/ld+json\" class=\"yoast-schema-graph\">{\"@context\":\"https:\/\/schema.org\",\"@graph\":[{\"@type\":\"WebPage\",\"@id\":\"https:\/\/goodysballhockey.com\/champions\/femmes-b\/\",\"url\":\"https:\/\/goodysballhockey.com\/champions\/femmes-b\/\",\"name\":\"CHAMPIONS - Femmes B - Goody's Ball Hockey\",\"isPartOf\":{\"@id\":\"https:\/\/goodysballhockey.com\/#website\"},\"primaryImageOfPage\":{\"@id\":\"https:\/\/goodysballhockey.com\/champions\/femmes-b\/#primaryimage\"},\"image\":{\"@id\":\"https:\/\/goodysballhockey.com\/champions\/femmes-b\/#primaryimage\"},\"thumbnailUrl\":\"http:\/\/goodysballhockey.com\/wp-content\/uploads\/sites\/447\/2025\/08\/Champs-WB_small-e1755365891176.jpg\",\"datePublished\":\"2021-03-24T12:46:53+00:00\",\"dateModified\":\"2025-08-29T17:44:30+00:00\",\"breadcrumb\":{\"@id\":\"https:\/\/goodysballhockey.com\/champions\/femmes-b\/#breadcrumb\"},\"inLanguage\":\"fr-FR\",\"potentialAction\":[{\"@type\":\"ReadAction\",\"target\":[\"https:\/\/goodysballhockey.com\/champions\/femmes-b\/\"]}]},{\"@type\":\"ImageObject\",\"inLanguage\":\"fr-FR\",\"@id\":\"https:\/\/goodysballhockey.com\/champions\/femmes-b\/#primaryimage\",\"url\":\"http:\/\/goodysballhockey.com\/wp-content\/uploads\/sites\/447\/2025\/08\/Champs-WB_small-e1755365891176.jpg\",\"contentUrl\":\"http:\/\/goodysballhockey.com\/wp-content\/uploads\/sites\/447\/2025\/08\/Champs-WB_small-e1755365891176.jpg\"},{\"@type\":\"BreadcrumbList\",\"@id\":\"https:\/\/goodysballhockey.com\/champions\/femmes-b\/#breadcrumb\",\"itemListElement\":[{\"@type\":\"ListItem\",\"position\":1,\"name\":\"Accueil\",\"item\":\"https:\/\/goodysballhockey.com\/\"},{\"@type\":\"ListItem\",\"position\":2,\"name\":\"CHAMPIONS &#8211; PHOTOS\",\"item\":\"https:\/\/goodysballhockey.com\/champions\/\"},{\"@type\":\"ListItem\",\"position\":3,\"name\":\"CHAMPIONS &#8211; Femmes B\"}]},{\"@type\":\"WebSite\",\"@id\":\"https:\/\/goodysballhockey.com\/#website\",\"url\":\"https:\/\/goodysballhockey.com\/\",\"name\":\"Goody's Ball Hockey\",\"description\":\"Un site utilisant Les sites de Shark M\u00e9dia & Sport, template Slapshot\",\"potentialAction\":[{\"@type\":\"SearchAction\",\"target\":{\"@type\":\"EntryPoint\",\"urlTemplate\":\"https:\/\/goodysballhockey.com\/?s={search_term_string}\"},\"query-input\":{\"@type\":\"PropertyValueSpecification\",\"valueRequired\":true,\"valueName\":\"search_term_string\"}}],\"inLanguage\":\"fr-FR\"}]}<\/script>\n<!-- \/ Yoast SEO plugin. -->","yoast_head_json":{"title":"CHAMPIONS - Femmes B - Goody's Ball Hockey","robots":{"index":"index","follow":"follow","max-snippet":"max-snippet:-1","max-image-preview":"max-image-preview:large","max-video-preview":"max-video-preview:-1"},"canonical":"https:\/\/goodysballhockey.com\/champions\/femmes-b\/","og_locale":"fr_FR","og_type":"article","og_title":"CHAMPIONS - Femmes B - Goody's Ball Hockey","og_description":"2025 &#8211; Champions Ligue Femme B (Scrambled Legs) Membres de l&rsquo;\u00e9quipe: HAUT- Brett Matchett-Rouselle (goalie), Jo Cormier, Kimberly Dixon, Shelby Beaumont, Kelsey Gould\u00a0 BAS &#8211; Chelsea Lynch, Raine Beckwith \u00a9, Taylor Carr-Babineau, Grace LeClaire 2024 &#8211; Champions Ligue Femme B (Snipers) Membres de l&rsquo;\u00e9quipe: HAUT &#8211; Monette Richard, Melanie Richard, Julie Jaillet, Alexane Lecours, Sammie [&hellip;]","og_url":"https:\/\/goodysballhockey.com\/champions\/femmes-b\/","og_site_name":"Goody's Ball Hockey","article_modified_time":"2025-08-29T17:44:30+00:00","og_image":[{"width":468,"height":280,"url":"https:\/\/goodysballhockey.com\/wp-content\/uploads\/sites\/447\/2025\/08\/Champs-WB_small-e1755365891176.jpg","type":"image\/jpeg"}],"twitter_card":"summary_large_image","twitter_misc":{"Dur\u00e9e de lecture estim\u00e9e":"4 minutes"},"schema":{"@context":"https:\/\/schema.org","@graph":[{"@type":"WebPage","@id":"https:\/\/goodysballhockey.com\/champions\/femmes-b\/","url":"https:\/\/goodysballhockey.com\/champions\/femmes-b\/","name":"CHAMPIONS - Femmes B - Goody's Ball Hockey","isPartOf":{"@id":"https:\/\/goodysballhockey.com\/#website"},"primaryImageOfPage":{"@id":"https:\/\/goodysballhockey.com\/champions\/femmes-b\/#primaryimage"},"image":{"@id":"https:\/\/goodysballhockey.com\/champions\/femmes-b\/#primaryimage"},"thumbnailUrl":"http:\/\/goodysballhockey.com\/wp-content\/uploads\/sites\/447\/2025\/08\/Champs-WB_small-e1755365891176.jpg","datePublished":"2021-03-24T12:46:53+00:00","dateModified":"2025-08-29T17:44:30+00:00","breadcrumb":{"@id":"https:\/\/goodysballhockey.com\/champions\/femmes-b\/#breadcrumb"},"inLanguage":"fr-FR","potentialAction":[{"@type":"ReadAction","target":["https:\/\/goodysballhockey.com\/champions\/femmes-b\/"]}]},{"@type":"ImageObject","inLanguage":"fr-FR","@id":"https:\/\/goodysballhockey.com\/champions\/femmes-b\/#primaryimage","url":"http:\/\/goodysballhockey.com\/wp-content\/uploads\/sites\/447\/2025\/08\/Champs-WB_small-e1755365891176.jpg","contentUrl":"http:\/\/goodysballhockey.com\/wp-content\/uploads\/sites\/447\/2025\/08\/Champs-WB_small-e1755365891176.jpg"},{"@type":"BreadcrumbList","@id":"https:\/\/goodysballhockey.com\/champions\/femmes-b\/#breadcrumb","itemListElement":[{"@type":"ListItem","position":1,"name":"Accueil","item":"https:\/\/goodysballhockey.com\/"},{"@type":"ListItem","position":2,"name":"CHAMPIONS &#8211; PHOTOS","item":"https:\/\/goodysballhockey.com\/champions\/"},{"@type":"ListItem","position":3,"name":"CHAMPIONS &#8211; Femmes B"}]},{"@type":"WebSite","@id":"https:\/\/goodysballhockey.com\/#website","url":"https:\/\/goodysballhockey.com\/","name":"Goody's Ball Hockey","description":"Un site utilisant Les sites de Shark M\u00e9dia & Sport, template Slapshot","potentialAction":[{"@type":"SearchAction","target":{"@type":"EntryPoint","urlTemplate":"https:\/\/goodysballhockey.com\/?s={search_term_string}"},"query-input":{"@type":"PropertyValueSpecification","valueRequired":true,"valueName":"search_term_string"}}],"inLanguage":"fr-FR"}]}},"_links":{"self":[{"href":"https:\/\/goodysballhockey.com\/fr\/wp-json\/wp\/v2\/pages\/2612","targetHints":{"allow":["GET"]}}],"collection":[{"href":"https:\/\/goodysballhockey.com\/fr\/wp-json\/wp\/v2\/pages"}],"about":[{"href":"https:\/\/goodysballhockey.com\/fr\/wp-json\/wp\/v2\/types\/page"}],"author":[{"embeddable":true,"href":"https:\/\/goodysballhockey.com\/fr\/wp-json\/wp\/v2\/users\/193"}],"replies":[{"embeddable":true,"href":"https:\/\/goodysballhockey.com\/fr\/wp-json\/wp\/v2\/comments?post=2612"}],"version-history":[{"count":18,"href":"https:\/\/goodysballhockey.com\/fr\/wp-json\/wp\/v2\/pages\/2612\/revisions"}],"predecessor-version":[{"id":17858,"href":"https:\/\/goodysballhockey.com\/fr\/wp-json\/wp\/v2\/pages\/2612\/revisions\/17858"}],"up":[{"embeddable":true,"href":"https:\/\/goodysballhockey.com\/fr\/wp-json\/wp\/v2\/pages\/2604"}],"wp:attachment":[{"href":"https:\/\/goodysballhockey.com\/fr\/wp-json\/wp\/v2\/media?parent=2612"}],"curies":[{"name":"wp","href":"https:\/\/api.w.org\/{rel}","templated":true}]}}