{"id":2608,"date":"2021-03-24T08:45:33","date_gmt":"2021-03-24T12:45:33","guid":{"rendered":"http:\/\/goodysballhockey.com\/?page_id=2608"},"modified":"2025-10-17T16:15:43","modified_gmt":"2025-10-17T20:15:43","slug":"hommes-b","status":"publish","type":"page","link":"https:\/\/goodysballhockey.com\/fr\/champions\/hommes-b\/","title":{"rendered":"CHAMPIONS &#8211; Hommes B"},"content":{"rendered":"<h3 style=\"text-align: center\"><span style=\"font-family: arial, helvetica, sans-serif;font-size: 14pt\">2025 &#8211; <\/span><span style=\"font-family: arial, helvetica, sans-serif;font-size: 14pt\">Champions Ligue Homme B (ligue d&rsquo;automne)<\/span><\/h3>\n<p><img loading=\"lazy\" decoding=\"async\" class=\"size-full wp-image-18238 aligncenter\" src=\"http:\/\/goodysballhockey.com\/wp-content\/uploads\/sites\/447\/2025\/10\/Elephant-champs_-e1760190243261.jpg\" alt=\"\" width=\"744\" height=\"620\" srcset=\"https:\/\/goodysballhockey.com\/wp-content\/uploads\/sites\/447\/2025\/10\/Elephant-champs_-e1760190243261.jpg 744w, https:\/\/goodysballhockey.com\/wp-content\/uploads\/sites\/447\/2025\/10\/Elephant-champs_-e1760190243261-300x250.jpg 300w\" sizes=\"(max-width: 744px) 100vw, 744px\" \/><\/p>\n<p><span style=\"font-family: arial, helvetica, sans-serif;font-size: 14pt\"><strong>Membres de l&rsquo;\u00e9quipe:<\/strong> Denis Doiron (gardien), Daniel Vautour \u00a9, David Landry, Guillaume Arseneau, Jordan Thompson, JR Chiasson,\u00a0 Luc Boucher, Mark Deveaux, Vincent Savoie\u00a0\u00a0<\/span><\/p>\n<h3 style=\"text-align: center\"><span style=\"font-family: arial, helvetica, sans-serif;font-size: 14pt\">2025 &#8211; <\/span><span style=\"font-family: arial, helvetica, sans-serif;font-size: 14pt\">Champions Ligue Homme B (Ligue d&rsquo;<strong>\u00e9t\u00e9<\/strong>)<\/span><\/h3>\n<p><img loading=\"lazy\" decoding=\"async\" class=\"size-full wp-image-17606 aligncenter\" src=\"http:\/\/goodysballhockey.com\/wp-content\/uploads\/sites\/447\/2025\/08\/champs-B_small-e1755365804299.jpg\" alt=\"\" width=\"576\" height=\"493\" srcset=\"https:\/\/goodysballhockey.com\/wp-content\/uploads\/sites\/447\/2025\/08\/champs-B_small-e1755365804299.jpg 576w, https:\/\/goodysballhockey.com\/wp-content\/uploads\/sites\/447\/2025\/08\/champs-B_small-e1755365804299-300x257.jpg 300w\" sizes=\"(max-width: 576px) 100vw, 576px\" \/><\/p>\n<p><span style=\"font-family: arial, helvetica, sans-serif;font-size: 14pt\"><strong>Membres de l&rsquo;\u00e9quipe:<\/strong>\u00a0Mario Babineau (goalie), Alex Collette \u00a9, Alexis Belliveau, Cory Hamilton, Felix Belliveau, Jeremie Maltais, Jesse Mallais, Josh Breault, Julien Hebert, Julien Leblanc<\/span><\/p>\n<h3 style=\"text-align: center\"><span style=\"font-family: arial, helvetica, sans-serif;font-size: 14pt\">2024 &#8211; <\/span><span style=\"font-family: arial, helvetica, sans-serif;font-size: 14pt\">Champions Ligue Homme B<\/span><\/h3>\n<p><img loading=\"lazy\" decoding=\"async\" class=\"size-full wp-image-14825 aligncenter\" src=\"http:\/\/goodysballhockey.com\/wp-content\/uploads\/sites\/447\/2024\/08\/Mens-B-Champions-2024-e1723742218758.jpg\" alt=\"\" width=\"1109\" height=\"986\" srcset=\"https:\/\/goodysballhockey.com\/wp-content\/uploads\/sites\/447\/2024\/08\/Mens-B-Champions-2024-e1723742218758.jpg 1109w, https:\/\/goodysballhockey.com\/wp-content\/uploads\/sites\/447\/2024\/08\/Mens-B-Champions-2024-e1723742218758-300x267.jpg 300w, https:\/\/goodysballhockey.com\/wp-content\/uploads\/sites\/447\/2024\/08\/Mens-B-Champions-2024-e1723742218758-768x683.jpg 768w\" sizes=\"(max-width: 1109px) 100vw, 1109px\" \/><\/p>\n<p><span style=\"font-family: arial, helvetica, sans-serif;font-size: 14pt\"><strong>Team members:<\/strong> Jean Remi Chiasson, Guillaume Arseneau, Guillaume Brideau, Jordan Thompson, Chris Bouma, Tim Leaman, Jacques Collin, Remi Despres, Matt Spencer, Branden Andersen<\/span><\/p>\n<h3 style=\"text-align: center\"><span style=\"font-family: arial, helvetica, sans-serif;font-size: 14pt\">2023 &#8211; <\/span><span style=\"font-family: arial, helvetica, sans-serif;font-size: 14pt\">Champions Ligue Homme B<\/span><img loading=\"lazy\" decoding=\"async\" class=\"size-full wp-image-12307 aligncenter\" src=\"http:\/\/goodysballhockey.com\/wp-content\/uploads\/sites\/447\/2023\/12\/Mens-B-Champions-2023-scaled-e1701661787596.jpg\" alt=\"\" width=\"1822\" height=\"1131\" srcset=\"https:\/\/goodysballhockey.com\/wp-content\/uploads\/sites\/447\/2023\/12\/Mens-B-Champions-2023-scaled-e1701661787596.jpg 1822w, https:\/\/goodysballhockey.com\/wp-content\/uploads\/sites\/447\/2023\/12\/Mens-B-Champions-2023-scaled-e1701661787596-300x186.jpg 300w, https:\/\/goodysballhockey.com\/wp-content\/uploads\/sites\/447\/2023\/12\/Mens-B-Champions-2023-scaled-e1701661787596-768x477.jpg 768w, https:\/\/goodysballhockey.com\/wp-content\/uploads\/sites\/447\/2023\/12\/Mens-B-Champions-2023-scaled-e1701661787596-1536x953.jpg 1536w\" sizes=\"(max-width: 1822px) 100vw, 1822px\" \/><\/h3>\n<p><span style=\"font-family: arial, helvetica, sans-serif;font-size: 14pt\"><strong>Team members:<\/strong> Julien Savoie (gardien), James Leblanc \u00a9, Alex Collette, Ben Heudes, Chris Babineau, Nick Melanson, Patrick Mcguigan, Pierrick Heudes<\/span><\/p>\n<h3 style=\"text-align: center\"><span style=\"font-family: arial, helvetica, sans-serif;font-size: 14pt\">2022 <\/span>&#8211; <span style=\"font-family: arial, helvetica, sans-serif;font-size: 14pt\">Champions Ligue Homme B<\/span><img loading=\"lazy\" decoding=\"async\" class=\"size-full wp-image-12323 aligncenter\" src=\"http:\/\/goodysballhockey.com\/wp-content\/uploads\/sites\/447\/2023\/12\/MB-Champions-2022-e1701661819243.jpg\" alt=\"\" width=\"758\" height=\"803\" srcset=\"https:\/\/goodysballhockey.com\/wp-content\/uploads\/sites\/447\/2023\/12\/MB-Champions-2022-e1701661819243.jpg 758w, https:\/\/goodysballhockey.com\/wp-content\/uploads\/sites\/447\/2023\/12\/MB-Champions-2022-e1701661819243-283x300.jpg 283w\" sizes=\"(max-width: 758px) 100vw, 758px\" \/><\/h3>\n<p><span style=\"font-family: arial, helvetica, sans-serif;font-size: 14pt\"><strong>Team members:<\/strong> Julien Savoie (gardien), James Leblanc \u00a9, Chris Babineau, Dan Leblanc, Jerome Ouellet, Kristian Leblanc, Nick Melanson, Patrick McGuigan<\/span><\/p>\n<h3 style=\"text-align: center\"><span style=\"font-family: arial, helvetica, sans-serif;font-size: 14pt\">2021 <\/span>&#8211; <span style=\"font-family: arial, helvetica, sans-serif;font-size: 14pt\">Champions Ligue Homme B<\/span><img loading=\"lazy\" decoding=\"async\" class=\"size-full wp-image-12343 aligncenter\" src=\"http:\/\/goodysballhockey.com\/wp-content\/uploads\/sites\/447\/2023\/12\/MB-champions-2021-scaled-e1701661841922.jpg\" alt=\"\" width=\"1039\" height=\"783\" srcset=\"https:\/\/goodysballhockey.com\/wp-content\/uploads\/sites\/447\/2023\/12\/MB-champions-2021-scaled-e1701661841922.jpg 1039w, https:\/\/goodysballhockey.com\/wp-content\/uploads\/sites\/447\/2023\/12\/MB-champions-2021-scaled-e1701661841922-300x226.jpg 300w, https:\/\/goodysballhockey.com\/wp-content\/uploads\/sites\/447\/2023\/12\/MB-champions-2021-scaled-e1701661841922-768x579.jpg 768w\" sizes=\"(max-width: 1039px) 100vw, 1039px\" \/><\/h3>\n<p><span style=\"font-family: arial, helvetica, sans-serif;font-size: 14pt\"><strong>Team members:<\/strong> Daniel Mallet \u00a9 (gardien), Alex Cormier, James Boudreau, Joel Richard, Marius Caissie, Mathieu Richard, Maxime Caissie, Stephane Thebeau<\/span><\/p>\n<h3 style=\"text-align: center\"><span style=\"font-family: arial, helvetica, sans-serif;font-size: 14pt\">2019 <\/span>&#8211; <span style=\"font-family: arial, helvetica, sans-serif;font-size: 14pt\">Champions Ligue Homme B (hivers)<\/span><img loading=\"lazy\" decoding=\"async\" class=\"size-full wp-image-12745 aligncenter\" src=\"http:\/\/goodysballhockey.com\/wp-content\/uploads\/sites\/447\/2023\/12\/MB-Winter-League-Champs-2019-e1701827338102.jpg\" alt=\"\" width=\"1080\" height=\"1080\" \/><\/h3>\n<p><span style=\"font-family: arial, helvetica, sans-serif;font-size: 14pt\"><strong>Team members:<\/strong> Jamie Newman (gardien), Jon Richard, Jordan Thompson \u00a9, Chris Leblanc, Justin Cormier, Matt Spencer, Pat Leblanc<\/span><\/p>\n<h3 style=\"text-align: center\"><span style=\"font-family: arial, helvetica, sans-serif;font-size: 14pt\">2019 <\/span>&#8211; <span style=\"font-family: arial, helvetica, sans-serif;font-size: 14pt\">Champions Ligue Homme B (ete)<\/span><img loading=\"lazy\" decoding=\"async\" class=\"size-full wp-image-12357 aligncenter\" src=\"http:\/\/goodysballhockey.com\/wp-content\/uploads\/sites\/447\/2023\/12\/9.-Mens-B-Champions-2019-e1701661866194.jpg\" alt=\"\" width=\"448\" height=\"208\" srcset=\"https:\/\/goodysballhockey.com\/wp-content\/uploads\/sites\/447\/2023\/12\/9.-Mens-B-Champions-2019-e1701661866194.jpg 448w, https:\/\/goodysballhockey.com\/wp-content\/uploads\/sites\/447\/2023\/12\/9.-Mens-B-Champions-2019-e1701661866194-300x139.jpg 300w\" sizes=\"(max-width: 448px) 100vw, 448px\" \/><\/h3>\n<p><span style=\"font-family: arial, helvetica, sans-serif;font-size: 14pt\"><strong>Team members:<\/strong> Evan Jones (gardien), Jason Shadbolt \u00a9, Glenn Leaman, Jeff Miller, Mark Nause, Paul Jones, Ryan Trites, Steve Arsenault\u00a0<\/span><\/p>\n<h3 style=\"text-align: center\"><span style=\"font-family: arial, helvetica, sans-serif;font-size: 14pt\">2019 <\/span><span style=\"font-family: arial, helvetica, sans-serif;font-size: 14pt\">&#8211; Champions Tournoi Mi-Saison Homme B<\/span><img loading=\"lazy\" decoding=\"async\" class=\"size-full wp-image-12503 aligncenter\" src=\"http:\/\/goodysballhockey.com\/wp-content\/uploads\/sites\/447\/2023\/12\/Mens-B-Mid-Season-Champions-2019-e1701661915854.jpg\" alt=\"\" width=\"775\" height=\"340\" srcset=\"https:\/\/goodysballhockey.com\/wp-content\/uploads\/sites\/447\/2023\/12\/Mens-B-Mid-Season-Champions-2019-e1701661915854.jpg 775w, https:\/\/goodysballhockey.com\/wp-content\/uploads\/sites\/447\/2023\/12\/Mens-B-Mid-Season-Champions-2019-e1701661915854-300x132.jpg 300w, https:\/\/goodysballhockey.com\/wp-content\/uploads\/sites\/447\/2023\/12\/Mens-B-Mid-Season-Champions-2019-e1701661915854-768x337.jpg 768w\" sizes=\"(max-width: 775px) 100vw, 775px\" \/><\/h3>\n<p><span style=\"font-family: arial, helvetica, sans-serif;font-size: 14pt\"><strong>Team members:<\/strong> Phil Belanger (gardien), Luc Gaudet \u00a9, Alexandre Boudreau, Alexandre Gaudet, Emerson Savage, Jared Burns, Mathieu Roy, Scott Lewis, Tyler Burns, Zachary Leblanc<\/span><\/p>\n<h3 style=\"text-align: center\"><span style=\"font-family: arial, helvetica, sans-serif;font-size: 14pt\">2018 <\/span>&#8211; <span style=\"font-family: arial, helvetica, sans-serif;font-size: 14pt\">Champions Ligue Homme B<\/span><img loading=\"lazy\" decoding=\"async\" class=\"size-full wp-image-12517 aligncenter\" src=\"http:\/\/goodysballhockey.com\/wp-content\/uploads\/sites\/447\/2023\/12\/10.-Mens-B-2018-Year-End-Winners-scaled-e1701662901320.jpg\" alt=\"\" width=\"1392\" height=\"890\" srcset=\"https:\/\/goodysballhockey.com\/wp-content\/uploads\/sites\/447\/2023\/12\/10.-Mens-B-2018-Year-End-Winners-scaled-e1701662901320.jpg 1392w, https:\/\/goodysballhockey.com\/wp-content\/uploads\/sites\/447\/2023\/12\/10.-Mens-B-2018-Year-End-Winners-scaled-e1701662901320-300x192.jpg 300w, https:\/\/goodysballhockey.com\/wp-content\/uploads\/sites\/447\/2023\/12\/10.-Mens-B-2018-Year-End-Winners-scaled-e1701662901320-768x491.jpg 768w\" sizes=\"(max-width: 1392px) 100vw, 1392px\" \/><\/h3>\n<p><span style=\"font-family: arial, helvetica, sans-serif;font-size: 14pt\"><strong>Team members:<\/strong> Mario Babineau (gardien), Serge Saulnier (goalie), Daniel Caissie \u00a9, Denis Johnson, Jason Hughes, Kristen Cooze, Mark Deveaux, Phil Tardif, PL Belanger <\/span><\/p>\n<h3 style=\"text-align: center\"><span style=\"font-family: arial, helvetica, sans-serif;font-size: 14pt\">2018 &#8211; Champions Tournoi Mi-Saison Homme B<\/span><img loading=\"lazy\" decoding=\"async\" class=\"size-full wp-image-12509 aligncenter\" src=\"http:\/\/goodysballhockey.com\/wp-content\/uploads\/sites\/447\/2023\/12\/10-Mens-B-2018-tourney-winners-scaled-e1701662929666.jpg\" alt=\"\" width=\"1326\" height=\"732\" srcset=\"https:\/\/goodysballhockey.com\/wp-content\/uploads\/sites\/447\/2023\/12\/10-Mens-B-2018-tourney-winners-scaled-e1701662929666.jpg 1326w, https:\/\/goodysballhockey.com\/wp-content\/uploads\/sites\/447\/2023\/12\/10-Mens-B-2018-tourney-winners-scaled-e1701662929666-300x166.jpg 300w, https:\/\/goodysballhockey.com\/wp-content\/uploads\/sites\/447\/2023\/12\/10-Mens-B-2018-tourney-winners-scaled-e1701662929666-768x424.jpg 768w\" sizes=\"(max-width: 1326px) 100vw, 1326px\" \/><\/h3>\n<p><span style=\"font-family: arial, helvetica, sans-serif;font-size: 14pt\"><strong>Team members:<\/strong> Jason Shadbolt (gardien), Jamie Trenholm, Jason Arsenault, Julien Arsenault, Luc Leblanc, P-A Marion, Paul Jones<\/span><\/p>\n<h3 style=\"text-align: center\"><span style=\"font-family: arial, helvetica, sans-serif;font-size: 14pt\">2017 <\/span>&#8211; <span style=\"font-family: arial, helvetica, sans-serif;font-size: 14pt\">Champions Ligue Homme B<\/span><img loading=\"lazy\" decoding=\"async\" class=\"size-full wp-image-12519 aligncenter\" src=\"http:\/\/goodysballhockey.com\/wp-content\/uploads\/sites\/447\/2023\/12\/9.-Mens-B-Champions-2017-scaled-e1701662000166.jpg\" alt=\"\" width=\"808\" height=\"609\" srcset=\"https:\/\/goodysballhockey.com\/wp-content\/uploads\/sites\/447\/2023\/12\/9.-Mens-B-Champions-2017-scaled-e1701662000166.jpg 808w, https:\/\/goodysballhockey.com\/wp-content\/uploads\/sites\/447\/2023\/12\/9.-Mens-B-Champions-2017-scaled-e1701662000166-300x226.jpg 300w, https:\/\/goodysballhockey.com\/wp-content\/uploads\/sites\/447\/2023\/12\/9.-Mens-B-Champions-2017-scaled-e1701662000166-768x579.jpg 768w\" sizes=\"(max-width: 808px) 100vw, 808px\" \/><\/h3>\n<p><span style=\"font-family: arial, helvetica, sans-serif;font-size: 14pt\"><strong>Team members:<\/strong> Denis Doiron (gardien), Pierre Babineau \u00a9, Christian Babineau, Louis-Alexandre H\u00e9bert, Luc Gautreau, Nic Melanson, Nick Melanson, Sylvain Lebrun\u00a0<\/span><\/p>\n<h3 style=\"text-align: center\"><span style=\"font-family: arial, helvetica, sans-serif;font-size: 14pt\">2016 <\/span>&#8211; <span style=\"font-family: arial, helvetica, sans-serif;font-size: 14pt\">Champions Ligue Homme B<\/span><img loading=\"lazy\" decoding=\"async\" class=\"size-full wp-image-12523 aligncenter\" src=\"http:\/\/goodysballhockey.com\/wp-content\/uploads\/sites\/447\/2023\/12\/2.-Mens-B-Champions-2016-scaled-e1701662030652.jpg\" alt=\"\" width=\"1423\" height=\"860\" srcset=\"https:\/\/goodysballhockey.com\/wp-content\/uploads\/sites\/447\/2023\/12\/2.-Mens-B-Champions-2016-scaled-e1701662030652.jpg 1423w, https:\/\/goodysballhockey.com\/wp-content\/uploads\/sites\/447\/2023\/12\/2.-Mens-B-Champions-2016-scaled-e1701662030652-300x181.jpg 300w, https:\/\/goodysballhockey.com\/wp-content\/uploads\/sites\/447\/2023\/12\/2.-Mens-B-Champions-2016-scaled-e1701662030652-768x464.jpg 768w\" sizes=\"(max-width: 1423px) 100vw, 1423px\" \/><\/h3>\n<p><span style=\"font-family: arial, helvetica, sans-serif;font-size: 14pt\"><strong>Team members:<\/strong> Justin Lewis (gardien), Remi Robichaud \u00a9, Alex Normandeau, Christian Gaudet, P-A Marion, Sam Leger, Shawn Lizotte<\/span><\/p>\n<h3 style=\"text-align: center\"><span style=\"font-family: arial, helvetica, sans-serif;font-size: 14pt\">2015 <\/span>&#8211; <span style=\"font-family: arial, helvetica, sans-serif;font-size: 14pt\">Champions Ligue Homme B<\/span><img loading=\"lazy\" decoding=\"async\" class=\"size-full wp-image-12527 aligncenter\" src=\"http:\/\/goodysballhockey.com\/wp-content\/uploads\/sites\/447\/2023\/12\/3vs3-champs-2015-scaled-e1701662061293.jpg\" alt=\"\" width=\"1320\" height=\"522\" srcset=\"https:\/\/goodysballhockey.com\/wp-content\/uploads\/sites\/447\/2023\/12\/3vs3-champs-2015-scaled-e1701662061293.jpg 1320w, https:\/\/goodysballhockey.com\/wp-content\/uploads\/sites\/447\/2023\/12\/3vs3-champs-2015-scaled-e1701662061293-300x119.jpg 300w, https:\/\/goodysballhockey.com\/wp-content\/uploads\/sites\/447\/2023\/12\/3vs3-champs-2015-scaled-e1701662061293-768x304.jpg 768w\" sizes=\"(max-width: 1320px) 100vw, 1320px\" \/><\/h3>\n<p><span style=\"font-family: arial, helvetica, sans-serif;font-size: 14pt\"><strong>Team members:<\/strong> Justin Lewis (gardien), Daniel Caissie \u00a9, Brad Sullivan, Bruno Richard, Justin Rice, Philippe Tardif, Pierre Daigle, Robert McArdle<\/span><\/p>\n","protected":false},"excerpt":{"rendered":"<p>2025 &#8211; Champions Ligue Homme B (ligue d&rsquo;automne) Membres de l&rsquo;\u00e9quipe: Denis Doiron (gardien), Daniel Vautour \u00a9, David Landry, Guillaume Arseneau, Jordan Thompson, JR Chiasson,\u00a0 Luc Boucher, Mark Deveaux, Vincent Savoie\u00a0\u00a0 2025 &#8211; Champions Ligue Homme B (Ligue d&rsquo;\u00e9t\u00e9) Membres de l&rsquo;\u00e9quipe:\u00a0Mario Babineau (goalie), Alex Collette \u00a9, Alexis Belliveau, Cory Hamilton, Felix Belliveau, Jeremie Maltais, [&hellip;]<\/p>\n","protected":false},"author":193,"featured_media":0,"parent":2604,"menu_order":23,"comment_status":"closed","ping_status":"closed","template":"","meta":{"_acf_changed":false,"footnotes":""},"class_list":["post-2608","page","type-page","status-publish","hentry"],"acf":[],"yoast_head":"<!-- This site is optimized with the Yoast SEO plugin v25.7 - https:\/\/yoast.com\/wordpress\/plugins\/seo\/ -->\n<title>CHAMPIONS - Hommes B - Goody&#039;s Ball Hockey<\/title>\n<meta name=\"robots\" content=\"index, follow, max-snippet:-1, max-image-preview:large, max-video-preview:-1\" \/>\n<link rel=\"canonical\" href=\"https:\/\/goodysballhockey.com\/champions\/hommes-b\/\" \/>\n<meta property=\"og:locale\" content=\"fr_FR\" \/>\n<meta property=\"og:type\" content=\"article\" \/>\n<meta property=\"og:title\" content=\"CHAMPIONS - Hommes B - Goody&#039;s Ball Hockey\" \/>\n<meta property=\"og:description\" content=\"2025 &#8211; Champions Ligue Homme B (ligue d&rsquo;automne) Membres de l&rsquo;\u00e9quipe: Denis Doiron (gardien), Daniel Vautour \u00a9, David Landry, Guillaume Arseneau, Jordan Thompson, JR Chiasson,\u00a0 Luc Boucher, Mark Deveaux, Vincent Savoie\u00a0\u00a0 2025 &#8211; Champions Ligue Homme B (Ligue d&rsquo;\u00e9t\u00e9) Membres de l&rsquo;\u00e9quipe:\u00a0Mario Babineau (goalie), Alex Collette \u00a9, Alexis Belliveau, Cory Hamilton, Felix Belliveau, Jeremie Maltais, [&hellip;]\" \/>\n<meta property=\"og:url\" content=\"https:\/\/goodysballhockey.com\/champions\/hommes-b\/\" \/>\n<meta property=\"og:site_name\" content=\"Goody&#039;s Ball Hockey\" \/>\n<meta property=\"article:modified_time\" content=\"2025-10-17T20:15:43+00:00\" \/>\n<meta property=\"og:image\" content=\"https:\/\/goodysballhockey.com\/wp-content\/uploads\/sites\/447\/2025\/10\/Elephant-champs_-e1760190243261.jpg\" \/>\n\t<meta property=\"og:image:width\" content=\"744\" \/>\n\t<meta property=\"og:image:height\" content=\"620\" \/>\n\t<meta property=\"og:image:type\" content=\"image\/jpeg\" \/>\n<meta name=\"twitter:card\" content=\"summary_large_image\" \/>\n<meta name=\"twitter:label1\" content=\"Dur\u00e9e de lecture estim\u00e9e\" \/>\n\t<meta name=\"twitter:data1\" content=\"5 minutes\" \/>\n<script type=\"application\/ld+json\" class=\"yoast-schema-graph\">{\"@context\":\"https:\/\/schema.org\",\"@graph\":[{\"@type\":\"WebPage\",\"@id\":\"https:\/\/goodysballhockey.com\/champions\/hommes-b\/\",\"url\":\"https:\/\/goodysballhockey.com\/champions\/hommes-b\/\",\"name\":\"CHAMPIONS - Hommes B - Goody's Ball Hockey\",\"isPartOf\":{\"@id\":\"https:\/\/goodysballhockey.com\/#website\"},\"primaryImageOfPage\":{\"@id\":\"https:\/\/goodysballhockey.com\/champions\/hommes-b\/#primaryimage\"},\"image\":{\"@id\":\"https:\/\/goodysballhockey.com\/champions\/hommes-b\/#primaryimage\"},\"thumbnailUrl\":\"http:\/\/goodysballhockey.com\/wp-content\/uploads\/sites\/447\/2025\/10\/Elephant-champs_-e1760190243261.jpg\",\"datePublished\":\"2021-03-24T12:45:33+00:00\",\"dateModified\":\"2025-10-17T20:15:43+00:00\",\"breadcrumb\":{\"@id\":\"https:\/\/goodysballhockey.com\/champions\/hommes-b\/#breadcrumb\"},\"inLanguage\":\"fr-FR\",\"potentialAction\":[{\"@type\":\"ReadAction\",\"target\":[\"https:\/\/goodysballhockey.com\/champions\/hommes-b\/\"]}]},{\"@type\":\"ImageObject\",\"inLanguage\":\"fr-FR\",\"@id\":\"https:\/\/goodysballhockey.com\/champions\/hommes-b\/#primaryimage\",\"url\":\"http:\/\/goodysballhockey.com\/wp-content\/uploads\/sites\/447\/2025\/10\/Elephant-champs_-e1760190243261.jpg\",\"contentUrl\":\"http:\/\/goodysballhockey.com\/wp-content\/uploads\/sites\/447\/2025\/10\/Elephant-champs_-e1760190243261.jpg\"},{\"@type\":\"BreadcrumbList\",\"@id\":\"https:\/\/goodysballhockey.com\/champions\/hommes-b\/#breadcrumb\",\"itemListElement\":[{\"@type\":\"ListItem\",\"position\":1,\"name\":\"Accueil\",\"item\":\"https:\/\/goodysballhockey.com\/\"},{\"@type\":\"ListItem\",\"position\":2,\"name\":\"CHAMPIONS &#8211; PHOTOS\",\"item\":\"https:\/\/goodysballhockey.com\/champions\/\"},{\"@type\":\"ListItem\",\"position\":3,\"name\":\"CHAMPIONS &#8211; Hommes B\"}]},{\"@type\":\"WebSite\",\"@id\":\"https:\/\/goodysballhockey.com\/#website\",\"url\":\"https:\/\/goodysballhockey.com\/\",\"name\":\"Goody's Ball Hockey\",\"description\":\"Un site utilisant Les sites de Shark M\u00e9dia & Sport, template Slapshot\",\"potentialAction\":[{\"@type\":\"SearchAction\",\"target\":{\"@type\":\"EntryPoint\",\"urlTemplate\":\"https:\/\/goodysballhockey.com\/?s={search_term_string}\"},\"query-input\":{\"@type\":\"PropertyValueSpecification\",\"valueRequired\":true,\"valueName\":\"search_term_string\"}}],\"inLanguage\":\"fr-FR\"}]}<\/script>\n<!-- \/ Yoast SEO plugin. -->","yoast_head_json":{"title":"CHAMPIONS - Hommes B - Goody's Ball Hockey","robots":{"index":"index","follow":"follow","max-snippet":"max-snippet:-1","max-image-preview":"max-image-preview:large","max-video-preview":"max-video-preview:-1"},"canonical":"https:\/\/goodysballhockey.com\/champions\/hommes-b\/","og_locale":"fr_FR","og_type":"article","og_title":"CHAMPIONS - Hommes B - Goody's Ball Hockey","og_description":"2025 &#8211; Champions Ligue Homme B (ligue d&rsquo;automne) Membres de l&rsquo;\u00e9quipe: Denis Doiron (gardien), Daniel Vautour \u00a9, David Landry, Guillaume Arseneau, Jordan Thompson, JR Chiasson,\u00a0 Luc Boucher, Mark Deveaux, Vincent Savoie\u00a0\u00a0 2025 &#8211; Champions Ligue Homme B (Ligue d&rsquo;\u00e9t\u00e9) Membres de l&rsquo;\u00e9quipe:\u00a0Mario Babineau (goalie), Alex Collette \u00a9, Alexis Belliveau, Cory Hamilton, Felix Belliveau, Jeremie Maltais, [&hellip;]","og_url":"https:\/\/goodysballhockey.com\/champions\/hommes-b\/","og_site_name":"Goody's Ball Hockey","article_modified_time":"2025-10-17T20:15:43+00:00","og_image":[{"width":744,"height":620,"url":"https:\/\/goodysballhockey.com\/wp-content\/uploads\/sites\/447\/2025\/10\/Elephant-champs_-e1760190243261.jpg","type":"image\/jpeg"}],"twitter_card":"summary_large_image","twitter_misc":{"Dur\u00e9e de lecture estim\u00e9e":"5 minutes"},"schema":{"@context":"https:\/\/schema.org","@graph":[{"@type":"WebPage","@id":"https:\/\/goodysballhockey.com\/champions\/hommes-b\/","url":"https:\/\/goodysballhockey.com\/champions\/hommes-b\/","name":"CHAMPIONS - Hommes B - Goody's Ball Hockey","isPartOf":{"@id":"https:\/\/goodysballhockey.com\/#website"},"primaryImageOfPage":{"@id":"https:\/\/goodysballhockey.com\/champions\/hommes-b\/#primaryimage"},"image":{"@id":"https:\/\/goodysballhockey.com\/champions\/hommes-b\/#primaryimage"},"thumbnailUrl":"http:\/\/goodysballhockey.com\/wp-content\/uploads\/sites\/447\/2025\/10\/Elephant-champs_-e1760190243261.jpg","datePublished":"2021-03-24T12:45:33+00:00","dateModified":"2025-10-17T20:15:43+00:00","breadcrumb":{"@id":"https:\/\/goodysballhockey.com\/champions\/hommes-b\/#breadcrumb"},"inLanguage":"fr-FR","potentialAction":[{"@type":"ReadAction","target":["https:\/\/goodysballhockey.com\/champions\/hommes-b\/"]}]},{"@type":"ImageObject","inLanguage":"fr-FR","@id":"https:\/\/goodysballhockey.com\/champions\/hommes-b\/#primaryimage","url":"http:\/\/goodysballhockey.com\/wp-content\/uploads\/sites\/447\/2025\/10\/Elephant-champs_-e1760190243261.jpg","contentUrl":"http:\/\/goodysballhockey.com\/wp-content\/uploads\/sites\/447\/2025\/10\/Elephant-champs_-e1760190243261.jpg"},{"@type":"BreadcrumbList","@id":"https:\/\/goodysballhockey.com\/champions\/hommes-b\/#breadcrumb","itemListElement":[{"@type":"ListItem","position":1,"name":"Accueil","item":"https:\/\/goodysballhockey.com\/"},{"@type":"ListItem","position":2,"name":"CHAMPIONS &#8211; PHOTOS","item":"https:\/\/goodysballhockey.com\/champions\/"},{"@type":"ListItem","position":3,"name":"CHAMPIONS &#8211; Hommes B"}]},{"@type":"WebSite","@id":"https:\/\/goodysballhockey.com\/#website","url":"https:\/\/goodysballhockey.com\/","name":"Goody's Ball Hockey","description":"Un site utilisant Les sites de Shark M\u00e9dia & Sport, template Slapshot","potentialAction":[{"@type":"SearchAction","target":{"@type":"EntryPoint","urlTemplate":"https:\/\/goodysballhockey.com\/?s={search_term_string}"},"query-input":{"@type":"PropertyValueSpecification","valueRequired":true,"valueName":"search_term_string"}}],"inLanguage":"fr-FR"}]}},"_links":{"self":[{"href":"https:\/\/goodysballhockey.com\/fr\/wp-json\/wp\/v2\/pages\/2608","targetHints":{"allow":["GET"]}}],"collection":[{"href":"https:\/\/goodysballhockey.com\/fr\/wp-json\/wp\/v2\/pages"}],"about":[{"href":"https:\/\/goodysballhockey.com\/fr\/wp-json\/wp\/v2\/types\/page"}],"author":[{"embeddable":true,"href":"https:\/\/goodysballhockey.com\/fr\/wp-json\/wp\/v2\/users\/193"}],"replies":[{"embeddable":true,"href":"https:\/\/goodysballhockey.com\/fr\/wp-json\/wp\/v2\/comments?post=2608"}],"version-history":[{"count":25,"href":"https:\/\/goodysballhockey.com\/fr\/wp-json\/wp\/v2\/pages\/2608\/revisions"}],"predecessor-version":[{"id":18276,"href":"https:\/\/goodysballhockey.com\/fr\/wp-json\/wp\/v2\/pages\/2608\/revisions\/18276"}],"up":[{"embeddable":true,"href":"https:\/\/goodysballhockey.com\/fr\/wp-json\/wp\/v2\/pages\/2604"}],"wp:attachment":[{"href":"https:\/\/goodysballhockey.com\/fr\/wp-json\/wp\/v2\/media?parent=2608"}],"curies":[{"name":"wp","href":"https:\/\/api.w.org\/{rel}","templated":true}]}}