{"id":2538,"date":"2021-03-24T07:34:56","date_gmt":"2021-03-24T11:34:56","guid":{"rendered":"http:\/\/goodysballhockey.com\/?page_id=2538"},"modified":"2025-10-01T15:55:01","modified_gmt":"2025-10-01T19:55:01","slug":"reglements","status":"publish","type":"page","link":"https:\/\/goodysballhockey.com\/fr\/reglements\/","title":{"rendered":"R\u00e8gles"},"content":{"rendered":"<h3><span style=\"font-family: verdana, geneva, sans-serif\">R\u00c8GLES G\u00c9N\u00c9RALES<\/span><\/h3>\n<ol>\n<li><span style=\"font-family: verdana, geneva, sans-serif\">Chaque \u00e9quipe doit avoir un minimum de 4 joueurs (excluant le gardien)<\/span><\/li>\n<li><span style=\"font-family: verdana, geneva, sans-serif\">Chaque \u00e9quipe d\u00e9cidera de la division dans laquelle il serait plus appropri\u00e9e de jouer selon le niveau d\u2019exp\u00e9rience et d\u2019habilet\u00e9s. Les organisateurs ont le droit de changer la division des \u00e9quipes s\u2019ils le jugent n\u00e9cessaires.<\/span><\/li>\n<li><span style=\"font-family: verdana, geneva, sans-serif\">Des changements aux alignements pourraient \u00eatre permis apr\u00e8s la date limite d\u2019inscription mais ces changements doivent \u00eatre approuv\u00e9s par Goody\u2019s Ball Hockey (GBH) avant le 1er match de l\u2019\u00e9quipe. Aucun changement aux alignements ne sera permis apr\u00e8s le 1er match disput\u00e9 par l\u2019\u00e9quipe (\u00e0 moins qu\u2019ils ne soient approuv\u00e9s par GBH)<\/span><\/li>\n<li><span style=\"font-family: verdana, geneva, sans-serif\">Tous les matchs doivent d\u00e9buter et terminer avec un minimum de 3 joueurs et d\u2019un gardien. (Moins de 3 joueurs et d\u2019un gardien r\u00e9sultera en un forfait automatique)<\/span><\/li>\n<li><span style=\"font-family: verdana, geneva, sans-serif\">Les capitaines des \u00e9quipes doivent signer la feuille de match avant le d\u00e9but de leur rencontre. (Niveau adulte)<\/span><\/li>\n<li><span style=\"font-family: verdana, geneva, sans-serif\">Les \u00e9quipes peuvent d\u00e9cider de sortir leur gardien en tout temps durant le match. Cela donnera la possibilit\u00e9 \u00e0 l\u2019\u00e9quipe de jouer avec un 4e joueur.<\/span><\/li>\n<li><span style=\"font-family: verdana, geneva, sans-serif\">Les matchs et les p\u00e9riodes d\u00e9buteront avec une mise au jeu.<\/span><\/li>\n<li><span style=\"font-family: verdana, geneva, sans-serif\">Les niveaux ayant de jeunes joueurs feront des changements apr\u00e8s deux minutes de jeu (au son de la sir\u00e8ne ou au son du sifflet de l\u2019arbitre). Les niveaux o\u00f9 les joueurs\/joueuese sont plus vieux changeront d\u2019eux-m\u00eames. Les gardiens ne peuvent \u00eatre remplac\u00e9s durant le match, la seule exception \u00e9tant si un gardien se blesse. Le gardien ne pourrait pas revenir comme joueur par la suite.<\/span><\/li>\n<li><span style=\"font-family: verdana, geneva, sans-serif\">Les passes avec la main ne sont pas permises.<\/span><\/li>\n<li><span style=\"font-family: verdana, geneva, sans-serif\">Lorsqu\u2019un gardien immobilise la balle, l\u2019\u00e9quipe de ce gardien aura 5 secondes pour repartir le jeu. L\u2019\u00e9quipe adverse devra donner au minimum 3 m\u00e8tres d\u2019espace au gardien afin qu\u2019il puisse faire un son jeu.<\/span><\/li>\n<li><span style=\"font-family: verdana, geneva, sans-serif\">Lorsqu\u2019une balle sort de la surface de jeu, la balle sera plac\u00e9e \u00e0 l\u2019endroit le plus pr\u00e8s de sa sortie. Le dernier jouer\/gardien \u00e0 avoir touch\u00e9 \u00e0 la balle devra donner un minimum de 3 m\u00e8tres d\u2019espace au joueur adverse.Il devra \u00e9galement attendre 5 secondes avant de pouvoir mettre une pression. Le joueur peut marquer lors de la remise en jeu. Aucune passe n\u2019est oblig\u00e9e. Les bancs des joueurs peuvent \u00eatre consid\u00e9r\u00e9s dans le jeu. Le tout est \u00e0 la discr\u00e9tion de l\u2019arbitre.<\/span><\/li>\n<li><span style=\"font-family: verdana, geneva, sans-serif\">Apr\u00e8s un but, il n\u2019y a pas de mise au jeu. L\u2019\u00e9quipe qui a encaiss\u00e9 le but doit commencer derri\u00e8re la ligne de but et de faire le tour du filet (l&rsquo;intention est de donner une petite pause au gardien). L\u2019\u00e9quipe ayant inscrit le but devra retourner au centre pour ensuite pouvoir retourner en attaque. (en assumant que le jeu recommencera \u00e0 l\u2019int\u00e9rieur de 5 secondes) Par contre, lors des 2 derni\u00e8res minutes de jeu, le r\u00e8glement des 5 secondes ne s\u2019applique plus. Les joueurs doivent seulement retourner au centre et peuvent retourner attaquer imm\u00e9diatement.<\/span><\/li>\n<li><span style=\"font-family: verdana, geneva, sans-serif\">Aucun temps d\u2019arr\u00eat n\u2019est permis<\/span><\/li>\n<li><span style=\"font-family: verdana, geneva, sans-serif\"><strong>Tir de p\u00e9nalit\u00e9:<\/strong><\/span><\/li>\n<\/ol>\n<ul style=\"list-style-type: circle\">\n<li><span style=\"font-family: verdana, geneva, sans-serif\"><span style=\"text-decoration: underline\">Tirs de p\u00e9nalit\u00e9 \u00ab\u00a0jeunes\u00a0\u00bb<\/span> &#8211; Peuvent seulement avoir lieu en s\u00e9ries \u00e9liminatoires. Si l\u2019\u00e9galit\u00e9 persiste apr\u00e8s les deux p\u00e9riodes de jeu, les tirs de p\u00e9nalit\u00e9 seront n\u00e9cessaires. <\/span><span style=\"font-family: verdana, geneva, sans-serif\">Chaque \u00e9quipe choisie 3 joueurs\/joueuses pour affronter le gardien adverse. L\u2019\u00e9quipe ayant marqu\u00e9 le plus de buts sera vainqueur. <\/span><span style=\"font-family: verdana, geneva, sans-serif\">Si l\u2019\u00e9galit\u00e9 persiste apr\u00e8s les 3 premiers tirs, nous passerons au format de mort subite. Un titreur \u00e0 la fois sera utilis\u00e9 pour se trouver une \u00e9quipe gagnante. Tous les joueurs de l\u2019\u00e9quipe doivent avoir titrer avant de pouvoir retourner au 1er tireur.<\/span><\/li>\n<li><span style=\"font-family: verdana, geneva, sans-serif\"><span style=\"text-decoration: underline\">Tirs de p\u00e9nalit\u00e9 \u00ab\u00a0adultes\u00a0\u00bb<\/span> &#8211; S&rsquo;appliquent aux matchs de saison r\u00e9guli\u00e8re se terminant par un match nul. Chaque \u00e9quipe s\u00e9lectionnera un joueur (se) (c&rsquo;est-\u00e0-dire que si votre \u00e9quipe marque et que l&rsquo;autre rate, vous remportez la victoire et un point suppl\u00e9mentaire).<br \/>\n<\/span><\/li>\n<\/ul>\n<h3><span style=\"font-family: verdana, geneva, sans-serif\">P\u00e9nalit\u00e9s<\/span><\/h3>\n<ol>\n<li><span style=\"font-family: verdana, geneva, sans-serif\">Aucun coup de b\u00e2ton, double \u00e9chec, b\u00e2ton \u00e9lev\u00e9, accrochage, tr\u00e9buchage, dardage ou tout autres gestes inappropri\u00e9s avec le b\u00e2ton ne seront tol\u00e9r\u00e9s.<\/span><br \/>\n<span style=\"font-family: verdana, geneva, sans-serif\"><strong>N\u2019importe quel de ces gestes r\u00e9sultera \u00e0 l\u2019expulsion du joueur pour la partie et\/ou le tournoi. Les joueurs fautifs pourraient aussi se voir poursuivis en justice.<\/strong><\/span><\/li>\n<li><span style=\"font-family: verdana, geneva, sans-serif\">Aucune bataille ne sera tol\u00e9r\u00e9e. N\u2019importe quel joueur qui d\u00e9cide de se battre se verra automatiquement expuls\u00e9 du match\/tournoi. GBH d\u00e9finit le terme bataille comme suit \u00ab n\u2019importe quelle action o\u00f9 un individu lance au minimum un coup de poing. \u00bb Les joueurs fautifs pourraient aussi se voir poursuivis en justice.<\/span><\/li>\n<li><span style=\"font-family: verdana, geneva, sans-serif\">Aucune mise en \u00e9chec ne sera tol\u00e9r\u00e9e, aucune bousculade ne sera tol\u00e9r\u00e9e, aucun langage ou tout autre action ayant rapport avec une conduite antisportive ne sera tol\u00e9r\u00e9e. Au minimum, un tir de p\u00e9nalit\u00e9 sera donn\u00e9 \u00e0 l\u2019adversaire, mais il pourrait aussi y avoir des sanctions plus s\u00e9v\u00e8res. Le tout est \u00e0 la discr\u00e9tion de l\u2019arbitre.<\/span><\/li>\n<li><span style=\"font-family: verdana, geneva, sans-serif\">Une p\u00e9nalit\u00e9 pour avoir trop de joueurs\/joueuses sur la glace est appel\u00e9e lorsqu\u2019il y a trop de joueurs\/joueuses impliqu\u00e9s en m\u00eame temps sur la glace. Cette p\u00e9nalit\u00e9 ne compte pas sous la r\u00e8gle des trois p\u00e9nalit\u00e9s*<\/span><\/li>\n<li><span style=\"font-family: verdana, geneva, sans-serif\">Si une \u00e9quipe n&rsquo;a pas 3 joueurs et un gardien pr\u00eat \u00e0 jouer pendant une p\u00e9riode, un tir de p\u00e9nalit\u00e9 sera accord\u00e9 \u00e0 l&rsquo;autre \u00e9quipe.<\/span><\/li>\n<li><span style=\"font-family: verdana, geneva, sans-serif\">Tout contact avec la balle au-dessus de la taille r\u00e9sultera en p\u00e9nalit\u00e9. Cette p\u00e9nalit\u00e9 ne compte pas sous la r\u00e8gle des trois p\u00e9nalit\u00e9s*.<\/span><\/li>\n<li><span style=\"font-family: verdana, geneva, sans-serif\">Tout joueur\/joueuse qui re\u00e7oit trois p\u00e9nalit\u00e9s au cours d&rsquo;un m\u00eame match pour des incidents mentionn\u00e9s ci-dessus sera expuls\u00e9 de ce match. L\u2019\u00e9quipe devra \u00e9galement jouer avec un joueur en moins. En fonction de la gravit\u00e9 de leurs actions, le\/la joueur\/joueuse pourrait \u00eatre soumis \u00e0 des cons\u00e9quences plus s\u00e9rieuses. De plus, si les actions sont extr\u00eamement graves, elles pourraient entra\u00eener la disqualification de toute l&rsquo;\u00e9quipe du tournoi.<\/span><\/li>\n<li><span style=\"font-family: verdana, geneva, sans-serif\">Pour toutes les p\u00e9nalit\u00e9s \u00e9num\u00e9r\u00e9es plus haut, un tir de p\u00e9nalit\u00e9 sera donn\u00e9 \u00e0 l\u2019\u00e9quipe adverse. Le jeu ne continuera pas apr\u00e8s le tir de p\u00e9nalit\u00e9. La balle sera donn\u00e9e \u00e0 l\u2019\u00e9quipe d\u00e9fensive derri\u00e8re leur ligne de but et la r\u00e8gle du 3 m\u00e8tres\/ 10 secondes sera appliqu\u00e9. N\u2019importe quel joueur\/joueuse peut prendre le tir de p\u00e9nalit\u00e9.<\/span><\/li>\n<li><span style=\"font-family: verdana, geneva, sans-serif\">Aucun tir frapp\u00e9 ne sera permis. Si un tir frapp\u00e9 est accidentellement fait, la possession de la balle ira \u00e0 l\u2019\u00e9quipe adverse.<\/span><\/li>\n<li><span style=\"font-family: verdana, geneva, sans-serif\">Les tirs frapp\u00e9s se d\u00e9finissent comme un tir puissant o\u00f9 le joueur\/joueuse l\u00e8ve son b\u00e2ton derri\u00e8re eux, souvent au-dessus de sa taille, puis frappe la balle avec force en abaissant le b\u00e2ton rapidement sur la surface. Si ce geste est commis <strong>intentionnellement<\/strong>, un tir de p\u00e9nalit\u00e9 sera donn\u00e9 \u00e0 l\u2019\u00e9quipe adverse.<\/span><\/li>\n<li><span style=\"font-family: verdana, geneva, sans-serif\">Les tirs frapp\u00e9s, \u00e0 moins qu\u2019ils ne soient intentionnels, ne seront pas comptabilis\u00e9s pour la r\u00e8gle des trois p\u00e9nalit\u00e9s*.<\/span><\/li>\n<\/ol>\n<p><span style=\"font-family: verdana, geneva, sans-serif\"><strong>*R\u00e8gle des trois p\u00e9nalit\u00e9s: Tout joueur\/joueuse qui accumule trois p\u00e9nalit\u00e9s au cours d&rsquo;un m\u00eame match sera expuls\u00e9 de celui-ci et ne pourra plus y participer jusqu&rsquo;\u00e0 la fin.\u00a0<\/strong><\/span><\/p>\n<h3><span style=\"font-family: verdana, geneva, sans-serif\">\u00c9quipement requis<\/span><\/h3>\n<ol>\n<li><span style=\"font-family: verdana, geneva, sans-serif\">Les joueurs\/joueuses doivent avoir un b\u00e2ton de hockey, des souliers de course et un casque en tout temps. Les participants \u00e2g\u00e9s de moins de 19 ans (Niveau U20 et plus jeune) doivent jouer avec une pleine protection faciale (pleine grille ou pleine visi\u00e8re) Cet \u00e9quipement ne sera pas fourni par GBH et est assujetti \u00e0 une inspection du personnel de GBH et des arbitres.<\/span><\/li>\n<li><span style=\"font-family: verdana, geneva, sans-serif\">Les joueurs \/ joueuses sont encourag\u00e9s de porter des gants, des protecteurs pour les tibias (style soccer), d\u2019avoir de la protection pour les yeux, un prot\u00e8ge buccal, etc\u2026<\/span><\/li>\n<li><span style=\"font-family: verdana, geneva, sans-serif\">Les gardiens devraient avoir leur propre \u00e9quipement. La largeur maximale pour les jambi\u00e8res est de 13 pouces et est assujetti \u00e0 une inspection du personnel de GBH et de l\u2019arbitre avant et durant les matchs. L\u2019\u00e9quipe adverse peut demander de faire mesurer les jambi\u00e8res du gardien avant le d\u00e9but du match. L\u2019\u00e9quipe qui aura raison se verra attribu\u00e9e un but (si l\u2019\u00e9quipe qui d\u00e9fie n\u2019a pas raison, l\u2019\u00e9quipe adverse aura aussi un but)<\/span><\/li>\n<li><span style=\"font-family: verdana, geneva, sans-serif\">Un nombre limit\u00e9 d\u2019\u00e9quipement de gardien sera disponible afin d\u2019\u00eatre utilis\u00e9. Aucun co\u00fbt ne sera associ\u00e9 \u00e0 cette location d\u2019\u00e9quipement. L\u2019\u00e9quipement doit \u00eatre imm\u00e9diatement remis apr\u00e8s le match.<\/span><\/li>\n<\/ol>\n<h3><span style=\"font-family: verdana, geneva, sans-serif\">Autres r\u00e8gles<\/span><\/h3>\n<ol>\n<li><span style=\"font-family: verdana, geneva, sans-serif\">Lors des tournois, les horaires peuvent chang\u00e9s. Chaque \u00e9quipe est invit\u00e9e \u00e0 v\u00e9rifier les heures auxquelles elle doit jouer ainsi qu\u2019\u00e0 l\u2019ar\u00e9na qui lui est assign\u00e9e. Si vous d\u00e9cidez de partir de l\u2019ar\u00e9na, gardez en t\u00eate qu\u2019il est possible que vous ratiez un match ou un changement \u00e0 l\u2019horaire.<\/span><\/li>\n<li><span style=\"font-family: verdana, geneva, sans-serif\">Si un joueur\/joueuse se coupe et qu\u2019il\/elle saigne, il\/elle peut seulement revenir au jeu lorsque le sang aura arr\u00eat\u00e9 de couler.<\/span><\/li>\n<li><span style=\"font-family: verdana, geneva, sans-serif\">Les drogues ne sont pas permises aux \u00e9v\u00e9nements de GBH. La consommation d\u2019alcool est seulement permise pour les joueurs\/joueuses d\u2019\u00e2ge l\u00e9gal aux endroit appropri\u00e9s. Si un joueur\/joueuse ou un parent ou partisan ne respecte pas ce r\u00e8glement, il\/elle sera escort\u00e9 \u00e0 l\u2019ext\u00e9rieur de l\u2019\u00e9tablissement par un employ\u00e9 de GBH ou un employ\u00e9 de l\u2019ar\u00e9na. Les joueurs\/joueuses de l\u2019\u00e9quipe ou m\u00eame les partisans pourraient se faire disqualifier du tournoi.<\/span><\/li>\n<\/ol>\n","protected":false},"excerpt":{"rendered":"<p>R\u00c8GLES G\u00c9N\u00c9RALES Chaque \u00e9quipe doit avoir un minimum de 4 joueurs (excluant le gardien) Chaque \u00e9quipe d\u00e9cidera de la division dans laquelle il serait plus appropri\u00e9e de jouer selon le niveau d\u2019exp\u00e9rience et d\u2019habilet\u00e9s. Les organisateurs ont le droit de changer la division des \u00e9quipes s\u2019ils le jugent n\u00e9cessaires. Des changements aux alignements pourraient \u00eatre [&hellip;]<\/p>\n","protected":false},"author":193,"featured_media":0,"parent":0,"menu_order":49,"comment_status":"closed","ping_status":"closed","template":"","meta":{"_acf_changed":false,"footnotes":""},"class_list":["post-2538","page","type-page","status-publish","hentry"],"acf":[],"yoast_head":"<!-- This site is optimized with the Yoast SEO plugin v25.7 - https:\/\/yoast.com\/wordpress\/plugins\/seo\/ -->\n<title>R\u00e8gles - Goody&#039;s Ball Hockey<\/title>\n<meta name=\"robots\" content=\"index, follow, max-snippet:-1, max-image-preview:large, max-video-preview:-1\" \/>\n<link rel=\"canonical\" href=\"https:\/\/goodysballhockey.com\/reglements\/\" \/>\n<meta property=\"og:locale\" content=\"fr_FR\" \/>\n<meta property=\"og:type\" content=\"article\" \/>\n<meta property=\"og:title\" content=\"R\u00e8gles - Goody&#039;s Ball Hockey\" \/>\n<meta property=\"og:description\" content=\"R\u00c8GLES G\u00c9N\u00c9RALES Chaque \u00e9quipe doit avoir un minimum de 4 joueurs (excluant le gardien) Chaque \u00e9quipe d\u00e9cidera de la division dans laquelle il serait plus appropri\u00e9e de jouer selon le niveau d\u2019exp\u00e9rience et d\u2019habilet\u00e9s. Les organisateurs ont le droit de changer la division des \u00e9quipes s\u2019ils le jugent n\u00e9cessaires. Des changements aux alignements pourraient \u00eatre [&hellip;]\" \/>\n<meta property=\"og:url\" content=\"https:\/\/goodysballhockey.com\/reglements\/\" \/>\n<meta property=\"og:site_name\" content=\"Goody&#039;s Ball Hockey\" \/>\n<meta property=\"article:modified_time\" content=\"2025-10-01T19:55:01+00:00\" \/>\n<meta name=\"twitter:card\" content=\"summary_large_image\" \/>\n<meta name=\"twitter:label1\" content=\"Dur\u00e9e de lecture estim\u00e9e\" \/>\n\t<meta name=\"twitter:data1\" content=\"7 minutes\" \/>\n<script type=\"application\/ld+json\" class=\"yoast-schema-graph\">{\"@context\":\"https:\/\/schema.org\",\"@graph\":[{\"@type\":\"WebPage\",\"@id\":\"https:\/\/goodysballhockey.com\/reglements\/\",\"url\":\"https:\/\/goodysballhockey.com\/reglements\/\",\"name\":\"R\u00e8gles - Goody's Ball Hockey\",\"isPartOf\":{\"@id\":\"https:\/\/goodysballhockey.com\/#website\"},\"datePublished\":\"2021-03-24T11:34:56+00:00\",\"dateModified\":\"2025-10-01T19:55:01+00:00\",\"breadcrumb\":{\"@id\":\"https:\/\/goodysballhockey.com\/reglements\/#breadcrumb\"},\"inLanguage\":\"fr-FR\",\"potentialAction\":[{\"@type\":\"ReadAction\",\"target\":[\"https:\/\/goodysballhockey.com\/reglements\/\"]}]},{\"@type\":\"BreadcrumbList\",\"@id\":\"https:\/\/goodysballhockey.com\/reglements\/#breadcrumb\",\"itemListElement\":[{\"@type\":\"ListItem\",\"position\":1,\"name\":\"Accueil\",\"item\":\"https:\/\/goodysballhockey.com\/\"},{\"@type\":\"ListItem\",\"position\":2,\"name\":\"R\u00e8gles\"}]},{\"@type\":\"WebSite\",\"@id\":\"https:\/\/goodysballhockey.com\/#website\",\"url\":\"https:\/\/goodysballhockey.com\/\",\"name\":\"Goody's Ball Hockey\",\"description\":\"Un site utilisant Les sites de Shark M\u00e9dia & Sport, template Slapshot\",\"potentialAction\":[{\"@type\":\"SearchAction\",\"target\":{\"@type\":\"EntryPoint\",\"urlTemplate\":\"https:\/\/goodysballhockey.com\/?s={search_term_string}\"},\"query-input\":{\"@type\":\"PropertyValueSpecification\",\"valueRequired\":true,\"valueName\":\"search_term_string\"}}],\"inLanguage\":\"fr-FR\"}]}<\/script>\n<!-- \/ Yoast SEO plugin. -->","yoast_head_json":{"title":"R\u00e8gles - Goody's Ball Hockey","robots":{"index":"index","follow":"follow","max-snippet":"max-snippet:-1","max-image-preview":"max-image-preview:large","max-video-preview":"max-video-preview:-1"},"canonical":"https:\/\/goodysballhockey.com\/reglements\/","og_locale":"fr_FR","og_type":"article","og_title":"R\u00e8gles - Goody's Ball Hockey","og_description":"R\u00c8GLES G\u00c9N\u00c9RALES Chaque \u00e9quipe doit avoir un minimum de 4 joueurs (excluant le gardien) Chaque \u00e9quipe d\u00e9cidera de la division dans laquelle il serait plus appropri\u00e9e de jouer selon le niveau d\u2019exp\u00e9rience et d\u2019habilet\u00e9s. Les organisateurs ont le droit de changer la division des \u00e9quipes s\u2019ils le jugent n\u00e9cessaires. Des changements aux alignements pourraient \u00eatre [&hellip;]","og_url":"https:\/\/goodysballhockey.com\/reglements\/","og_site_name":"Goody's Ball Hockey","article_modified_time":"2025-10-01T19:55:01+00:00","twitter_card":"summary_large_image","twitter_misc":{"Dur\u00e9e de lecture estim\u00e9e":"7 minutes"},"schema":{"@context":"https:\/\/schema.org","@graph":[{"@type":"WebPage","@id":"https:\/\/goodysballhockey.com\/reglements\/","url":"https:\/\/goodysballhockey.com\/reglements\/","name":"R\u00e8gles - Goody's Ball Hockey","isPartOf":{"@id":"https:\/\/goodysballhockey.com\/#website"},"datePublished":"2021-03-24T11:34:56+00:00","dateModified":"2025-10-01T19:55:01+00:00","breadcrumb":{"@id":"https:\/\/goodysballhockey.com\/reglements\/#breadcrumb"},"inLanguage":"fr-FR","potentialAction":[{"@type":"ReadAction","target":["https:\/\/goodysballhockey.com\/reglements\/"]}]},{"@type":"BreadcrumbList","@id":"https:\/\/goodysballhockey.com\/reglements\/#breadcrumb","itemListElement":[{"@type":"ListItem","position":1,"name":"Accueil","item":"https:\/\/goodysballhockey.com\/"},{"@type":"ListItem","position":2,"name":"R\u00e8gles"}]},{"@type":"WebSite","@id":"https:\/\/goodysballhockey.com\/#website","url":"https:\/\/goodysballhockey.com\/","name":"Goody's Ball Hockey","description":"Un site utilisant Les sites de Shark M\u00e9dia & Sport, template Slapshot","potentialAction":[{"@type":"SearchAction","target":{"@type":"EntryPoint","urlTemplate":"https:\/\/goodysballhockey.com\/?s={search_term_string}"},"query-input":{"@type":"PropertyValueSpecification","valueRequired":true,"valueName":"search_term_string"}}],"inLanguage":"fr-FR"}]}},"_links":{"self":[{"href":"https:\/\/goodysballhockey.com\/fr\/wp-json\/wp\/v2\/pages\/2538","targetHints":{"allow":["GET"]}}],"collection":[{"href":"https:\/\/goodysballhockey.com\/fr\/wp-json\/wp\/v2\/pages"}],"about":[{"href":"https:\/\/goodysballhockey.com\/fr\/wp-json\/wp\/v2\/types\/page"}],"author":[{"embeddable":true,"href":"https:\/\/goodysballhockey.com\/fr\/wp-json\/wp\/v2\/users\/193"}],"replies":[{"embeddable":true,"href":"https:\/\/goodysballhockey.com\/fr\/wp-json\/wp\/v2\/comments?post=2538"}],"version-history":[{"count":14,"href":"https:\/\/goodysballhockey.com\/fr\/wp-json\/wp\/v2\/pages\/2538\/revisions"}],"predecessor-version":[{"id":18236,"href":"https:\/\/goodysballhockey.com\/fr\/wp-json\/wp\/v2\/pages\/2538\/revisions\/18236"}],"wp:attachment":[{"href":"https:\/\/goodysballhockey.com\/fr\/wp-json\/wp\/v2\/media?parent=2538"}],"curies":[{"name":"wp","href":"https:\/\/api.w.org\/{rel}","templated":true}]}}