{"id":16116,"date":"2025-03-22T06:18:03","date_gmt":"2025-03-22T10:18:03","guid":{"rendered":"https:\/\/goodysballhockey.com\/?page_id=16116"},"modified":"2025-08-02T21:19:14","modified_gmt":"2025-08-03T01:19:14","slug":"calendrier-2025-femmes-b","status":"publish","type":"page","link":"https:\/\/goodysballhockey.com\/fr\/calendrier-2\/calendrier-2025-femmes-b\/","title":{"rendered":"HORAIRE 2025 &#8211; Femmes B"},"content":{"rendered":"<p><span style=\"font-family: verdana, geneva, sans-serif\"><strong>HORAIRE &#8211; 2025\u00a0<\/strong><\/span><\/p>\n<p><img loading=\"lazy\" decoding=\"async\" class=\"alignnone size-full wp-image-17440\" src=\"http:\/\/goodysballhockey.com\/wp-content\/uploads\/sites\/447\/2025\/08\/12.-Sch-WB_FRjpg-1-e1754183930356.jpg\" alt=\"\" width=\"917\" height=\"965\" srcset=\"https:\/\/goodysballhockey.com\/wp-content\/uploads\/sites\/447\/2025\/08\/12.-Sch-WB_FRjpg-1-e1754183930356.jpg 917w, https:\/\/goodysballhockey.com\/wp-content\/uploads\/sites\/447\/2025\/08\/12.-Sch-WB_FRjpg-1-e1754183930356-285x300.jpg 285w, https:\/\/goodysballhockey.com\/wp-content\/uploads\/sites\/447\/2025\/08\/12.-Sch-WB_FRjpg-1-e1754183930356-768x808.jpg 768w\" sizes=\"(max-width: 917px) 100vw, 917px\" \/><\/p>\n<p><span style=\"font-family: verdana, geneva, sans-serif\"><strong>LIEU\u00a0<\/strong>&#8211; Ar\u00e9na Centre Arthur-J.-LeBlanc (surface olympique), 432 chemin Melanson, Dieppe, N.-B. E1A 1A6<\/span><\/p>\n<p><span style=\"font-family: verdana, geneva, sans-serif\"><strong>ZONES <\/strong>&#8211; Zone A (gauche), Zone B (milieu), Zone C (droite)<strong>\u00a0<\/strong><\/span><\/p>\n<p><span style=\"font-family: verdana, geneva, sans-serif\"><strong>\u00c0 NOTER <\/strong>&#8211; Les dates et les heures peuvent changer, S.V.P veuillez consulter le site web r\u00e9guli\u00e8rement. Nous aviserons \u00e9galement les participants par courriel s\u2019il y a un changement d\u2019horaire.<strong>\u00a0<\/strong><\/span><\/p>\n","protected":false},"excerpt":{"rendered":"<p>HORAIRE &#8211; 2025\u00a0 LIEU\u00a0&#8211; Ar\u00e9na Centre Arthur-J.-LeBlanc (surface olympique), 432 chemin Melanson, Dieppe, N.-B. E1A 1A6 ZONES &#8211; Zone A (gauche), Zone B (milieu), Zone C (droite)\u00a0 \u00c0 NOTER &#8211; Les dates et les heures peuvent changer, S.V.P veuillez consulter le site web r\u00e9guli\u00e8rement. Nous aviserons \u00e9galement les participants par courriel s\u2019il y a un [&hellip;]<\/p>\n","protected":false},"author":380,"featured_media":0,"parent":3219,"menu_order":100,"comment_status":"closed","ping_status":"closed","template":"","meta":{"_acf_changed":false,"footnotes":""},"class_list":["post-16116","page","type-page","status-publish","hentry"],"acf":[],"yoast_head":"<!-- This site is optimized with the Yoast SEO plugin v25.7 - https:\/\/yoast.com\/wordpress\/plugins\/seo\/ -->\n<title>HORAIRE 2025 - Femmes B - Goody&#039;s Ball Hockey<\/title>\n<meta name=\"robots\" content=\"index, follow, max-snippet:-1, max-image-preview:large, max-video-preview:-1\" \/>\n<link rel=\"canonical\" href=\"https:\/\/goodysballhockey.com\/calendrier-2\/calendrier-2025-femmes-b\/\" \/>\n<meta property=\"og:locale\" content=\"fr_FR\" \/>\n<meta property=\"og:type\" content=\"article\" \/>\n<meta property=\"og:title\" content=\"HORAIRE 2025 - Femmes B - Goody&#039;s Ball Hockey\" \/>\n<meta property=\"og:description\" content=\"HORAIRE &#8211; 2025\u00a0 LIEU\u00a0&#8211; Ar\u00e9na Centre Arthur-J.-LeBlanc (surface olympique), 432 chemin Melanson, Dieppe, N.-B. E1A 1A6 ZONES &#8211; Zone A (gauche), Zone B (milieu), Zone C (droite)\u00a0 \u00c0 NOTER &#8211; Les dates et les heures peuvent changer, S.V.P veuillez consulter le site web r\u00e9guli\u00e8rement. Nous aviserons \u00e9galement les participants par courriel s\u2019il y a un [&hellip;]\" \/>\n<meta property=\"og:url\" content=\"https:\/\/goodysballhockey.com\/calendrier-2\/calendrier-2025-femmes-b\/\" \/>\n<meta property=\"og:site_name\" content=\"Goody&#039;s Ball Hockey\" \/>\n<meta property=\"article:modified_time\" content=\"2025-08-03T01:19:14+00:00\" \/>\n<meta property=\"og:image\" content=\"http:\/\/goodysballhockey.com\/wp-content\/uploads\/sites\/447\/2025\/08\/12.-Sch-WB_FRjpg-1-e1754183930356.jpg\" \/>\n<meta name=\"twitter:card\" content=\"summary_large_image\" \/>\n<meta name=\"twitter:label1\" content=\"Dur\u00e9e de lecture estim\u00e9e\" \/>\n\t<meta name=\"twitter:data1\" content=\"1 minute\" \/>\n<script type=\"application\/ld+json\" class=\"yoast-schema-graph\">{\"@context\":\"https:\/\/schema.org\",\"@graph\":[{\"@type\":\"WebPage\",\"@id\":\"https:\/\/goodysballhockey.com\/calendrier-2\/calendrier-2025-femmes-b\/\",\"url\":\"https:\/\/goodysballhockey.com\/calendrier-2\/calendrier-2025-femmes-b\/\",\"name\":\"HORAIRE 2025 - Femmes B - Goody's Ball Hockey\",\"isPartOf\":{\"@id\":\"https:\/\/goodysballhockey.com\/#website\"},\"primaryImageOfPage\":{\"@id\":\"https:\/\/goodysballhockey.com\/calendrier-2\/calendrier-2025-femmes-b\/#primaryimage\"},\"image\":{\"@id\":\"https:\/\/goodysballhockey.com\/calendrier-2\/calendrier-2025-femmes-b\/#primaryimage\"},\"thumbnailUrl\":\"http:\/\/goodysballhockey.com\/wp-content\/uploads\/sites\/447\/2025\/08\/12.-Sch-WB_FRjpg-1-e1754183930356.jpg\",\"datePublished\":\"2025-03-22T10:18:03+00:00\",\"dateModified\":\"2025-08-03T01:19:14+00:00\",\"breadcrumb\":{\"@id\":\"https:\/\/goodysballhockey.com\/calendrier-2\/calendrier-2025-femmes-b\/#breadcrumb\"},\"inLanguage\":\"fr-FR\",\"potentialAction\":[{\"@type\":\"ReadAction\",\"target\":[\"https:\/\/goodysballhockey.com\/calendrier-2\/calendrier-2025-femmes-b\/\"]}]},{\"@type\":\"ImageObject\",\"inLanguage\":\"fr-FR\",\"@id\":\"https:\/\/goodysballhockey.com\/calendrier-2\/calendrier-2025-femmes-b\/#primaryimage\",\"url\":\"http:\/\/goodysballhockey.com\/wp-content\/uploads\/sites\/447\/2025\/08\/12.-Sch-WB_FRjpg-1-e1754183930356.jpg\",\"contentUrl\":\"http:\/\/goodysballhockey.com\/wp-content\/uploads\/sites\/447\/2025\/08\/12.-Sch-WB_FRjpg-1-e1754183930356.jpg\"},{\"@type\":\"BreadcrumbList\",\"@id\":\"https:\/\/goodysballhockey.com\/calendrier-2\/calendrier-2025-femmes-b\/#breadcrumb\",\"itemListElement\":[{\"@type\":\"ListItem\",\"position\":1,\"name\":\"Accueil\",\"item\":\"https:\/\/goodysballhockey.com\/\"},{\"@type\":\"ListItem\",\"position\":2,\"name\":\"HORAIRE &#8211; 2025\",\"item\":\"https:\/\/goodysballhockey.com\/calendrier-2\/\"},{\"@type\":\"ListItem\",\"position\":3,\"name\":\"HORAIRE 2025 &#8211; Femmes B\"}]},{\"@type\":\"WebSite\",\"@id\":\"https:\/\/goodysballhockey.com\/#website\",\"url\":\"https:\/\/goodysballhockey.com\/\",\"name\":\"Goody's Ball Hockey\",\"description\":\"Un site utilisant Les sites de Shark M\u00e9dia & Sport, template Slapshot\",\"potentialAction\":[{\"@type\":\"SearchAction\",\"target\":{\"@type\":\"EntryPoint\",\"urlTemplate\":\"https:\/\/goodysballhockey.com\/?s={search_term_string}\"},\"query-input\":{\"@type\":\"PropertyValueSpecification\",\"valueRequired\":true,\"valueName\":\"search_term_string\"}}],\"inLanguage\":\"fr-FR\"}]}<\/script>\n<!-- \/ Yoast SEO plugin. -->","yoast_head_json":{"title":"HORAIRE 2025 - Femmes B - Goody's Ball Hockey","robots":{"index":"index","follow":"follow","max-snippet":"max-snippet:-1","max-image-preview":"max-image-preview:large","max-video-preview":"max-video-preview:-1"},"canonical":"https:\/\/goodysballhockey.com\/calendrier-2\/calendrier-2025-femmes-b\/","og_locale":"fr_FR","og_type":"article","og_title":"HORAIRE 2025 - Femmes B - Goody's Ball Hockey","og_description":"HORAIRE &#8211; 2025\u00a0 LIEU\u00a0&#8211; Ar\u00e9na Centre Arthur-J.-LeBlanc (surface olympique), 432 chemin Melanson, Dieppe, N.-B. E1A 1A6 ZONES &#8211; Zone A (gauche), Zone B (milieu), Zone C (droite)\u00a0 \u00c0 NOTER &#8211; Les dates et les heures peuvent changer, S.V.P veuillez consulter le site web r\u00e9guli\u00e8rement. Nous aviserons \u00e9galement les participants par courriel s\u2019il y a un [&hellip;]","og_url":"https:\/\/goodysballhockey.com\/calendrier-2\/calendrier-2025-femmes-b\/","og_site_name":"Goody's Ball Hockey","article_modified_time":"2025-08-03T01:19:14+00:00","og_image":[{"url":"http:\/\/goodysballhockey.com\/wp-content\/uploads\/sites\/447\/2025\/08\/12.-Sch-WB_FRjpg-1-e1754183930356.jpg","type":"","width":"","height":""}],"twitter_card":"summary_large_image","twitter_misc":{"Dur\u00e9e de lecture estim\u00e9e":"1 minute"},"schema":{"@context":"https:\/\/schema.org","@graph":[{"@type":"WebPage","@id":"https:\/\/goodysballhockey.com\/calendrier-2\/calendrier-2025-femmes-b\/","url":"https:\/\/goodysballhockey.com\/calendrier-2\/calendrier-2025-femmes-b\/","name":"HORAIRE 2025 - Femmes B - Goody's Ball Hockey","isPartOf":{"@id":"https:\/\/goodysballhockey.com\/#website"},"primaryImageOfPage":{"@id":"https:\/\/goodysballhockey.com\/calendrier-2\/calendrier-2025-femmes-b\/#primaryimage"},"image":{"@id":"https:\/\/goodysballhockey.com\/calendrier-2\/calendrier-2025-femmes-b\/#primaryimage"},"thumbnailUrl":"http:\/\/goodysballhockey.com\/wp-content\/uploads\/sites\/447\/2025\/08\/12.-Sch-WB_FRjpg-1-e1754183930356.jpg","datePublished":"2025-03-22T10:18:03+00:00","dateModified":"2025-08-03T01:19:14+00:00","breadcrumb":{"@id":"https:\/\/goodysballhockey.com\/calendrier-2\/calendrier-2025-femmes-b\/#breadcrumb"},"inLanguage":"fr-FR","potentialAction":[{"@type":"ReadAction","target":["https:\/\/goodysballhockey.com\/calendrier-2\/calendrier-2025-femmes-b\/"]}]},{"@type":"ImageObject","inLanguage":"fr-FR","@id":"https:\/\/goodysballhockey.com\/calendrier-2\/calendrier-2025-femmes-b\/#primaryimage","url":"http:\/\/goodysballhockey.com\/wp-content\/uploads\/sites\/447\/2025\/08\/12.-Sch-WB_FRjpg-1-e1754183930356.jpg","contentUrl":"http:\/\/goodysballhockey.com\/wp-content\/uploads\/sites\/447\/2025\/08\/12.-Sch-WB_FRjpg-1-e1754183930356.jpg"},{"@type":"BreadcrumbList","@id":"https:\/\/goodysballhockey.com\/calendrier-2\/calendrier-2025-femmes-b\/#breadcrumb","itemListElement":[{"@type":"ListItem","position":1,"name":"Accueil","item":"https:\/\/goodysballhockey.com\/"},{"@type":"ListItem","position":2,"name":"HORAIRE &#8211; 2025","item":"https:\/\/goodysballhockey.com\/calendrier-2\/"},{"@type":"ListItem","position":3,"name":"HORAIRE 2025 &#8211; Femmes B"}]},{"@type":"WebSite","@id":"https:\/\/goodysballhockey.com\/#website","url":"https:\/\/goodysballhockey.com\/","name":"Goody's Ball Hockey","description":"Un site utilisant Les sites de Shark M\u00e9dia & Sport, template Slapshot","potentialAction":[{"@type":"SearchAction","target":{"@type":"EntryPoint","urlTemplate":"https:\/\/goodysballhockey.com\/?s={search_term_string}"},"query-input":{"@type":"PropertyValueSpecification","valueRequired":true,"valueName":"search_term_string"}}],"inLanguage":"fr-FR"}]}},"_links":{"self":[{"href":"https:\/\/goodysballhockey.com\/fr\/wp-json\/wp\/v2\/pages\/16116","targetHints":{"allow":["GET"]}}],"collection":[{"href":"https:\/\/goodysballhockey.com\/fr\/wp-json\/wp\/v2\/pages"}],"about":[{"href":"https:\/\/goodysballhockey.com\/fr\/wp-json\/wp\/v2\/types\/page"}],"author":[{"embeddable":true,"href":"https:\/\/goodysballhockey.com\/fr\/wp-json\/wp\/v2\/users\/380"}],"replies":[{"embeddable":true,"href":"https:\/\/goodysballhockey.com\/fr\/wp-json\/wp\/v2\/comments?post=16116"}],"version-history":[{"count":21,"href":"https:\/\/goodysballhockey.com\/fr\/wp-json\/wp\/v2\/pages\/16116\/revisions"}],"predecessor-version":[{"id":17444,"href":"https:\/\/goodysballhockey.com\/fr\/wp-json\/wp\/v2\/pages\/16116\/revisions\/17444"}],"up":[{"embeddable":true,"href":"https:\/\/goodysballhockey.com\/fr\/wp-json\/wp\/v2\/pages\/3219"}],"wp:attachment":[{"href":"https:\/\/goodysballhockey.com\/fr\/wp-json\/wp\/v2\/media?parent=16116"}],"curies":[{"name":"wp","href":"https:\/\/api.w.org\/{rel}","templated":true}]}}