{"id":14797,"date":"2024-08-08T20:52:17","date_gmt":"2024-08-09T00:52:17","guid":{"rendered":"https:\/\/goodysballhockey.com\/?page_id=14797"},"modified":"2025-03-22T05:59:08","modified_gmt":"2025-03-22T09:59:08","slug":"course-p-r-o-jeunesse-goodys-2024","status":"publish","type":"page","link":"https:\/\/goodysballhockey.com\/fr\/course-p-r-o-jeunesse-goodys-2024\/","title":{"rendered":"Course P.R.O. Jeunesse Goody&rsquo;s 2024"},"content":{"rendered":"<p><span style=\"font-family: arial, helvetica, sans-serif\"><strong>Vous voulez vous inscrire? <\/strong>Cliquer <a href=\"https:\/\/docs.google.com\/forms\/d\/14dqEBoFOqUkNzTqkfNLoCsep4cwlry3y2g5ik_gwTdM\/viewform\"><strong>ICI<\/strong><\/a><\/span><\/p>\n<p><span style=\"font-family: arial, helvetica, sans-serif\"><strong>Information sur l&rsquo;\u00e9v\u00e9nement\u00a0<\/strong><\/span><br \/>\n<span style=\"font-family: arial, helvetica, sans-serif\">Hockey-Balle Goody&rsquo;s est fier d&rsquo;organiser pour la 9\u00e8me fois une course P.R.O. Jeunesse le samedi 10 ao\u00fbt.\u00a0<\/span><br \/>\n<span style=\"font-family: arial, helvetica, sans-serif\">P.R.O. Jeunesse est un programme communautaire qui aide les enfants et les jeunes de Dieppe et Memramcook \u00e2g\u00e9s de 2 \u00e0 18 ans venant de familles en difficult\u00e9 financi\u00e8re \u00e0 participer \u00e0 des activit\u00e9s communautaires, culturelles et sportives.\u00a0\u00a0<\/span><br \/>\n<span style=\"font-family: arial, helvetica, sans-serif\">Chez Goody&rsquo;s, nous pensons que le sport offre aux enfants une plus grande chance de r\u00e9ussir, d&rsquo;acqu\u00e9rir des comp\u00e9tences en leadership et d&rsquo;enrichir leur vie.\u00a0<\/span><br \/>\n<span style=\"font-family: arial, helvetica, sans-serif\">Nous organiserons une course\/marche de 1 km, 5 km et 10 km pour r\u00e9colter des fonds et aider cette belle cause.\u00a0\u00a0<\/span><br \/>\n<span style=\"font-family: arial, helvetica, sans-serif\">La course d\u00e9butera \u00e0 9h (inscriptions de 8h \u00e0 8h30) le samedi 10 ao\u00fbt au parc Rotary de Dieppe (505 chemin Melanson).\u00a0<\/span><\/p>\n<p><span style=\"font-family: arial, helvetica, sans-serif\"><strong>Agenda de l&rsquo;\u00e9v\u00e9nement\u00a0<\/strong><\/span><br \/>\n<span style=\"font-family: arial, helvetica, sans-serif\">8h-8h30 (inscription en personne)<\/span><br \/>\n<span style=\"font-family: arial, helvetica, sans-serif\">8h30-8h45 (Photo de groupe)<\/span><br \/>\n<span style=\"font-family: arial, helvetica, sans-serif\">8h45-9h (discours)<\/span><br \/>\n<span style=\"font-family: arial, helvetica, sans-serif\">9h (d\u00e9but de course)<\/span><\/p>\n<p><span style=\"font-family: arial, helvetica, sans-serif\"><strong>Les frais d&rsquo;inscription sont les suivants :\u00a0<\/strong><\/span><br \/>\n<span style=\"font-family: arial, helvetica, sans-serif\">&#8211; 1km (10$)<\/span><br \/>\n<span style=\"font-family: arial, helvetica, sans-serif\">&#8211; 5km (20$)<\/span><br \/>\n<span style=\"font-family: arial, helvetica, sans-serif\">&#8211; 10km (30$)<\/span><\/p>\n<p><span style=\"font-family: arial, helvetica, sans-serif\">Si vous avez des questions ou des pr\u00e9occupations, veuillez nous contacter nous au info@goodysballhockey.com\u00a0<\/span><\/p>\n<p><span style=\"font-family: arial, helvetica, sans-serif\">Merci,\u00a0<\/span><\/p>\n<p><span style=\"font-family: arial, helvetica, sans-serif\">L&rsquo;\u00e9quipe Hockey-Balle goody&rsquo;s<\/span><\/p>\n","protected":false},"excerpt":{"rendered":"<p>Vous voulez vous inscrire? Cliquer ICI Information sur l&rsquo;\u00e9v\u00e9nement\u00a0 Hockey-Balle Goody&rsquo;s est fier d&rsquo;organiser pour la 9\u00e8me fois une course P.R.O. Jeunesse le samedi 10 ao\u00fbt.\u00a0 P.R.O. Jeunesse est un programme communautaire qui aide les enfants et les jeunes de Dieppe et Memramcook \u00e2g\u00e9s de 2 \u00e0 18 ans venant de familles en difficult\u00e9 financi\u00e8re [&hellip;]<\/p>\n","protected":false},"author":380,"featured_media":0,"parent":0,"menu_order":0,"comment_status":"closed","ping_status":"closed","template":"","meta":{"_acf_changed":false,"footnotes":""},"class_list":["post-14797","page","type-page","status-publish","hentry"],"acf":[],"yoast_head":"<!-- This site is optimized with the Yoast SEO plugin v25.7 - https:\/\/yoast.com\/wordpress\/plugins\/seo\/ -->\n<title>Course P.R.O. Jeunesse Goody&#039;s 2024 - Goody&#039;s Ball Hockey<\/title>\n<meta name=\"robots\" content=\"index, follow, max-snippet:-1, max-image-preview:large, max-video-preview:-1\" \/>\n<link rel=\"canonical\" href=\"https:\/\/goodysballhockey.com\/inscription\/course-p-r-o-jeunesse-goodys-2024\/\" \/>\n<meta property=\"og:locale\" content=\"fr_FR\" \/>\n<meta property=\"og:type\" content=\"article\" \/>\n<meta property=\"og:title\" content=\"Course P.R.O. Jeunesse Goody&#039;s 2024 - Goody&#039;s Ball Hockey\" \/>\n<meta property=\"og:description\" content=\"Vous voulez vous inscrire? Cliquer ICI Information sur l&rsquo;\u00e9v\u00e9nement\u00a0 Hockey-Balle Goody&rsquo;s est fier d&rsquo;organiser pour la 9\u00e8me fois une course P.R.O. Jeunesse le samedi 10 ao\u00fbt.\u00a0 P.R.O. Jeunesse est un programme communautaire qui aide les enfants et les jeunes de Dieppe et Memramcook \u00e2g\u00e9s de 2 \u00e0 18 ans venant de familles en difficult\u00e9 financi\u00e8re [&hellip;]\" \/>\n<meta property=\"og:url\" content=\"https:\/\/goodysballhockey.com\/inscription\/course-p-r-o-jeunesse-goodys-2024\/\" \/>\n<meta property=\"og:site_name\" content=\"Goody&#039;s Ball Hockey\" \/>\n<meta property=\"article:modified_time\" content=\"2025-03-22T09:59:08+00:00\" \/>\n<meta name=\"twitter:card\" content=\"summary_large_image\" \/>\n<meta name=\"twitter:label1\" content=\"Dur\u00e9e de lecture estim\u00e9e\" \/>\n\t<meta name=\"twitter:data1\" content=\"1 minute\" \/>\n<script type=\"application\/ld+json\" class=\"yoast-schema-graph\">{\"@context\":\"https:\/\/schema.org\",\"@graph\":[{\"@type\":\"WebPage\",\"@id\":\"https:\/\/goodysballhockey.com\/inscription\/course-p-r-o-jeunesse-goodys-2024\/\",\"url\":\"https:\/\/goodysballhockey.com\/inscription\/course-p-r-o-jeunesse-goodys-2024\/\",\"name\":\"Course P.R.O. Jeunesse Goody's 2024 - Goody's Ball Hockey\",\"isPartOf\":{\"@id\":\"https:\/\/goodysballhockey.com\/#website\"},\"datePublished\":\"2024-08-09T00:52:17+00:00\",\"dateModified\":\"2025-03-22T09:59:08+00:00\",\"breadcrumb\":{\"@id\":\"https:\/\/goodysballhockey.com\/inscription\/course-p-r-o-jeunesse-goodys-2024\/#breadcrumb\"},\"inLanguage\":\"fr-FR\",\"potentialAction\":[{\"@type\":\"ReadAction\",\"target\":[\"https:\/\/goodysballhockey.com\/inscription\/course-p-r-o-jeunesse-goodys-2024\/\"]}]},{\"@type\":\"BreadcrumbList\",\"@id\":\"https:\/\/goodysballhockey.com\/inscription\/course-p-r-o-jeunesse-goodys-2024\/#breadcrumb\",\"itemListElement\":[{\"@type\":\"ListItem\",\"position\":1,\"name\":\"Accueil\",\"item\":\"https:\/\/goodysballhockey.com\/\"},{\"@type\":\"ListItem\",\"position\":2,\"name\":\"INSCRIPTION &#8211; 2025\",\"item\":\"https:\/\/goodysballhockey.com\/inscription\/\"},{\"@type\":\"ListItem\",\"position\":3,\"name\":\"Course P.R.O. Jeunesse Goody&#8217;s 2024\"}]},{\"@type\":\"WebSite\",\"@id\":\"https:\/\/goodysballhockey.com\/#website\",\"url\":\"https:\/\/goodysballhockey.com\/\",\"name\":\"Goody's Ball Hockey\",\"description\":\"Un site utilisant Les sites de Shark M\u00e9dia & Sport, template Slapshot\",\"potentialAction\":[{\"@type\":\"SearchAction\",\"target\":{\"@type\":\"EntryPoint\",\"urlTemplate\":\"https:\/\/goodysballhockey.com\/?s={search_term_string}\"},\"query-input\":{\"@type\":\"PropertyValueSpecification\",\"valueRequired\":true,\"valueName\":\"search_term_string\"}}],\"inLanguage\":\"fr-FR\"}]}<\/script>\n<!-- \/ Yoast SEO plugin. -->","yoast_head_json":{"title":"Course P.R.O. Jeunesse Goody's 2024 - Goody's Ball Hockey","robots":{"index":"index","follow":"follow","max-snippet":"max-snippet:-1","max-image-preview":"max-image-preview:large","max-video-preview":"max-video-preview:-1"},"canonical":"https:\/\/goodysballhockey.com\/inscription\/course-p-r-o-jeunesse-goodys-2024\/","og_locale":"fr_FR","og_type":"article","og_title":"Course P.R.O. Jeunesse Goody's 2024 - Goody's Ball Hockey","og_description":"Vous voulez vous inscrire? Cliquer ICI Information sur l&rsquo;\u00e9v\u00e9nement\u00a0 Hockey-Balle Goody&rsquo;s est fier d&rsquo;organiser pour la 9\u00e8me fois une course P.R.O. Jeunesse le samedi 10 ao\u00fbt.\u00a0 P.R.O. Jeunesse est un programme communautaire qui aide les enfants et les jeunes de Dieppe et Memramcook \u00e2g\u00e9s de 2 \u00e0 18 ans venant de familles en difficult\u00e9 financi\u00e8re [&hellip;]","og_url":"https:\/\/goodysballhockey.com\/inscription\/course-p-r-o-jeunesse-goodys-2024\/","og_site_name":"Goody's Ball Hockey","article_modified_time":"2025-03-22T09:59:08+00:00","twitter_card":"summary_large_image","twitter_misc":{"Dur\u00e9e de lecture estim\u00e9e":"1 minute"},"schema":{"@context":"https:\/\/schema.org","@graph":[{"@type":"WebPage","@id":"https:\/\/goodysballhockey.com\/inscription\/course-p-r-o-jeunesse-goodys-2024\/","url":"https:\/\/goodysballhockey.com\/inscription\/course-p-r-o-jeunesse-goodys-2024\/","name":"Course P.R.O. Jeunesse Goody's 2024 - Goody's Ball Hockey","isPartOf":{"@id":"https:\/\/goodysballhockey.com\/#website"},"datePublished":"2024-08-09T00:52:17+00:00","dateModified":"2025-03-22T09:59:08+00:00","breadcrumb":{"@id":"https:\/\/goodysballhockey.com\/inscription\/course-p-r-o-jeunesse-goodys-2024\/#breadcrumb"},"inLanguage":"fr-FR","potentialAction":[{"@type":"ReadAction","target":["https:\/\/goodysballhockey.com\/inscription\/course-p-r-o-jeunesse-goodys-2024\/"]}]},{"@type":"BreadcrumbList","@id":"https:\/\/goodysballhockey.com\/inscription\/course-p-r-o-jeunesse-goodys-2024\/#breadcrumb","itemListElement":[{"@type":"ListItem","position":1,"name":"Accueil","item":"https:\/\/goodysballhockey.com\/"},{"@type":"ListItem","position":2,"name":"INSCRIPTION &#8211; 2025","item":"https:\/\/goodysballhockey.com\/inscription\/"},{"@type":"ListItem","position":3,"name":"Course P.R.O. Jeunesse Goody&#8217;s 2024"}]},{"@type":"WebSite","@id":"https:\/\/goodysballhockey.com\/#website","url":"https:\/\/goodysballhockey.com\/","name":"Goody's Ball Hockey","description":"Un site utilisant Les sites de Shark M\u00e9dia & Sport, template Slapshot","potentialAction":[{"@type":"SearchAction","target":{"@type":"EntryPoint","urlTemplate":"https:\/\/goodysballhockey.com\/?s={search_term_string}"},"query-input":{"@type":"PropertyValueSpecification","valueRequired":true,"valueName":"search_term_string"}}],"inLanguage":"fr-FR"}]}},"_links":{"self":[{"href":"https:\/\/goodysballhockey.com\/fr\/wp-json\/wp\/v2\/pages\/14797","targetHints":{"allow":["GET"]}}],"collection":[{"href":"https:\/\/goodysballhockey.com\/fr\/wp-json\/wp\/v2\/pages"}],"about":[{"href":"https:\/\/goodysballhockey.com\/fr\/wp-json\/wp\/v2\/types\/page"}],"author":[{"embeddable":true,"href":"https:\/\/goodysballhockey.com\/fr\/wp-json\/wp\/v2\/users\/380"}],"replies":[{"embeddable":true,"href":"https:\/\/goodysballhockey.com\/fr\/wp-json\/wp\/v2\/comments?post=14797"}],"version-history":[{"count":7,"href":"https:\/\/goodysballhockey.com\/fr\/wp-json\/wp\/v2\/pages\/14797\/revisions"}],"predecessor-version":[{"id":15025,"href":"https:\/\/goodysballhockey.com\/fr\/wp-json\/wp\/v2\/pages\/14797\/revisions\/15025"}],"wp:attachment":[{"href":"https:\/\/goodysballhockey.com\/fr\/wp-json\/wp\/v2\/media?parent=14797"}],"curies":[{"name":"wp","href":"https:\/\/api.w.org\/{rel}","templated":true}]}}