{"id":10257,"date":"2023-04-04T23:25:25","date_gmt":"2023-04-05T03:25:25","guid":{"rendered":"https:\/\/goodysballhockey.com\/?page_id=10257"},"modified":"2026-01-25T19:14:05","modified_gmt":"2026-01-26T00:14:05","slug":"ligue-adulte-junior","status":"publish","type":"page","link":"https:\/\/goodysballhockey.com\/fr\/inscription\/ligue-adulte-junior\/","title":{"rendered":"INSCRIPTION &#8211; Ligue Adulte\/Junior 2026"},"content":{"rendered":"<p><span style=\"text-decoration: underline;font-family: verdana, geneva, sans-serif;font-size: 12pt;color: #ff9900\"><strong>INFORMATION SUR LIGUE D&rsquo;ADULTES\/JUNIORS 2026<\/strong><\/span><\/p>\n<p><span style=\"font-family: verdana, geneva, sans-serif;font-size: 12pt\"><strong>Pour vous inscrire: <\/strong>Appuyer <a href=\"https:\/\/docs.google.com\/forms\/d\/1vywJT4jTSqqQ9F3nL9nYKFKXUWQVO4kO1HUpVsN3bwA\/viewform\"><strong>ICI<\/strong><\/a><\/span><\/p>\n<p><span style=\"font-family: verdana, geneva, sans-serif;font-size: 12pt\"><strong>P\u00e9riode d&rsquo;inscription:<\/strong> 1 f<span style=\"font-family: verdana, geneva, sans-serif\">\u00e9<\/span>vrier au 31 mars 2026.\u00a0<\/span><\/p>\n<p><span style=\"font-family: verdana, geneva, sans-serif;font-size: 12pt\"><strong>Ligue commence: <\/strong>\u00a0D<span style=\"font-family: verdana, geneva, sans-serif\">\u00e9<\/span>but juin (10 semaines).\u00a0<\/span><\/p>\n<p><span style=\"font-family: verdana, geneva, sans-serif\"><strong>Locations: <\/strong><\/span><span style=\"font-family: verdana, geneva, sans-serif\">L&rsquo;Ar\u00e9na Arthur-J-Leblanc (patinoire olympique): 432 rue Melanson, Dieppe, N.-B. E1A 1A6<\/span><\/p>\n<p><span style=\"font-family: verdana, geneva, sans-serif;font-size: 12pt\"><strong>Aper\u00e7u<\/strong><\/span><\/p>\n<table style=\"border-collapse: collapse;width: 100%\">\n<tbody>\n<tr>\n<td style=\"width: 26.6667%;text-align: center\" data-celllook=\"69905\"><span style=\"font-size: 14pt\"><strong><span style=\"font-family: verdana, geneva, sans-serif\">Niveaux \/\/ ann\u00e9es de naissance<\/span><\/strong><\/span><\/td>\n<td style=\"width: 30.5556%;text-align: center\" data-celllook=\"69905\"><span style=\"font-size: 14pt\"><strong><span style=\"font-family: verdana, geneva, sans-serif\">Journ\u00e9es et heures r\u00e9guli\u00e8res des sessions\u00a0<\/span><\/strong><\/span><\/td>\n<td style=\"width: 25.5556%;text-align: center\" data-celllook=\"69905\"><span style=\"font-size: 14pt\"><strong><span style=\"font-family: verdana, geneva, sans-serif\">Nombre de sessions\u00a0<\/span><\/strong><\/span><\/td>\n<td style=\"width: 17.2222%;text-align: center\" data-celllook=\"69905\"><span style=\"font-size: 14pt\"><strong><span style=\"font-family: verdana, geneva, sans-serif\">Prix ** pour inscription d&rsquo;\u00e9quipe<\/span><\/strong><\/span><\/td>\n<\/tr>\n<tr style=\"height: 74px\">\n<td style=\"width: 26.6667%;text-align: center;height: 74px\"><span style=\"font-family: verdana, geneva, sans-serif;font-size: 12pt\">\u00a0Hommes A (2009+)<\/span><\/td>\n<td style=\"width: 30.5556%;text-align: center;height: 74px\"><span style=\"font-family: verdana, geneva, sans-serif;font-size: 12pt\">Mardi ou Jeudi (19h30)<\/span><\/td>\n<td style=\"width: 25.5556%;text-align: center;height: 74px\"><span style=\"font-family: verdana, geneva, sans-serif;font-size: 12pt\">10 + s\u00e9ries<\/span><\/td>\n<td style=\"width: 17.2222%;text-align: center;height: 74px\"><span style=\"font-family: verdana, geneva, sans-serif;font-size: 12pt\">$1,350<\/span><\/td>\n<\/tr>\n<tr style=\"height: 74px\">\n<td style=\"width: 26.6667%;text-align: center;height: 74px\"><span style=\"font-family: verdana, geneva, sans-serif;font-size: 12pt\">\u00a0Hommes B (2009+)<\/span><\/td>\n<td style=\"width: 30.5556%;text-align: center;height: 74px\"><span style=\"font-family: verdana, geneva, sans-serif;font-size: 12pt\">Mardi (18h30 ou 19h30)<\/span><\/td>\n<td style=\"width: 25.5556%;text-align: center;height: 74px\"><span style=\"font-family: verdana, geneva, sans-serif;font-size: 12pt\">10 + s\u00e9ries<\/span><\/td>\n<td style=\"width: 17.2222%;text-align: center;height: 74px\"><span style=\"font-family: verdana, geneva, sans-serif;font-size: 12pt\">$1,350 <\/span><\/td>\n<\/tr>\n<tr style=\"height: 74px\">\n<td style=\"width: 26.6667%;text-align: center;height: 74px\"><span style=\"font-family: verdana, geneva, sans-serif;font-size: 12pt\">\u00a0Hommes D (2009+)<\/span><\/td>\n<td style=\"width: 30.5556%;text-align: center;height: 74px\"><span style=\"font-family: verdana, geneva, sans-serif;font-size: 12pt\">Mardi (20h30)<\/span><\/td>\n<td style=\"width: 25.5556%;text-align: center;height: 74px\"><span style=\"font-family: verdana, geneva, sans-serif;font-size: 12pt\">10 + s\u00e9ries<\/span><\/td>\n<td style=\"width: 17.2222%;text-align: center;height: 74px\"><span style=\"font-family: verdana, geneva, sans-serif;font-size: 12pt\">$1,350 <\/span><\/td>\n<\/tr>\n<tr style=\"height: 24px\">\n<td style=\"width: 26.6667%;text-align: center;height: 24px\"><span style=\"font-family: verdana, geneva, sans-serif;font-size: 12pt\">\u00a0Femmes A (2010+)<\/span><\/td>\n<td style=\"width: 30.5556%;text-align: center;height: 24px\"><span style=\"font-family: verdana, geneva, sans-serif;font-size: 12pt\">Mercredi (20h30)<\/span><\/td>\n<td style=\"width: 25.5556%;text-align: center;height: 24px\"><span style=\"font-family: verdana, geneva, sans-serif;font-size: 12pt\">10 + s\u00e9ries<\/span><\/td>\n<td style=\"width: 17.2222%;text-align: center;height: 24px\"><span style=\"font-family: verdana, geneva, sans-serif;font-size: 12pt\">$1,350<\/span><\/td>\n<\/tr>\n<tr style=\"height: 24px\">\n<td style=\"width: 26.6667%;text-align: center;height: 24px\"><span style=\"font-family: verdana, geneva, sans-serif;font-size: 12pt\">\u00a0Femmes B (2010+)<\/span><\/td>\n<td style=\"width: 30.5556%;text-align: center;height: 24px\"><span style=\"font-family: verdana, geneva, sans-serif;font-size: 12pt\">Jeudi (20h30)<\/span><\/td>\n<td style=\"width: 25.5556%;text-align: center;height: 24px\"><span style=\"font-family: verdana, geneva, sans-serif;font-size: 12pt\">10 + s\u00e9ries<\/span><\/td>\n<td style=\"width: 17.2222%;text-align: center;height: 24px\"><span style=\"font-family: verdana, geneva, sans-serif;font-size: 12pt\">$1,350<\/span><\/td>\n<\/tr>\n<\/tbody>\n<\/table>\n<p><span style=\"font-family: verdana, geneva, sans-serif\">* Changement possible.<\/span><\/p>\n<p><span style=\"font-family: verdana, geneva, sans-serif\">** Taxes incluses dans le prix. <\/span><\/p>\n<p><span style=\"font-family: verdana, geneva, sans-serif;font-size: 12pt\">Le prix pour l&rsquo;inscription d\u2019\u00e9quipe est $1,350 (nouveaux joueurs\/euses &#8211; cout extra pour t-shirt). Le capitaine d\u2019\u00e9quipe doit communiquer directement nous par courriel au: <span style=\"text-decoration: underline\">info@goodysballhockey.com<\/span> pour les directives.\u00a0<\/span><\/p>\n<p><span style=\"font-family: verdana, geneva, sans-serif;font-size: 12pt\"><strong>M\u00e9thode de paiement: <\/strong><\/span><\/p>\n<p><span style=\"font-family: verdana, geneva, sans-serif;font-size: 12pt\">Capitaine d\u2019\u00e9quipe doit envoyer un virement interac pour le frais d\u2019\u00e9quipe au <span style=\"text-decoration: underline\">GBHpayment@gmail.com<\/span> &#8211; Dans les d\u00e9tails du virement, indiquer le nom du capitaine et votre num\u00e9ro de t\u00e9l\u00e9phone.<\/span><\/p>\n<p><span style=\"font-family: verdana, geneva, sans-serif;font-size: 12pt\"><strong>Questions? <\/strong>Cliquez <strong><a href=\"https:\/\/goodysballhockey.com\/faq\/\">ICI<\/a><\/strong> pour visiter notre page FAQ ou envoyez-nous un courriel \u00e0 <span style=\"text-decoration: underline\">info@goodysballhockey.com<\/span><\/span><\/p>\n<p>&nbsp;<\/p>\n","protected":false},"excerpt":{"rendered":"<p>INFORMATION SUR LIGUE D&rsquo;ADULTES\/JUNIORS 2026 Pour vous inscrire: Appuyer ICI P\u00e9riode d&rsquo;inscription: 1 f\u00e9vrier au 31 mars 2026.\u00a0 Ligue commence: \u00a0D\u00e9but juin (10 semaines).\u00a0 Locations: L&rsquo;Ar\u00e9na Arthur-J-Leblanc (patinoire olympique): 432 rue Melanson, Dieppe, N.-B. E1A 1A6 Aper\u00e7u Niveaux \/\/ ann\u00e9es de naissance Journ\u00e9es et heures r\u00e9guli\u00e8res des sessions\u00a0 Nombre de sessions\u00a0 Prix ** pour inscription [&hellip;]<\/p>\n","protected":false},"author":380,"featured_media":0,"parent":2616,"menu_order":3,"comment_status":"closed","ping_status":"closed","template":"","meta":{"_acf_changed":false,"footnotes":""},"class_list":["post-10257","page","type-page","status-publish","hentry"],"acf":[],"yoast_head":"<!-- This site is optimized with the Yoast SEO plugin v25.7 - https:\/\/yoast.com\/wordpress\/plugins\/seo\/ -->\n<title>INSCRIPTION - Ligue Adulte\/Junior 2026 - Goody&#039;s Ball Hockey<\/title>\n<meta name=\"robots\" content=\"index, follow, max-snippet:-1, max-image-preview:large, max-video-preview:-1\" \/>\n<link rel=\"canonical\" href=\"https:\/\/goodysballhockey.com\/fr\/inscription\/ligue-adulte-junior\/\" \/>\n<meta property=\"og:locale\" content=\"fr_FR\" \/>\n<meta property=\"og:type\" content=\"article\" \/>\n<meta property=\"og:title\" content=\"INSCRIPTION - Ligue Adulte\/Junior 2026 - Goody&#039;s Ball Hockey\" \/>\n<meta property=\"og:description\" content=\"INFORMATION SUR LIGUE D&rsquo;ADULTES\/JUNIORS 2026 Pour vous inscrire: Appuyer ICI P\u00e9riode d&rsquo;inscription: 1 f\u00e9vrier au 31 mars 2026.\u00a0 Ligue commence: \u00a0D\u00e9but juin (10 semaines).\u00a0 Locations: L&rsquo;Ar\u00e9na Arthur-J-Leblanc (patinoire olympique): 432 rue Melanson, Dieppe, N.-B. E1A 1A6 Aper\u00e7u Niveaux \/\/ ann\u00e9es de naissance Journ\u00e9es et heures r\u00e9guli\u00e8res des sessions\u00a0 Nombre de sessions\u00a0 Prix ** pour inscription [&hellip;]\" \/>\n<meta property=\"og:url\" content=\"https:\/\/goodysballhockey.com\/fr\/inscription\/ligue-adulte-junior\/\" \/>\n<meta property=\"og:site_name\" content=\"Goody&#039;s Ball Hockey\" \/>\n<meta property=\"article:modified_time\" content=\"2026-01-26T00:14:05+00:00\" \/>\n<meta name=\"twitter:card\" content=\"summary_large_image\" \/>\n<meta name=\"twitter:label1\" content=\"Dur\u00e9e de lecture estim\u00e9e\" \/>\n\t<meta name=\"twitter:data1\" content=\"1 minute\" \/>\n<script type=\"application\/ld+json\" class=\"yoast-schema-graph\">{\"@context\":\"https:\/\/schema.org\",\"@graph\":[{\"@type\":\"WebPage\",\"@id\":\"https:\/\/goodysballhockey.com\/fr\/inscription\/ligue-adulte-junior\/\",\"url\":\"https:\/\/goodysballhockey.com\/fr\/inscription\/ligue-adulte-junior\/\",\"name\":\"INSCRIPTION - Ligue Adulte\/Junior 2026 - Goody's Ball Hockey\",\"isPartOf\":{\"@id\":\"https:\/\/goodysballhockey.com\/#website\"},\"datePublished\":\"2023-04-05T03:25:25+00:00\",\"dateModified\":\"2026-01-26T00:14:05+00:00\",\"breadcrumb\":{\"@id\":\"https:\/\/goodysballhockey.com\/fr\/inscription\/ligue-adulte-junior\/#breadcrumb\"},\"inLanguage\":\"fr-FR\",\"potentialAction\":[{\"@type\":\"ReadAction\",\"target\":[\"https:\/\/goodysballhockey.com\/fr\/inscription\/ligue-adulte-junior\/\"]}]},{\"@type\":\"BreadcrumbList\",\"@id\":\"https:\/\/goodysballhockey.com\/fr\/inscription\/ligue-adulte-junior\/#breadcrumb\",\"itemListElement\":[{\"@type\":\"ListItem\",\"position\":1,\"name\":\"Accueil\",\"item\":\"https:\/\/goodysballhockey.com\/\"},{\"@type\":\"ListItem\",\"position\":2,\"name\":\"INSCRIPTION &#8211; 2025\",\"item\":\"https:\/\/goodysballhockey.com\/inscription\/\"},{\"@type\":\"ListItem\",\"position\":3,\"name\":\"INSCRIPTION &#8211; Ligue Adulte\/Junior 2026\"}]},{\"@type\":\"WebSite\",\"@id\":\"https:\/\/goodysballhockey.com\/#website\",\"url\":\"https:\/\/goodysballhockey.com\/\",\"name\":\"Goody's Ball Hockey\",\"description\":\"Un site utilisant Les sites de Shark M\u00e9dia & Sport, template Slapshot\",\"potentialAction\":[{\"@type\":\"SearchAction\",\"target\":{\"@type\":\"EntryPoint\",\"urlTemplate\":\"https:\/\/goodysballhockey.com\/?s={search_term_string}\"},\"query-input\":{\"@type\":\"PropertyValueSpecification\",\"valueRequired\":true,\"valueName\":\"search_term_string\"}}],\"inLanguage\":\"fr-FR\"}]}<\/script>\n<!-- \/ Yoast SEO plugin. -->","yoast_head_json":{"title":"INSCRIPTION - Ligue Adulte\/Junior 2026 - Goody's Ball Hockey","robots":{"index":"index","follow":"follow","max-snippet":"max-snippet:-1","max-image-preview":"max-image-preview:large","max-video-preview":"max-video-preview:-1"},"canonical":"https:\/\/goodysballhockey.com\/fr\/inscription\/ligue-adulte-junior\/","og_locale":"fr_FR","og_type":"article","og_title":"INSCRIPTION - Ligue Adulte\/Junior 2026 - Goody's Ball Hockey","og_description":"INFORMATION SUR LIGUE D&rsquo;ADULTES\/JUNIORS 2026 Pour vous inscrire: Appuyer ICI P\u00e9riode d&rsquo;inscription: 1 f\u00e9vrier au 31 mars 2026.\u00a0 Ligue commence: \u00a0D\u00e9but juin (10 semaines).\u00a0 Locations: L&rsquo;Ar\u00e9na Arthur-J-Leblanc (patinoire olympique): 432 rue Melanson, Dieppe, N.-B. E1A 1A6 Aper\u00e7u Niveaux \/\/ ann\u00e9es de naissance Journ\u00e9es et heures r\u00e9guli\u00e8res des sessions\u00a0 Nombre de sessions\u00a0 Prix ** pour inscription [&hellip;]","og_url":"https:\/\/goodysballhockey.com\/fr\/inscription\/ligue-adulte-junior\/","og_site_name":"Goody's Ball Hockey","article_modified_time":"2026-01-26T00:14:05+00:00","twitter_card":"summary_large_image","twitter_misc":{"Dur\u00e9e de lecture estim\u00e9e":"1 minute"},"schema":{"@context":"https:\/\/schema.org","@graph":[{"@type":"WebPage","@id":"https:\/\/goodysballhockey.com\/fr\/inscription\/ligue-adulte-junior\/","url":"https:\/\/goodysballhockey.com\/fr\/inscription\/ligue-adulte-junior\/","name":"INSCRIPTION - Ligue Adulte\/Junior 2026 - Goody's Ball Hockey","isPartOf":{"@id":"https:\/\/goodysballhockey.com\/#website"},"datePublished":"2023-04-05T03:25:25+00:00","dateModified":"2026-01-26T00:14:05+00:00","breadcrumb":{"@id":"https:\/\/goodysballhockey.com\/fr\/inscription\/ligue-adulte-junior\/#breadcrumb"},"inLanguage":"fr-FR","potentialAction":[{"@type":"ReadAction","target":["https:\/\/goodysballhockey.com\/fr\/inscription\/ligue-adulte-junior\/"]}]},{"@type":"BreadcrumbList","@id":"https:\/\/goodysballhockey.com\/fr\/inscription\/ligue-adulte-junior\/#breadcrumb","itemListElement":[{"@type":"ListItem","position":1,"name":"Accueil","item":"https:\/\/goodysballhockey.com\/"},{"@type":"ListItem","position":2,"name":"INSCRIPTION &#8211; 2025","item":"https:\/\/goodysballhockey.com\/inscription\/"},{"@type":"ListItem","position":3,"name":"INSCRIPTION &#8211; Ligue Adulte\/Junior 2026"}]},{"@type":"WebSite","@id":"https:\/\/goodysballhockey.com\/#website","url":"https:\/\/goodysballhockey.com\/","name":"Goody's Ball Hockey","description":"Un site utilisant Les sites de Shark M\u00e9dia & Sport, template Slapshot","potentialAction":[{"@type":"SearchAction","target":{"@type":"EntryPoint","urlTemplate":"https:\/\/goodysballhockey.com\/?s={search_term_string}"},"query-input":{"@type":"PropertyValueSpecification","valueRequired":true,"valueName":"search_term_string"}}],"inLanguage":"fr-FR"}]}},"_links":{"self":[{"href":"https:\/\/goodysballhockey.com\/fr\/wp-json\/wp\/v2\/pages\/10257","targetHints":{"allow":["GET"]}}],"collection":[{"href":"https:\/\/goodysballhockey.com\/fr\/wp-json\/wp\/v2\/pages"}],"about":[{"href":"https:\/\/goodysballhockey.com\/fr\/wp-json\/wp\/v2\/types\/page"}],"author":[{"embeddable":true,"href":"https:\/\/goodysballhockey.com\/fr\/wp-json\/wp\/v2\/users\/380"}],"replies":[{"embeddable":true,"href":"https:\/\/goodysballhockey.com\/fr\/wp-json\/wp\/v2\/comments?post=10257"}],"version-history":[{"count":68,"href":"https:\/\/goodysballhockey.com\/fr\/wp-json\/wp\/v2\/pages\/10257\/revisions"}],"predecessor-version":[{"id":18386,"href":"https:\/\/goodysballhockey.com\/fr\/wp-json\/wp\/v2\/pages\/10257\/revisions\/18386"}],"up":[{"embeddable":true,"href":"https:\/\/goodysballhockey.com\/fr\/wp-json\/wp\/v2\/pages\/2616"}],"wp:attachment":[{"href":"https:\/\/goodysballhockey.com\/fr\/wp-json\/wp\/v2\/media?parent=10257"}],"curies":[{"name":"wp","href":"https:\/\/api.w.org\/{rel}","templated":true}]}}